{"id":6263,"date":"2023-12-02T16:40:11","date_gmt":"2023-12-02T16:40:11","guid":{"rendered":"https:\/\/ai-xtech.eu\/?post_type=product&#038;p=6263"},"modified":"2026-04-08T11:59:50","modified_gmt":"2026-04-08T10:59:50","slug":"zenpeak-modulator-egyeni-matrixxal","status":"publish","type":"product","link":"https:\/\/ai-xtech.eu\/es\/producto\/zenpeak-modulator-egyeni-matrixxal\/","title":{"rendered":"Modulador gen\u00e9tico de ondas ZenPeak (con todas las matrices de Garjayev)"},"content":{"rendered":"<p><strong>\u00a1Tiempo de env\u00edo: 2 meses!<br \/>\n<\/strong><\/p>\n<ul>\n<li data-start=\"1044\" data-end=\"1085\">\n<p data-start=\"1046\" data-end=\"1085\">Configuraci\u00f3n del sistema personal en 60 minutos<\/p>\n<\/li>\n<li data-start=\"1086\" data-end=\"1115\">\n<p data-start=\"1088\" data-end=\"1115\">Control de seguimiento de 30 d\u00edas<\/p>\n<\/li>\n<li data-start=\"1116\" data-end=\"1140\">\n<p data-start=\"1118\" data-end=\"1140\">protocolo estructurado<\/p>\n<\/li>\n<li data-start=\"1141\" data-end=\"1170\">\n<p data-start=\"1143\" data-end=\"1170\">\u201eestatus de &quot;socio de investigaci\u00f3n&quot;<\/p>\n<\/li>\n<\/ul>\n<p><strong>\u00a0<\/strong><\/p>\n<p>\u00a1Modulador gen\u00e9tico de ondas ZenPeak con todas las matrices gen\u00e9ticas de ondas Garjaev originales!<\/p>\n<p>21 problemas de salud!<\/p>\n<p class=\" translation-block\">&quot;Durante los siglos pasados, la enfermedad y su cura se separaron del paciente y se volvieron cada vez m\u00e1s impersonales, adem\u00e1s, se orient\u00f3 fuertemente hacia el uso de sustancias qu\u00edmicas. De esta manera, la gente se volvi\u00f3 cada vez m\u00e1s sola y desesperada en medio de sus enfermedades y dolores.<br> Desde los inicios de la cultura, el paciente siempre ha sido visto y tratado junto con su enfermedad y su entorno.<\/p>\n<p>El escritor, poeta y acad\u00e9mico franc\u00e9s Paul Claudel llama a los pacientes &quot;invitados a la atenci\u00f3n&quot;.<\/p>\n<p>Entre los cient\u00edficos que trabajan para hacer la vida humana m\u00e1s bella y mejor, muchos de ellos hicieron descubrimientos cuya aplicaci\u00f3n alivi\u00f3 a la persona que sufr\u00eda con la ayuda de personas curativas. Entre los primeros inventores se encontraba Nikola Tesla, con cuyos inventos Pyotr Garjayev cre\u00f3 la ciencia de la gen\u00e9tica ondulatoria combinando varios campos de la ciencia y con la ayuda de la f\u00edsica cu\u00e1ntica. Paralelamente, Alexander Misin cre\u00f3 un dispositivo dise\u00f1ado para optimizar los cambios f\u00edsicos y qu\u00edmicos del cuerpo humano. Despu\u00e9s de que el profesor Garjajev se familiarizara con el funcionamiento del dispositivo, combin\u00f3 sus propios conocimientos para perfeccionarlo y hacerlo m\u00e1s eficaz, creando as\u00ed un nuevo y revolucionario dispositivo que sit\u00faa la curaci\u00f3n sobre una base diferente a los m\u00e9todos anteriores.<\/p>\n<p>Finalmente, con esta herramienta podemos abrir una nueva era, ya que el mundo entero debe atravesar la era oscura de la medicina y la enfermedad.<\/p>\n<p>El XXI. El hombre del siglo XXI ha llegado a una encrucijada y se enfrenta a un dilema. Como consumidor ciego, hace depender su existencia futura del inexorable desarrollo de nuevas tecnolog\u00edas y del mayor uso de bienes materiales, o encuentra el camino que conduce a la responsabilidad espiritual y espiritual, as\u00ed como a un comportamiento consciente de la salud que pueda superar sus enfermedades y consolidar su bienestar y existencia individual.<\/p>\n<p>Estar sano no significa s\u00f3lo no estar enfermo. Como personas sanas, nos sentimos maravillosos.<\/p>\n<p>La salud es como cuando recordamos los momentos felices de nuestra infancia y creemos que nos esperan muchas m\u00e1s experiencias similares&quot;<\/p>\n<p class=\" translation-block\"><em><strong>L\u00e1szl\u00f3 Lehoczki<\/strong><\/em><br> editor-director de televisi\u00f3n<br> editor en jefe fundador del Departamento Editorial Religioso de Duna Television<br> el caballero de la cultura h\u00fangara<\/p>\n<p>(con las matrices que se muestran en la lista)<\/p>\n<p>No. 1 &quot;Correcci\u00f3n del sistema inmunol\u00f3gico&quot;. 21 metros. 2 chelines.<br \/>\nNo. 2 &quot;Correcci\u00f3n del sistema esquel\u00e9tico&quot;. 1 hora. 36 metros.<br \/>\nNo. 3 &quot;Correcci\u00f3n del sistema cardiovascular&quot;. 1 hora. 59 metros.<br \/>\nNo. 4 \u201cCorrecci\u00f3n de alteraciones del sistema nervioso\u201d 2h. 22 metros.<br \/>\nNo. 5 &quot;Programa contra el c\u00e1ncer&quot;. 1 hora. 9 metros<br \/>\nNo. 6 &quot;Correcci\u00f3n del metabolismo general y del sistema digestivo&quot;. 1 hora. 55 metros.<br \/>\nNo. 7 &quot;Antienvejecimiento&quot;. 2 horas. 2 metros<br \/>\nNo. 8 &quot;L\u00ednea masculina&quot;. 1 hora. 38 metros.<br \/>\nNo. 9 &quot;L\u00ednea Mujer&quot;. 1 hora. 18 metros.<br \/>\nNo. 10 &quot;Apoyo futuro&quot;. 1 hora. 16 metros.<br \/>\nNo. 11 &quot;Recuperaci\u00f3n de la organizaci\u00f3n despu\u00e9s de 40-50 a\u00f1os&quot;. 1 hora. 0 metros<br \/>\nNo. 12 &quot;Programa antiparasitario&quot;. 1 hora. 50 metros.<br \/>\nNo. 13 &quot;Figura delgada&quot;. 34 metros. 2 chelines.<br \/>\nNo. 14 &quot;Contra las alergias&quot;. 29 metros. 2 chelines.<br \/>\nNo. 15 &quot;Juventud y salud de la piel&quot;. 1 hora. 45 metros.<br \/>\nNo. 16 \u201cInmunidad a las ondas antivirales\u201d. 58 metros. 54s.<br \/>\nNo. 17 &quot;Contra el tabaquismo&quot;. 21 metros. 0s.<br \/>\nNo. 18 &quot;Normalizaci\u00f3n del sistema urinario&quot; 1 hora. 56 metros.<br \/>\nNo. 19 &quot;Restauraci\u00f3n del cuerpo despu\u00e9s de 70 a\u00f1os&quot; 1 hora. 38 metros.<br \/>\nNo. 20 \u201cContra la adicci\u00f3n al alcohol\u201d 1h. 5 metros<br \/>\nNo. 21 &quot;Limpieza del cuerpo&quot; 30m. 2 chelines.<\/p>\n<p>Manual de usuario ENG<\/p>\n<div class=\"ast-oembed-container\" style=\"height: 100%;\"><iframe title=\"Modulador ZenPeak Wavegenetics, gu\u00eda de usuario con efecto curativo de negentrop\u00eda.\" width=\"500\" height=\"281\" src=\"https:\/\/www.youtube.com\/embed\/ccemXKrgNBc?feature=oembed\" frameborder=\"0\" allow=\"accelerometer; autoplay; clipboard-write; encrypted-media; gyroscope; picture-in-picture; web-share\" referrerpolicy=\"strict-origin-when-cross-origin\" allowfullscreen><\/iframe><\/div>\n<p>Manual de usuario \u2013 INGL\u00c9S<\/p>\n<div class=\"ast-oembed-container\" style=\"height: 100%;\"><iframe title=\"ZenPeak hull\u00e1mgenetikai modul\u00e1tor - Teljes \u00datmutat\u00f3 @lifacademy\" width=\"500\" height=\"281\" src=\"https:\/\/www.youtube.com\/embed\/p8MpDbPm7UY?feature=oembed\" frameborder=\"0\" allow=\"accelerometer; autoplay; clipboard-write; encrypted-media; gyroscope; picture-in-picture; web-share\" referrerpolicy=\"strict-origin-when-cross-origin\" allowfullscreen><\/iframe><\/div>","protected":false},"excerpt":{"rendered":"<p>Post\u00e1z\u00e1si id\u00f5 2 h\u00f3nap! 60 perces szem\u00e9lyes rendszer-be\u00e1ll\u00edt\u00e1s 30 napos follow-up check-in struktur\u00e1lt protokoll \u201eresearch partner\u201d st\u00e1tusz \u00a0 ZenPeak hull\u00e1mgenetikai modul\u00e1tor az \u00f6sszes eredeti Garjajev hull\u00e1mgenetikai m\u00e1trixxal! 21 eg\u00e9szs\u00e9g\u00fcgyi probl\u00e9m\u00e1ra! \u201cA betegs\u00e9g, \u00e9s annak gy\u00f3gy\u00edt\u00e1sa az elm\u00falt sz\u00e1zadok sor\u00e1n elszakadt a p\u00e1cienst\u0151l \u00e9s egyre szem\u00e9lytelenebb\u00e9 v\u00e1lt, r\u00e1ad\u00e1sul er\u0151sen eltol\u00f3dott a k\u00e9miai anyagok alkalmaz\u00e1sa fel\u00e9. \u00cdgy [&hellip;]<\/p>\n","protected":false},"featured_media":6825,"comment_status":"closed","ping_status":"closed","template":"","meta":{"_angie_page":false,"site-sidebar-layout":"default","site-content-layout":"","ast-site-content-layout":"default","site-content-style":"default","site-sidebar-style":"default","ast-global-header-display":"","ast-banner-title-visibility":"","ast-main-header-display":"","ast-hfb-above-header-display":"","ast-hfb-below-header-display":"","ast-hfb-mobile-header-display":"","site-post-title":"","ast-breadcrumbs-content":"","ast-featured-img":"","footer-sml-layout":"","ast-disable-related-posts":"","theme-transparent-header-meta":"default","adv-header-id-meta":"","stick-header-meta":"","header-above-stick-meta":"","header-main-stick-meta":"","header-below-stick-meta":"","astra-migrate-meta-layouts":"set","ast-page-background-enabled":"default","ast-page-background-meta":{"desktop":{"background-color":"","background-image":"","background-repeat":"repeat","background-position":"center center","background-size":"auto","background-attachment":"scroll","background-type":"","background-media":"","overlay-type":"","overlay-color":"","overlay-opacity":"","overlay-gradient":""},"tablet":{"background-color":"","background-image":"","background-repeat":"repeat","background-position":"center center","background-size":"auto","background-attachment":"scroll","background-type":"","background-media":"","overlay-type":"","overlay-color":"","overlay-opacity":"","overlay-gradient":""},"mobile":{"background-color":"","background-image":"","background-repeat":"repeat","background-position":"center center","background-size":"auto","background-attachment":"scroll","background-type":"","background-media":"","overlay-type":"","overlay-color":"","overlay-opacity":"","overlay-gradient":""}},"ast-content-background-meta":{"desktop":{"background-color":"var(--ast-global-color-5)","background-image":"","background-repeat":"repeat","background-position":"center center","background-size":"auto","background-attachment":"scroll","background-type":"","background-media":"","overlay-type":"","overlay-color":"","overlay-opacity":"","overlay-gradient":""},"tablet":{"background-color":"var(--ast-global-color-5)","background-image":"","background-repeat":"repeat","background-position":"center center","background-size":"auto","background-attachment":"scroll","background-type":"","background-media":"","overlay-type":"","overlay-color":"","overlay-opacity":"","overlay-gradient":""},"mobile":{"background-color":"var(--ast-global-color-5)","background-image":"","background-repeat":"repeat","background-position":"center center","background-size":"auto","background-attachment":"scroll","background-type":"","background-media":"","overlay-type":"","overlay-color":"","overlay-opacity":"","overlay-gradient":""}}},"product_brand":[],"product_cat":[22],"product_tag":[71],"class_list":{"0":"post-6263","1":"product","2":"type-product","3":"status-publish","4":"has-post-thumbnail","6":"product_cat-hullamgenetikai-megoldasok","7":"product_tag-zenpeak","8":"product_shipping_class-free","9":"desktop-align-left","10":"tablet-align-left","11":"mobile-align-left","13":"first","14":"instock","15":"sale","16":"taxable","17":"shipping-taxable","18":"purchasable","19":"product-type-simple"},"_links":{"self":[{"href":"https:\/\/ai-xtech.eu\/es\/wp-json\/wp\/v2\/product\/6263","targetHints":{"allow":["GET"]}}],"collection":[{"href":"https:\/\/ai-xtech.eu\/es\/wp-json\/wp\/v2\/product"}],"about":[{"href":"https:\/\/ai-xtech.eu\/es\/wp-json\/wp\/v2\/types\/product"}],"replies":[{"embeddable":true,"href":"https:\/\/ai-xtech.eu\/es\/wp-json\/wp\/v2\/comments?post=6263"}],"version-history":[{"count":17,"href":"https:\/\/ai-xtech.eu\/es\/wp-json\/wp\/v2\/product\/6263\/revisions"}],"predecessor-version":[{"id":8097,"href":"https:\/\/ai-xtech.eu\/es\/wp-json\/wp\/v2\/product\/6263\/revisions\/8097"}],"wp:featuredmedia":[{"embeddable":true,"href":"https:\/\/ai-xtech.eu\/es\/wp-json\/wp\/v2\/media\/6825"}],"wp:attachment":[{"href":"https:\/\/ai-xtech.eu\/es\/wp-json\/wp\/v2\/media?parent=6263"}],"wp:term":[{"taxonomy":"product_brand","embeddable":true,"href":"https:\/\/ai-xtech.eu\/es\/wp-json\/wp\/v2\/product_brand?post=6263"},{"taxonomy":"product_cat","embeddable":true,"href":"https:\/\/ai-xtech.eu\/es\/wp-json\/wp\/v2\/product_cat?post=6263"},{"taxonomy":"product_tag","embeddable":true,"href":"https:\/\/ai-xtech.eu\/es\/wp-json\/wp\/v2\/product_tag?post=6263"}],"curies":[{"name":"gracias","href":"https:\/\/api.w.org\/{rel}","templated":true}]}}