{"id":6099,"date":"2023-08-10T13:38:06","date_gmt":"2023-08-10T13:38:06","guid":{"rendered":"https:\/\/ai-xtech.eu\/?post_type=product&#038;p=6099"},"modified":"2026-04-15T06:55:46","modified_gmt":"2026-04-15T05:55:46","slug":"vernada-geo","status":"publish","type":"product","link":"https:\/\/ai-xtech.eu\/es\/producto\/vernada-geo\/","title":{"rendered":"Vernada Geo 2"},"content":{"rendered":"<h1><strong>\u00a1Tiempo de entrega 5 d\u00edas laborables!<\/strong><\/h1>\n<h1><strong>\u00a1En stock!<\/strong><\/h1>\n<h2>Vernada Geo 2<\/h2>\n<p>VERNADA GEO \u2014 un dispositivo que proporciona protecci\u00f3n confiable y f\u00e1cil de usar contra los efectos negativos del componente torsional (informativo) de la radiaci\u00f3n electromagn\u00e9tica de enrutadores WI-FI, televisores y otros dispositivos electr\u00f3nicos, as\u00ed como zonas geopat\u00f3genas (la Tierra ). ) o zonas tecnopat\u00f3genas (que aparecen, por ejemplo, como resultado del funcionamiento de estaciones base de telefon\u00eda m\u00f3vil) en interiores.<br \/>\n\u00a1PELIGRO! Vernada Geo no interfiere con ning\u00fan dispositivo electr\u00f3nico.<\/p>\n<p>C\u00d3MO UTILIZAR VERNADA GEO<\/p>\n<p>1) El dispositivo debe estar conectado a la red de la casa, oficina u otra habitaci\u00f3n donde trabaje, etc.<\/p>\n<p>Es importante que la alimentaci\u00f3n de red provenga de la misma fase.<br \/>\n2) Despu\u00e9s de conectarse a la red el\u00e9ctrica (la luz verde est\u00e1 encendida), el dispositivo Vernada Geo neutraliza el efecto negativo de la radiaci\u00f3n de los enrutadores WI-FI, as\u00ed como el efecto negativo de las zonas geopat\u00f3genas o tecnopat\u00f3genas en toda la habitaci\u00f3n, por lo que armonizando el espacio de su departamento, hogar u oficina.<\/p>\n<p>&nbsp;<\/p>\n<p>C\u00d3MO FUNCIONA<\/p>\n<p>El dispositivo consta de una caja de pl\u00e1stico que contiene el inversor y el display de red. El dispositivo provoca la inversi\u00f3n del campo de torsi\u00f3n del lado izquierdo de la red conductora de fase al campo de torsi\u00f3n del lado derecho.<\/p>\n<p>&nbsp;<\/p>\n<p>\u00bfPOR QU\u00c9 ES IMPORTANTE UTILIZAR VERNADA GEO?<\/p>\n<p>La exposici\u00f3n prolongada al componente torsional (informativo) de la radiaci\u00f3n del enrutador Wi-Fi, as\u00ed como la estancia prolongada en la zona pat\u00f3gena de la tierra, pueden debilitar el sistema inmunol\u00f3gico, causar dolores de cabeza, fatiga excesiva y exacerbaci\u00f3n de enfermedades cr\u00f3nicas. Vernada Geo neutraliza eficazmente estos efectos nocivos.<\/p>\n<p>El uso continuo de Vernada Geo le permite:<\/p>\n<p>mejora la concentraci\u00f3n;<br \/>\nreduce los dolores de cabeza frecuentes;<br \/>\nmejora el sue\u00f1o;<br \/>\nmejorar la actividad cerebral;<br \/>\nmejorar la salud.<\/p>\n<p>VENTAJAS<\/p>\n<p>1) El dispositivo neutraliza eficazmente los efectos nocivos de la radiaci\u00f3n de lo siguiente:<\/p>\n<p>campos electromagn\u00e9ticos (CEM);<br \/>\nzonas geopatog\u00e9nicas;<br \/>\nRouter de wifi;<br \/>\nConexiones inal\u00e1mbricas;<br \/>\nredes 4G\/5G;<br \/>\nLaptops, PC, tabletas, televisores, tel\u00e9fonos m\u00f3viles, etc.;<br \/>\notros dispositivos electr\u00f3nicos.<br \/>\n2) Vernada Geo protege toda la casa, no s\u00f3lo una habitaci\u00f3n o zona.<\/p>\n<p>3) El dispositivo est\u00e1 cubierto por una garant\u00eda de 3 a\u00f1os a partir de la fecha de compra.<\/p>\n<p>SOBRE LA EMPRESA<br \/>\nSpinor International, LLC se dedica a la investigaci\u00f3n de los efectos de los campos de torsi\u00f3n en la salud humana. Desde 1991 desarrollamos m\u00e9todos para proteger a las personas de los efectos negativos de los campos de torsi\u00f3n.<\/p>","protected":false},"excerpt":{"rendered":"<p>Vernada GEO es un dispositivo especial que tiene como objetivo armonizar los sistemas biol\u00f3gicos del cuerpo. Fue desarrollado espec\u00edficamente para optimizar la relaci\u00f3n entre el entorno geogr\u00e1fico y el cuerpo humano. Esta tecnolog\u00eda se basa en el equilibrio de las frecuencias naturales y las radiaciones terrestres, ayudando al cuerpo humano a adaptarse mejor a los factores nocivos de su entorno.<br \/>\nMatem\u00e1ticas de espinor:\u00a0<a href=\"https:\/\/en.wikipedia.org\/wiki\/Spinor\">https:\/\/en.wikipedia.org\/wiki\/Spinor<\/a><\/p>\n<p>Los principios subyacentes al dispositivo provienen de la f\u00edsica cu\u00e1ntica, la biof\u00edsica y la mec\u00e1nica ondulatoria. Vernada GEO est\u00e1 dise\u00f1ado para detectar los patrones energ\u00e9ticos del medio ambiente y luego equilibrarlos utilizando frecuencias arm\u00f3nicas. Esto puede resultar especialmente \u00fatil en casos en los que el usuario est\u00e1 expuesto durante mucho tiempo a radiaciones artificiales, como ondas generadas por redes WiFi, campos electromagn\u00e9ticos u otros dispositivos tecnol\u00f3gicos.<\/p>\n<p>El dispositivo es f\u00e1cil de usar, port\u00e1til y se puede utilizar en una variedad de entornos, ya sea en el hogar, el trabajo o como protecci\u00f3n de viaje. No s\u00f3lo puede ayudar a reducir el estr\u00e9s, sino tambi\u00e9n mejorar la calidad del sue\u00f1o y restablecer el bienestar general. Vernada GEO ofrece diferentes programas que brindan soluciones personalizadas para las necesidades individuales, apoyando as\u00ed verdaderamente la armon\u00eda y la salud personal.<\/p>\n<p>En general, Vernada GEO es una herramienta innovadora que trabaja para restaurar la armon\u00eda entre las energ\u00edas naturales y la biolog\u00eda humana, ayudando a aliviar el estr\u00e9s y los efectos nocivos que se experimentan en el mundo moderno. Esta tecnolog\u00eda es una de las herramientas prometedoras de la medicina del futuro que respalda una vida m\u00e1s sana y equilibrada.<\/p>\n<p>Nuestras matrices gen\u00e9ticas de ondas:\u00a0<a href=\"https:\/\/ai-xtech.eu\/termek\/garyaev-hullamgenetikai-matrixai\/\">https:\/\/ai-xtech.eu\/termek\/garyaev-hullamgenetikai-matrixai\/<\/a><\/p>\n<p>&nbsp;<\/p>\n<p>El enfoque \u00fanico de Vernada GEO radica en el hecho de que no se centra en tratar los s\u00edntomas, sino en restablecer el equilibrio natural entre el cuerpo y el medio ambiente. Esta tecnolog\u00eda no s\u00f3lo proporciona una soluci\u00f3n para el tratamiento de problemas generados por la vida moderna, como el electrosmog, sino que tambi\u00e9n afecta a los sistemas biol\u00f3gicos del cuerpo a un nivel m\u00e1s profundo. El dispositivo ayuda a minimizar el impacto de los factores estresantes ambientales, por lo que los procesos de autorregeneraci\u00f3n del cuerpo tambi\u00e9n pueden volverse m\u00e1s eficientes.<\/p>\n<p>Entre las funciones especiales de Vernada GEO se encuentra la armonizaci\u00f3n de las v\u00edas energ\u00e9ticas, lo que puede contribuir a lograr una mejor distribuci\u00f3n de la energ\u00eda en el cuerpo. De esta manera se puede favorecer no s\u00f3lo el bienestar f\u00edsico sino tambi\u00e9n el mental, ya que las frecuencias arm\u00f3nicas provocan tambi\u00e9n un funcionamiento m\u00e1s equilibrado del sistema nervioso.<\/p>\n<p>El dise\u00f1o del dispositivo es compacto y f\u00e1cil de usar, por lo que puede utilizarse c\u00f3modamente en cualquier situaci\u00f3n de la vida. Es adecuado para su uso tanto en casa como cuando viaja o en un entorno de oficina. Adem\u00e1s de su sencillo manejo, una gran ventaja es que no requiere ajustes complicados y es f\u00e1cilmente accesible para personas de todas las edades gracias a su funcionamiento intuitivo.<\/p>\n<p>Adem\u00e1s, Vernada GEO est\u00e1 en continuo desarrollo para incorporar los \u00faltimos resultados cient\u00edficos a la tecnolog\u00eda. Durante la investigaci\u00f3n se presta especial atenci\u00f3n al hecho de que el dispositivo proporciona una soluci\u00f3n universal a los mayores desaf\u00edos del mundo moderno, incluido el tratamiento del estr\u00e9s f\u00edsico y psicol\u00f3gico, as\u00ed como el apoyo a los mecanismos de defensa naturales del cuerpo.<\/p>\n<p>Vernada GEO ofrece una soluci\u00f3n para quienes desean mantener su cuerpo y su mente en equilibrio y al mismo tiempo reducir los efectos negativos del da\u00f1o ambiental. Este dispositivo no es s\u00f3lo un logro tecnol\u00f3gico, sino un paso hacia una atenci\u00f3n sanitaria integral y una vida armoniosa.<\/p>\n<p><a href=\"https:\/\/ai-xtech.eu\/termek\/garyaev-hullamgenetikai-matrixai\/\">\u00a0<\/a><\/p>","protected":false},"featured_media":7233,"comment_status":"closed","ping_status":"closed","template":"","meta":{"_angie_page":false,"site-sidebar-layout":"default","site-content-layout":"default","ast-site-content-layout":"default","site-content-style":"default","site-sidebar-style":"default","ast-global-header-display":"","ast-banner-title-visibility":"","ast-main-header-display":"","ast-hfb-above-header-display":"","ast-hfb-below-header-display":"","ast-hfb-mobile-header-display":"","site-post-title":"","ast-breadcrumbs-content":"","ast-featured-img":"","footer-sml-layout":"","ast-disable-related-posts":"","theme-transparent-header-meta":"default","adv-header-id-meta":"","stick-header-meta":"","header-above-stick-meta":"","header-main-stick-meta":"","header-below-stick-meta":"","astra-migrate-meta-layouts":"set","ast-page-background-enabled":"default","ast-page-background-meta":{"desktop":{"background-color":"","background-image":"","background-repeat":"repeat","background-position":"center center","background-size":"auto","background-attachment":"scroll","background-type":"","background-media":"","overlay-type":"","overlay-color":"","overlay-opacity":"","overlay-gradient":""},"tablet":{"background-color":"","background-image":"","background-repeat":"repeat","background-position":"center center","background-size":"auto","background-attachment":"scroll","background-type":"","background-media":"","overlay-type":"","overlay-color":"","overlay-opacity":"","overlay-gradient":""},"mobile":{"background-color":"","background-image":"","background-repeat":"repeat","background-position":"center center","background-size":"auto","background-attachment":"scroll","background-type":"","background-media":"","overlay-type":"","overlay-color":"","overlay-opacity":"","overlay-gradient":""}},"ast-content-background-meta":{"desktop":{"background-color":"var(--ast-global-color-5)","background-image":"","background-repeat":"repeat","background-position":"center center","background-size":"auto","background-attachment":"scroll","background-type":"","background-media":"","overlay-type":"","overlay-color":"","overlay-opacity":"","overlay-gradient":""},"tablet":{"background-color":"var(--ast-global-color-5)","background-image":"","background-repeat":"repeat","background-position":"center center","background-size":"auto","background-attachment":"scroll","background-type":"","background-media":"","overlay-type":"","overlay-color":"","overlay-opacity":"","overlay-gradient":""},"mobile":{"background-color":"var(--ast-global-color-5)","background-image":"","background-repeat":"repeat","background-position":"center center","background-size":"auto","background-attachment":"scroll","background-type":"","background-media":"","overlay-type":"","overlay-color":"","overlay-opacity":"","overlay-gradient":""}}},"product_brand":[],"product_cat":[22],"product_tag":[],"class_list":{"0":"post-6099","1":"product","2":"type-product","3":"status-publish","4":"has-post-thumbnail","6":"product_cat-hullamgenetikai-megoldasok","7":"product_shipping_class-free","8":"desktop-align-left","9":"tablet-align-left","10":"mobile-align-left","12":"first","13":"instock","14":"sale","15":"taxable","16":"shipping-taxable","17":"purchasable","18":"product-type-simple"},"_links":{"self":[{"href":"https:\/\/ai-xtech.eu\/es\/wp-json\/wp\/v2\/product\/6099","targetHints":{"allow":["GET"]}}],"collection":[{"href":"https:\/\/ai-xtech.eu\/es\/wp-json\/wp\/v2\/product"}],"about":[{"href":"https:\/\/ai-xtech.eu\/es\/wp-json\/wp\/v2\/types\/product"}],"replies":[{"embeddable":true,"href":"https:\/\/ai-xtech.eu\/es\/wp-json\/wp\/v2\/comments?post=6099"}],"version-history":[{"count":11,"href":"https:\/\/ai-xtech.eu\/es\/wp-json\/wp\/v2\/product\/6099\/revisions"}],"predecessor-version":[{"id":7991,"href":"https:\/\/ai-xtech.eu\/es\/wp-json\/wp\/v2\/product\/6099\/revisions\/7991"}],"wp:featuredmedia":[{"embeddable":true,"href":"https:\/\/ai-xtech.eu\/es\/wp-json\/wp\/v2\/media\/7233"}],"wp:attachment":[{"href":"https:\/\/ai-xtech.eu\/es\/wp-json\/wp\/v2\/media?parent=6099"}],"wp:term":[{"taxonomy":"product_brand","embeddable":true,"href":"https:\/\/ai-xtech.eu\/es\/wp-json\/wp\/v2\/product_brand?post=6099"},{"taxonomy":"product_cat","embeddable":true,"href":"https:\/\/ai-xtech.eu\/es\/wp-json\/wp\/v2\/product_cat?post=6099"},{"taxonomy":"product_tag","embeddable":true,"href":"https:\/\/ai-xtech.eu\/es\/wp-json\/wp\/v2\/product_tag?post=6099"}],"curies":[{"name":"gracias","href":"https:\/\/api.w.org\/{rel}","templated":true}]}}