{"id":6469,"date":"2024-02-05T13:45:03","date_gmt":"2024-02-05T13:45:03","guid":{"rendered":"https:\/\/ai-xtech.eu\/?page_id=6469"},"modified":"2024-02-05T14:43:54","modified_gmt":"2024-02-05T14:43:54","slug":"p-p-garjajev","status":"publish","type":"page","link":"https:\/\/ai-xtech.eu\/es\/p-p-garjajev\/","title":{"rendered":"PP Garjaev"},"content":{"rendered":"<h2 class=\"wp-block-heading has-ast-global-color-5-background-color has-background\">Dr. Peter P. Garyaev, Doctor en Ciencias Biol\u00f3gicas, rans y RAMTN<\/h2>\n\n\n\n<figure class=\"wp-block-image size-full\"><img fetchpriority=\"high\" decoding=\"async\" width=\"250\" height=\"226\" src=\"https:\/\/ai-xtech.eu\/oordufup\/2024\/02\/garyaev.png\" alt=\"\" class=\"wp-image-6453\" srcset=\"https:\/\/ai-xtech.eu\/oordufup\/2024\/02\/garyaev.png 250w, https:\/\/ai-xtech.eu\/oordufup\/2024\/02\/garyaev-13x12.png 13w\" sizes=\"(max-width: 250px) 100vw, 250px\" \/><\/figure>\n\n\n\n<p class=\"has-ast-global-color-5-background-color has-background\">desde 1984,\u00a0<strong>Peter P. Garjaev<\/strong>\u00a0Comenz\u00f3 a investigar en nuevas \u00e1reas en el campo de la codificaci\u00f3n gen\u00e9tica y en 1994 cre\u00f3 una nueva tendencia en gen\u00e9tica: Genetics Wave, luego Lingvistiko, A Wave Genetics. En este tema\u00a0<strong>Peter P. Garyaev<\/strong>\u00a0en 1997. Defendi\u00f3 su tesis doctoral Fryazino. Bauman en HIAC. Fue elegido acad\u00e9mico de RANS y RAMTN y miembro de la Academia de Ciencias de Nueva York. En 2001-2002,\u00a0<strong>Peter P. Garyaev<\/strong>\u00a0, Canad\u00e1 (Toronto), donde confirm\u00f3 experimentalmente la exactitud de las ideas b\u00e1sicas lingvistiko: la gen\u00e9tica ondulatoria. En 2013 fund\u00f3 la empresa &quot;Institute Of Quantum Genetics&quot;.<\/p>\n\n\n\n<p class=\"has-ast-global-color-5-background-color has-background\">Trabajo como asociado cient\u00edfico senior y l\u00edder de grupo en el Instituto de Problemas F\u00edsicos y T\u00e9cnicos de la Academia de Ciencias de la Uni\u00f3n Sovi\u00e9tica (1984-1998)&nbsp;<strong>Peter P. Garjaev<\/strong>&nbsp;encontr\u00f3 dos tipos inusuales y previamente desconocidos de memoria de ADN. Esto se registr\u00f3 mediante espectroscop\u00eda de correlaci\u00f3n l\u00e1ser.<\/p>\n\n\n\n<p class=\"has-ast-global-color-5-background-color has-background\">El primer tipo es la din\u00e1mica no lineal (ac\u00fastica) del ADN con retorno de excitaciones en modo primario. Este es un fen\u00f3meno fundamental (no el ADN, etc., las estructuras son organismos). Se conoce desde hace mucho tiempo en f\u00edsica como &quot;el fen\u00f3meno de Fermi-Pasta-Ulam&quot; (ver FPU) y la excitaci\u00f3n de sistemas de memoria no lineales. El aparato gen\u00e9tico utiliza este fen\u00f3meno para gestionar la solicitud de invocar programas hologr\u00e1ficos en sus propios cromosomas. Tales solicitudes se realizan en los sistemas biol\u00f3gicos de los procesos de regeneraci\u00f3n de \u00f3rganos y tejidos, cuando queremos llamarlo &quot;regreso&quot; de la estructura de informaci\u00f3n del h\u00edgado humano regeneriruemoj, las garras del c\u00e1ncer, la cola de un lagarto. , etc. Estos &quot; check-in&quot;, seg\u00fan nuestra investigaci\u00f3n, no s\u00f3lo el ADN, sino tambi\u00e9n mis nucleoprote\u00ednas (ribosomas), prote\u00ednas y bioestructuras (col\u00e1geno, matriz extracelular).<\/p>\n\n\n\n<p class=\"has-ast-global-color-5-background-color has-background\">El segundo tipo de memoria es el efecto fantasma del ADN, es decir, un entorno de memoria basado en el papel ondulatorio din\u00e1mico de las mol\u00e9culas de ADN con car\u00e1cter ondulatorio din\u00e1mico. El entorno es, por ejemplo, el espacio del compartimento de cubetas del espectr\u00f3metro o el espacio de c\u00e9lulas y tejidos vivos. Tambi\u00e9n es utilizado por los organismos para traer uno de los estados cu\u00e1nticos.... mol\u00e9culas en forma de fantasmas de ADN. En la pr\u00e1ctica, esto se puede lograr mediante la creaci\u00f3n artificial de matrices cu\u00e1nticas de fragmentos de ADN inherentes al cuerpo, que rellenan y reemplazan los fragmentos de ADN perdidos en los humanos y no provocan da\u00f1os gen\u00e9ticos. Por ejemplo, la mutaci\u00f3n n\u00famero 508 en la fibrosis qu\u00edstica.<\/p>\n\n\n\n<p class=\"has-ast-global-color-5-background-color has-background\">Otra parte importante de nuestro trabajo es el ajuste del modelo de codificaci\u00f3n actual en el aparato gen\u00e9tico de las prote\u00ednas tripletes. La esencia de nuestras modificaciones es cu\u00e1l es el sistema de orientaci\u00f3n contextual de los ribosomas en el ARN que se realiza en el proceso de bios\u00edntesis de prote\u00ednas. Esto significa que introducimos la fuerte posici\u00f3n de genes tekstovosti reales (no metaf\u00f3ricos) y mentes cuasipensantes en el culo del genoma, como una biocomputadora cu\u00e1ntica. Utilizando el concepto de dimensiones fractales relacionadas con los niveles de conciencia y pensamiento de los sistemas biol\u00f3gicos. Y el \u00faltimo punto clave es el uso del modelo del universo &quot;Boma&quot; Berkovica para la aplicaci\u00f3n pr\u00e1ctica de nuestras tecnolog\u00edas.<\/p>\n\n\n\n<p class=\"has-ast-global-color-5-background-color has-background\">Estas etapas de nuestro trabajo formaron la base para la revisi\u00f3n y adici\u00f3n de las funciones ya destacadas del ADN en la codificaci\u00f3n gen\u00e9tica. Lingvistiko: teor\u00eda del genoma ondulatorio. Hemos publicado decenas de art\u00edculos cient\u00edficos en colaboraci\u00f3n con destacados f\u00edsicos de la Universidad Estatal de Mosc\u00fa, FIANa, ISP RAS e investigadores extranjeros. Se publicaron tres monograf\u00edas (autor\u00a0<strong>Peter P. Garyaev<\/strong>). Patentes y prioridades. Sobre la base de todo esto, se desarroll\u00f3 una tecnolog\u00eda de correcci\u00f3n fundamentalmente nueva para prolongar su salud y su vida activa. Uno de los puntos m\u00e1s importantes de las tecnolog\u00edas emergentes es la programaci\u00f3n cu\u00e1ntica de c\u00e9lulas madre a trav\u00e9s de programas naturales, utilizados por el cuerpo humano.<\/p>\n\n\n\n<p class=\"has-ast-global-color-5-background-color has-background\"><strong>Peter P. Garjaev<\/strong>&nbsp;ha sido nominado al Premio Nobel de Medicina, que tendr\u00e1 lugar en 2021.<\/p>\n\n\n\n<figure class=\"wp-block-image size-full\"><img decoding=\"async\" width=\"513\" height=\"695\" src=\"https:\/\/ai-xtech.eu\/oordufup\/2024\/02\/the-nobel-committee.jpg\" alt=\"\" class=\"wp-image-6509\" srcset=\"https:\/\/ai-xtech.eu\/oordufup\/2024\/02\/the-nobel-committee.jpg 513w, https:\/\/ai-xtech.eu\/oordufup\/2024\/02\/the-nobel-committee-221x300.jpg 221w, https:\/\/ai-xtech.eu\/oordufup\/2024\/02\/the-nobel-committee-9x12.jpg 9w\" sizes=\"(max-width: 513px) 100vw, 513px\" \/><\/figure>","protected":false},"excerpt":{"rendered":"<p>Dr. Peter P. Garyaev, a biol\u00f3giai tudom\u00e1nyok doktora, rans \u00e9s RAMTN 1984 \u00f3ta,\u00a0Peter P. Garjajev\u00a0kutatni kezdett \u00faj ter\u00fcleteken a genetikai k\u00f3dol\u00e1s teruleten \u00e9s 1994-ben l\u00e9trehozott egy \u00faj ir\u00e1nyzatot a genetika &#8211; Genetics Wave, majd Lingvistiko &#8211; A Wave Genetics. Ebben a t\u00e9m\u00e1ban\u00a0Peter P. Garyaev\u00a01997-ben. megv\u00e9dte doktori disszert\u00e1ci\u00f3j\u00e1t fryazino. Bauman a HIAC-ban. A RANS \u00e9s a [&hellip;]<\/p>\n","protected":false},"author":1,"featured_media":0,"parent":0,"menu_order":0,"comment_status":"closed","ping_status":"closed","template":"","meta":{"_angie_page":false,"site-sidebar-layout":"no-sidebar","site-content-layout":"page-builder","ast-site-content-layout":"full-width-container","site-content-style":"default","site-sidebar-style":"default","ast-global-header-display":"","ast-banner-title-visibility":"","ast-main-header-display":"","ast-hfb-above-header-display":"","ast-hfb-below-header-display":"","ast-hfb-mobile-header-display":"","site-post-title":"disabled","ast-breadcrumbs-content":"","ast-featured-img":"disabled","footer-sml-layout":"","ast-disable-related-posts":"","theme-transparent-header-meta":"","adv-header-id-meta":"","stick-header-meta":"","header-above-stick-meta":"","header-main-stick-meta":"","header-below-stick-meta":"","astra-migrate-meta-layouts":"set","ast-page-background-enabled":"default","ast-page-background-meta":{"desktop":{"background-color":"","background-image":"","background-repeat":"repeat","background-position":"center center","background-size":"auto","background-attachment":"scroll","background-type":"","background-media":"","overlay-type":"","overlay-color":"","overlay-opacity":"","overlay-gradient":""},"tablet":{"background-color":"","background-image":"","background-repeat":"repeat","background-position":"center center","background-size":"auto","background-attachment":"scroll","background-type":"","background-media":"","overlay-type":"","overlay-color":"","overlay-opacity":"","overlay-gradient":""},"mobile":{"background-color":"","background-image":"","background-repeat":"repeat","background-position":"center center","background-size":"auto","background-attachment":"scroll","background-type":"","background-media":"","overlay-type":"","overlay-color":"","overlay-opacity":"","overlay-gradient":""}},"ast-content-background-meta":{"desktop":{"background-color":"var(--ast-global-color-5)","background-image":"","background-repeat":"repeat","background-position":"center center","background-size":"auto","background-attachment":"scroll","background-type":"","background-media":"","overlay-type":"","overlay-color":"","overlay-opacity":"","overlay-gradient":""},"tablet":{"background-color":"var(--ast-global-color-5)","background-image":"","background-repeat":"repeat","background-position":"center center","background-size":"auto","background-attachment":"scroll","background-type":"","background-media":"","overlay-type":"","overlay-color":"","overlay-opacity":"","overlay-gradient":""},"mobile":{"background-color":"var(--ast-global-color-5)","background-image":"","background-repeat":"repeat","background-position":"center center","background-size":"auto","background-attachment":"scroll","background-type":"","background-media":"","overlay-type":"","overlay-color":"","overlay-opacity":"","overlay-gradient":""}},"footnotes":"[]"},"class_list":["post-6469","page","type-page","status-publish","hentry"],"_links":{"self":[{"href":"https:\/\/ai-xtech.eu\/es\/wp-json\/wp\/v2\/pages\/6469","targetHints":{"allow":["GET"]}}],"collection":[{"href":"https:\/\/ai-xtech.eu\/es\/wp-json\/wp\/v2\/pages"}],"about":[{"href":"https:\/\/ai-xtech.eu\/es\/wp-json\/wp\/v2\/types\/page"}],"author":[{"embeddable":true,"href":"https:\/\/ai-xtech.eu\/es\/wp-json\/wp\/v2\/users\/1"}],"replies":[{"embeddable":true,"href":"https:\/\/ai-xtech.eu\/es\/wp-json\/wp\/v2\/comments?post=6469"}],"version-history":[{"count":5,"href":"https:\/\/ai-xtech.eu\/es\/wp-json\/wp\/v2\/pages\/6469\/revisions"}],"predecessor-version":[{"id":6512,"href":"https:\/\/ai-xtech.eu\/es\/wp-json\/wp\/v2\/pages\/6469\/revisions\/6512"}],"wp:attachment":[{"href":"https:\/\/ai-xtech.eu\/es\/wp-json\/wp\/v2\/media?parent=6469"}],"curies":[{"name":"gracias","href":"https:\/\/api.w.org\/{rel}","templated":true}]}}