{"id":1252,"date":"2021-08-02T17:41:44","date_gmt":"2021-08-02T17:41:44","guid":{"rendered":"https:\/\/ai-xtech.eu\/?page_id=1252"},"modified":"2023-07-24T08:13:06","modified_gmt":"2023-07-24T08:13:06","slug":"data-protection-guidelines","status":"publish","type":"page","link":"https:\/\/ai-xtech.eu\/es\/data-protection-guidelines\/","title":{"rendered":"Directrices de protecci\u00f3n de datosPol\u00edtica de privacidad"},"content":{"rendered":"<h2 class=\"wp-block-heading\">Quienes somos<\/h2>\n\n\n\n<p><strong class=\"privacy-policy-tutorial\"> <\/strong>La direcci\u00f3n de nuestro sitio web es: https:\/\/ai-xtech.eu.<\/p>\n\n\n\n<h2 class=\"wp-block-heading\">Comentarios<\/h2>\n\n\n\n<p>Al enviar un comentario, adem\u00e1s de lo que se proporciona en el formulario de comentarios, se recopilan la direcci\u00f3n IP del comentarista y la cadena de identificaci\u00f3n del navegador para filtrar el contenido no solicitado.<\/p>\n\n\n\n<p>Una cadena de caracteres despersonalizada generada a partir de la direcci\u00f3n de correo electr\u00f3nico (generalmente llamada hash) se transmite al servicio Gravatar si se utiliza en el sitio. Los t\u00e9rminos del servicio Gravatar se pueden consultar en la siguiente direcci\u00f3n: https:\/\/automattic.com\/privacy\/. Una vez aceptado el comentario, el contenido de nuestro comentario y nuestra foto de perfil se mostrar\u00e1n p\u00fablicamente.<\/p>\n\n\n\n<h2 class=\"wp-block-heading\">Medios de comunicaci\u00f3n<\/h2>\n\n\n\n<p>Si un usuario registrado sube una imagen al sitio web, se deben evitar los EXIF que incluyan datos de posici\u00f3n GPS. Los visitantes del sitio web pueden descargarlos y extraer datos de ubicaci\u00f3n de las im\u00e1genes del sitio web.<\/p>\n\n\n\n<h2 class=\"wp-block-heading\">Galletas<\/h2>\n\n\n\n<p>Si escribe un comentario en el sitio web, el nombre de pila, la direcci\u00f3n de correo electr\u00f3nico y la direcci\u00f3n del sitio web se almacenan en cookies. El almacenamiento es por motivos de comodidad, por lo que no es necesario que complete estos campos la pr\u00f3xima vez que publique. La fecha de caducidad de las cookies es de un a\u00f1o.<\/p>\n\n\n\n<p>Cuando visita la p\u00e1gina de inicio de sesi\u00f3n, configuramos cookies temporales para determinar si su navegador acepta cookies. Estas cookies no contienen informaci\u00f3n personal y se eliminan cuando cierra su navegador.<\/p>\n\n\n\n<p>Cuando inicia sesi\u00f3n en el sitio web, creamos varias cookies que guardan la informaci\u00f3n de inicio de sesi\u00f3n y las opciones de visualizaci\u00f3n de la interfaz de edici\u00f3n. Las cookies de inicio de sesi\u00f3n son v\u00e1lidas por dos d\u00edas y las cookies que almacenan las opciones de visualizaci\u00f3n de la interfaz de edici\u00f3n son v\u00e1lidas por un a\u00f1o. Si se selecciona la opci\u00f3n &quot;Recordarme&quot;, el registro continuar\u00e1 durante dos semanas. Las cookies de inicio de sesi\u00f3n se eliminan cuando cierra sesi\u00f3n.<\/p>\n\n\n\n<p>Si editamos una publicaci\u00f3n o p\u00e1gina, nuestro navegador almacena otra cookie. Esta cookie no contiene ning\u00fan dato personal, simplemente almacena el n\u00famero ID del post que hemos editado. Caducar\u00e1 en un d\u00eda.<\/p>\n\n\n\n<h2 class=\"wp-block-heading\">Contenido incrustado de otros sitios web<\/h2>\n\n\n\n<p>Las publicaciones disponibles en el sitio web pueden utilizar contenido incrustado de fuentes externas (por ejemplo, v\u00eddeos, im\u00e1genes, art\u00edculos, etc.). El contenido incrustado de una fuente externa se comporta exactamente como si hubiera visitado otro sitio web.<\/p>\n\n\n\n<p>Estos sitios web pueden recopilar informaci\u00f3n sobre los visitantes, utilizar cookies o c\u00f3digos de seguimiento de terceros, monitorear el comportamiento del usuario relacionado con el contenido incrustado si tiene una cuenta de usuario y ha iniciado sesi\u00f3n en el sitio.<\/p>\n\n\n\n<h2 class=\"wp-block-heading\">Con qui\u00e9n compartimos los datos de los usuarios<\/h2>\n\n\n\n<p>Si solicita un restablecimiento de contrase\u00f1a, la direcci\u00f3n IP se incluir\u00e1 en el correo electr\u00f3nico de restablecimiento.<\/p>\n\n\n\n<h2 class=\"wp-block-heading\">\u00bfCu\u00e1nto tiempo conservamos los datos personales?<\/h2>\n\n\n\n<p>Si comentamos, el comentario y sus metadatos permanecer\u00e1n en el sistema por un per\u00edodo de tiempo no especificado. El objetivo de esto es que todos los comentarios posteriores sean conocidos y aprobados por nosotros, es decir, que no aparezcan en la lista de comentarios a moderar.<\/p>\n\n\n\n<p>Los datos personales de los usuarios registrados en el sitio web (si los hubiera) tambi\u00e9n se almacenan en su propio perfil de usuario. Todos los usuarios pueden ver, editar o eliminar sus datos personales en cualquier momento (excepto que no pueden cambiar su propio nombre de usuario). Los administradores del sitio web tambi\u00e9n pueden ver y editar esta informaci\u00f3n.<\/p>\n\n\n\n<h2 class=\"wp-block-heading\">\u00bfQu\u00e9 derechos tiene el usuario en relaci\u00f3n con sus propios datos?<\/h2>\n\n\n\n<p>En caso de una cuenta registrada o de escribir un comentario en el sitio web, es posible solicitar el env\u00edo de datos personales en un archivo de exportaci\u00f3n, que contiene cualquier dato previamente proporcionado por el usuario. Tambi\u00e9n puede solicitar que eliminemos cualquier dato personal proporcionado previamente. Esto no se aplica a los datos que debemos conservar por motivos administrativos, legales o de seguridad.<\/p>\n\n\n\n<h2 class=\"wp-block-heading\">D\u00f3nde transferimos los datos<\/h2>\n\n\n\n<p>Los comentarios enviados por los visitantes pueden ser revisados por un servicio de filtrado autom\u00e1tico de spam.<\/p>","protected":false},"excerpt":{"rendered":"<p>Kik vagyunk A weboldalunk c\u00edme: https:\/\/ai-xtech.eu. Hozz\u00e1sz\u00f3l\u00e1sok Hozz\u00e1sz\u00f3l\u00e1s bek\u00fcld\u00e9sekor a hozz\u00e1sz\u00f3l\u00e1si \u0171rlapban megadottakon k\u00edv\u00fcl begy\u0171jt\u00e9sre ker\u00fcl a hozz\u00e1sz\u00f3l\u00f3 IP c\u00edme \u00e9s a b\u00f6ng\u00e9sz\u0151azonos\u00edt\u00f3 karakterl\u00e1nc a k\u00e9retlen tartalmak kisz\u0171r\u00e9se c\u00e9lj\u00e1b\u00f3l. Egy szem\u00e9lytelen\u00edtett, az e-mail c\u00edmb\u0151l el\u0151\u00e1ll\u00edtott karakterl\u00e1nc (hashnek szok\u00e1s nevezni) ker\u00fcl tov\u00e1bb\u00edt\u00e1sra a Gravatar szolg\u00e1ltat\u00e1s fel\u00e9, ha ez az oldalon haszn\u00e1latban van. A Gravatar szolg\u00e1ltat\u00e1s felt\u00e9telei [&hellip;]<\/p>\n","protected":false},"author":1,"featured_media":0,"parent":0,"menu_order":0,"comment_status":"closed","ping_status":"closed","template":"","meta":{"_angie_page":false,"site-sidebar-layout":"default","site-content-layout":"default","ast-site-content-layout":"default","site-content-style":"default","site-sidebar-style":"default","ast-global-header-display":"","ast-banner-title-visibility":"","ast-main-header-display":"","ast-hfb-above-header-display":"","ast-hfb-below-header-display":"","ast-hfb-mobile-header-display":"","site-post-title":"","ast-breadcrumbs-content":"","ast-featured-img":"","footer-sml-layout":"","ast-disable-related-posts":"","theme-transparent-header-meta":"default","adv-header-id-meta":"","stick-header-meta":"","header-above-stick-meta":"","header-main-stick-meta":"","header-below-stick-meta":"","astra-migrate-meta-layouts":"default","ast-page-background-enabled":"default","ast-page-background-meta":{"desktop":{"background-color":"","background-image":"","background-repeat":"repeat","background-position":"center center","background-size":"auto","background-attachment":"scroll","background-type":"","background-media":"","overlay-type":"","overlay-color":"","overlay-opacity":"","overlay-gradient":""},"tablet":{"background-color":"","background-image":"","background-repeat":"repeat","background-position":"center center","background-size":"auto","background-attachment":"scroll","background-type":"","background-media":"","overlay-type":"","overlay-color":"","overlay-opacity":"","overlay-gradient":""},"mobile":{"background-color":"","background-image":"","background-repeat":"repeat","background-position":"center center","background-size":"auto","background-attachment":"scroll","background-type":"","background-media":"","overlay-type":"","overlay-color":"","overlay-opacity":"","overlay-gradient":""}},"ast-content-background-meta":{"desktop":{"background-color":"var(--ast-global-color-5)","background-image":"","background-repeat":"repeat","background-position":"center center","background-size":"auto","background-attachment":"scroll","background-type":"","background-media":"","overlay-type":"","overlay-color":"","overlay-opacity":"","overlay-gradient":""},"tablet":{"background-color":"var(--ast-global-color-5)","background-image":"","background-repeat":"repeat","background-position":"center center","background-size":"auto","background-attachment":"scroll","background-type":"","background-media":"","overlay-type":"","overlay-color":"","overlay-opacity":"","overlay-gradient":""},"mobile":{"background-color":"var(--ast-global-color-5)","background-image":"","background-repeat":"repeat","background-position":"center center","background-size":"auto","background-attachment":"scroll","background-type":"","background-media":"","overlay-type":"","overlay-color":"","overlay-opacity":"","overlay-gradient":""}},"footnotes":""},"class_list":["post-1252","page","type-page","status-publish","hentry"],"_links":{"self":[{"href":"https:\/\/ai-xtech.eu\/es\/wp-json\/wp\/v2\/pages\/1252","targetHints":{"allow":["GET"]}}],"collection":[{"href":"https:\/\/ai-xtech.eu\/es\/wp-json\/wp\/v2\/pages"}],"about":[{"href":"https:\/\/ai-xtech.eu\/es\/wp-json\/wp\/v2\/types\/page"}],"author":[{"embeddable":true,"href":"https:\/\/ai-xtech.eu\/es\/wp-json\/wp\/v2\/users\/1"}],"replies":[{"embeddable":true,"href":"https:\/\/ai-xtech.eu\/es\/wp-json\/wp\/v2\/comments?post=1252"}],"version-history":[{"count":4,"href":"https:\/\/ai-xtech.eu\/es\/wp-json\/wp\/v2\/pages\/1252\/revisions"}],"predecessor-version":[{"id":5377,"href":"https:\/\/ai-xtech.eu\/es\/wp-json\/wp\/v2\/pages\/1252\/revisions\/5377"}],"wp:attachment":[{"href":"https:\/\/ai-xtech.eu\/es\/wp-json\/wp\/v2\/media?parent=1252"}],"curies":[{"name":"gracias","href":"https:\/\/api.w.org\/{rel}","templated":true}]}}