{"id":1250,"date":"2022-09-19T09:28:50","date_gmt":"2022-09-19T09:28:50","guid":{"rendered":"https:\/\/ai-xtech.eu\/?page_id=1250"},"modified":"2022-09-19T09:28:59","modified_gmt":"2022-09-19T09:28:59","slug":"cookie-policy","status":"publish","type":"page","link":"https:\/\/ai-xtech.eu\/es\/cookie-policy\/","title":{"rendered":"Pol\u00edtica de cookies"},"content":{"rendered":"<div class=\"cli_pg_page_contaner\">\n<h3>Pol\u00edtica de cookies<\/h3>\n<div>Esta Pol\u00edtica de cookies explica qu\u00e9 son las cookies y c\u00f3mo las utilizamos, los tipos de cookies que utilizamos, es decir, la informaci\u00f3n que recopilamos utilizando las cookies y c\u00f3mo se utiliza esa informaci\u00f3n, y c\u00f3mo controlar las preferencias de las cookies. Para obtener m\u00e1s informaci\u00f3n sobre c\u00f3mo utilizamos, almacenamos y mantenemos seguros sus datos personales, consulte nuestra Pol\u00edtica de privacidad.<\/p>\n<p>Puede en cualquier momento cambiar o retirar su consentimiento de la Declaraci\u00f3n de Cookies en nuestro sitio web.<br \/>\nObtenga m\u00e1s informaci\u00f3n sobre qui\u00e9nes somos, c\u00f3mo puede contactarnos y c\u00f3mo procesamos los datos personales en nuestra Pol\u00edtica de Privacidad.<br \/>\nSu consentimiento se aplica a los siguientes dominios: ai-xtech.eu<br \/>\n<div class=\"cli_user_consent_state\">Tu estado actual: No se ha dado el consentimiento. <a class=\"cli_manage_current_consent\" style=\"cursor:pointer;text-decoration:underline;\">Gestiona tu consentimiento.<\/a> <\/div><\/p>\n<\/div>\n<h3>\u00bfQu\u00e9 son las galletas?<\/h3>\n<div>Las cookies son peque\u00f1os archivos de texto que se utilizan para almacenar peque\u00f1os fragmentos de informaci\u00f3n. Se almacenan en el dispositivo cuando el sitio web se carga en el navegador. Estas cookies ayudan a que el sitio web funcione correctamente, lo hacen m\u00e1s seguro, brindan una mejor experiencia de usuario y nos ayudan a comprender el rendimiento del sitio web y analizar qu\u00e9 funciona y d\u00f3nde es necesario mejorar.<\/div>\n<h3>\u00bfC\u00f3mo se deben utilizar las cookies?<\/h3>\n<div>Como la mayor\u00eda de los servicios en l\u00ednea, nuestro sitio web utiliza cookies propias y de terceros para varios prop\u00f3sitos. Las cookies de origen son principalmente necesarias para que el sitio web funcione correctamente y no recopilan informaci\u00f3n de identificaci\u00f3n personal. Las cookies de terceros utilizadas en nuestro sitio web se utilizan principalmente para comprender c\u00f3mo funciona el sitio web, c\u00f3mo interact\u00faa con nuestro sitio web y mantener seguros nuestros servicios. , le proporciona anuncios relevantes y le brinda una experiencia de usuario cada vez mejor en general y ayuda a acelerar las interacciones futuras con nuestro sitio web.<\/div>\n<h3>\u00bfQu\u00e9 tipo de cookies utilizamos?<\/h3>\n<div>Esencial: algunas cookies son esenciales para que pueda experimentar la funcionalidad completa de nuestro sitio web. Nos permiten mantener las sesiones de los usuarios y prevenir amenazas a la seguridad. No recopilan ni almacenan ninguna informaci\u00f3n personal. Por ejemplo, estas cookies le permiten iniciar sesi\u00f3n en su cuenta, agregar productos a su carrito y pagar de forma segura. Estad\u00edsticas: Estas cookies almacenan informaci\u00f3n como la cantidad de visitantes al sitio web, la cantidad de visitantes \u00fanicos, qu\u00e9 p\u00e1ginas del sitio web han sido visitados, el origen de la visita, etc. Estos datos le ayudan a comprender y analizar el rendimiento de su sitio web. y d\u00f3nde se necesitan mejoras. Marketing: Nuestro sitio web muestra anuncios. Utilizamos estas cookies para personalizar los anuncios que se le muestran para que sean significativos para usted. Estas cookies tambi\u00e9n ayudan a rastrear la efectividad de estas campa\u00f1as publicitarias. La informaci\u00f3n almacenada en estas cookies tambi\u00e9n puede ser utilizada por proveedores de publicidad externos para mostrar anuncios en otros sitios web del navegador. Funcionales: Estas son las cookies que ayudan a ciertas funcionalidades no esenciales en nuestra p\u00e1gina web. Estas funcionalidades incluyen incrustar contenido como videos o compartir contenido del sitio web en plataformas de redes sociales. Preferencias: estas cookies nos ayudan a almacenar su configuraci\u00f3n y preferencias de navegaci\u00f3n, como preferencias de idioma, para que tenga una experiencia mejor y m\u00e1s eficiente en futuras visitas al sitio web.<p>La siguiente lista detalla las cookies utilizadas en nuestro sitio web.<\/p><table class=\"cookielawinfo-row-cat-table cookielawinfo-classic\"><thead><tr><th class=\"cookielawinfo-column-1\">Galletas<\/th><th class=\"cookielawinfo-column-4\">Descripci\u00f3n<\/th><\/tr><\/thead><tbody><tr class=\"cookielawinfo-row\"><td class=\"cookielawinfo-column-1\">cookielawinfo-checkbox-an\u00e1lisis<\/td><td class=\"cookielawinfo-column-4\">Esta cookie la establece el complemento de consentimiento de cookies del RGPD. La cookie se utiliza para almacenar el consentimiento del usuario para las cookies en la categor\u00eda &quot;An\u00e1lisis&quot;.<\/td><\/tr><tr class=\"cookielawinfo-row\"><td class=\"cookielawinfo-column-1\">cookielawinfo-casilla-funcional<\/td><td class=\"cookielawinfo-column-4\">La cookie se establece mediante el consentimiento de cookies del RGPD para registrar el consentimiento del usuario para las cookies en la categor\u00eda &quot;Funcional&quot;.<\/td><\/tr><tr class=\"cookielawinfo-row\"><td class=\"cookielawinfo-column-1\">cookielawinfo-casilla-necesaria<\/td><td class=\"cookielawinfo-column-4\">Esta cookie la establece el complemento de consentimiento de cookies del RGPD. Las cookies se utilizan para almacenar el consentimiento del usuario para las cookies en la categor\u00eda &quot;Necesarias&quot;.<\/td><\/tr><tr class=\"cookielawinfo-row\"><td class=\"cookielawinfo-column-1\">cookielawinfo-checkbox-otros<\/td><td class=\"cookielawinfo-column-4\">Esta cookie la establece el complemento de consentimiento de cookies del RGPD. La cookie se utiliza para almacenar el consentimiento del usuario para las cookies en la categor\u00eda &quot;Otros&quot;.<\/td><\/tr><tr class=\"cookielawinfo-row\"><td class=\"cookielawinfo-column-1\">cookielawinfo-casilla-rendimiento<\/td><td class=\"cookielawinfo-column-4\">Esta cookie la establece el complemento de consentimiento de cookies del RGPD. La cookie se utiliza para almacenar el consentimiento del usuario para las cookies en la categor\u00eda &quot;Rendimiento&quot;.<\/td><\/tr><tr class=\"cookielawinfo-row\"><td class=\"cookielawinfo-column-1\">pol\u00edtica_de_cookies_vista<\/td><td class=\"cookielawinfo-column-4\">La cookie la establece el complemento GDPR Cookie Consent y se utiliza para almacenar si el usuario ha dado su consentimiento o no para el uso de cookies. No almacena ning\u00fan dato personal.<\/td><\/tr><\/tbody><\/table><\/div>\n<h3>\u00bfC\u00f3mo puedo controlar la configuraci\u00f3n de las cookies?<\/h3>\n<div>Si decide cambiar su configuraci\u00f3n m\u00e1s adelante durante su sesi\u00f3n de navegaci\u00f3n, haga clic en la pesta\u00f1a &quot;Pol\u00edtica de Privacidad y Cookies&quot; en la pantalla. Esto volver\u00e1 a mostrar el aviso de consentimiento, lo que le permitir\u00e1 cambiar sus preferencias o retirar su consentimiento por completo. Adem\u00e1s, diferentes navegadores ofrecen diferentes formas de bloquear y eliminar las cookies utilizadas por los sitios web. Puede cambiar la configuraci\u00f3n de su navegador para bloquear\/eliminar las cookies. Para obtener m\u00e1s informaci\u00f3n sobre c\u00f3mo administrar y eliminar cookies, visite wikipedia.org, www.allaboutcookies.org.<\/div>\n<\/div>","protected":false},"excerpt":{"rendered":"<p>Cookie policy This Cookie Policy explains what cookies are and how we use them, the types of cookies we use i.e, the information we collect using cookies and how that information is used, and how to control the cookie preferences. For further information on how we use, store, and keep your personal data secure, see [&hellip;]<\/p>\n","protected":false},"author":1,"featured_media":0,"parent":0,"menu_order":0,"comment_status":"closed","ping_status":"closed","template":"","meta":{"_angie_page":false,"site-sidebar-layout":"default","site-content-layout":"","ast-site-content-layout":"default","site-content-style":"default","site-sidebar-style":"default","ast-global-header-display":"","ast-banner-title-visibility":"","ast-main-header-display":"","ast-hfb-above-header-display":"","ast-hfb-below-header-display":"","ast-hfb-mobile-header-display":"","site-post-title":"","ast-breadcrumbs-content":"","ast-featured-img":"","footer-sml-layout":"","ast-disable-related-posts":"","theme-transparent-header-meta":"","adv-header-id-meta":"","stick-header-meta":"","header-above-stick-meta":"","header-main-stick-meta":"","header-below-stick-meta":"","astra-migrate-meta-layouts":"default","ast-page-background-enabled":"default","ast-page-background-meta":{"desktop":{"background-color":"","background-image":"","background-repeat":"repeat","background-position":"center center","background-size":"auto","background-attachment":"scroll","background-type":"","background-media":"","overlay-type":"","overlay-color":"","overlay-opacity":"","overlay-gradient":""},"tablet":{"background-color":"","background-image":"","background-repeat":"repeat","background-position":"center center","background-size":"auto","background-attachment":"scroll","background-type":"","background-media":"","overlay-type":"","overlay-color":"","overlay-opacity":"","overlay-gradient":""},"mobile":{"background-color":"","background-image":"","background-repeat":"repeat","background-position":"center center","background-size":"auto","background-attachment":"scroll","background-type":"","background-media":"","overlay-type":"","overlay-color":"","overlay-opacity":"","overlay-gradient":""}},"ast-content-background-meta":{"desktop":{"background-color":"var(--ast-global-color-5)","background-image":"","background-repeat":"repeat","background-position":"center center","background-size":"auto","background-attachment":"scroll","background-type":"","background-media":"","overlay-type":"","overlay-color":"","overlay-opacity":"","overlay-gradient":""},"tablet":{"background-color":"var(--ast-global-color-5)","background-image":"","background-repeat":"repeat","background-position":"center center","background-size":"auto","background-attachment":"scroll","background-type":"","background-media":"","overlay-type":"","overlay-color":"","overlay-opacity":"","overlay-gradient":""},"mobile":{"background-color":"var(--ast-global-color-5)","background-image":"","background-repeat":"repeat","background-position":"center center","background-size":"auto","background-attachment":"scroll","background-type":"","background-media":"","overlay-type":"","overlay-color":"","overlay-opacity":"","overlay-gradient":""}},"footnotes":""},"class_list":["post-1250","page","type-page","status-publish","hentry"],"_links":{"self":[{"href":"https:\/\/ai-xtech.eu\/es\/wp-json\/wp\/v2\/pages\/1250","targetHints":{"allow":["GET"]}}],"collection":[{"href":"https:\/\/ai-xtech.eu\/es\/wp-json\/wp\/v2\/pages"}],"about":[{"href":"https:\/\/ai-xtech.eu\/es\/wp-json\/wp\/v2\/types\/page"}],"author":[{"embeddable":true,"href":"https:\/\/ai-xtech.eu\/es\/wp-json\/wp\/v2\/users\/1"}],"replies":[{"embeddable":true,"href":"https:\/\/ai-xtech.eu\/es\/wp-json\/wp\/v2\/comments?post=1250"}],"version-history":[{"count":2,"href":"https:\/\/ai-xtech.eu\/es\/wp-json\/wp\/v2\/pages\/1250\/revisions"}],"predecessor-version":[{"id":2676,"href":"https:\/\/ai-xtech.eu\/es\/wp-json\/wp\/v2\/pages\/1250\/revisions\/2676"}],"wp:attachment":[{"href":"https:\/\/ai-xtech.eu\/es\/wp-json\/wp\/v2\/media?parent=1250"}],"curies":[{"name":"gracias","href":"https:\/\/api.w.org\/{rel}","templated":true}]}}