{"id":6263,"date":"2023-12-02T16:40:11","date_gmt":"2023-12-02T16:40:11","guid":{"rendered":"https:\/\/ai-xtech.eu\/?post_type=product&#038;p=6263"},"modified":"2026-04-08T11:59:50","modified_gmt":"2026-04-08T10:59:50","slug":"zenpeak-modulator-egyeni-matrixxal","status":"publish","type":"product","link":"https:\/\/ai-xtech.eu\/en\/product\/zenpeak-modulator-egyeni-matrixxal\/","title":{"rendered":"ZenPeak wave genetic modulator (with all Garjayev matrices)"},"content":{"rendered":"<p><strong>Postage time 2 months!<br \/>\n<\/strong><\/p>\n<ul>\n<li data-start=\"1044\" data-end=\"1085\">\n<p data-start=\"1046\" data-end=\"1085\">60-minute personal system setup<\/p>\n<\/li>\n<li data-start=\"1086\" data-end=\"1115\">\n<p data-start=\"1088\" data-end=\"1115\">30-day follow-up check-in<\/p>\n<\/li>\n<li data-start=\"1116\" data-end=\"1140\">\n<p data-start=\"1118\" data-end=\"1140\">structured protocol<\/p>\n<\/li>\n<li data-start=\"1141\" data-end=\"1170\">\n<p data-start=\"1143\" data-end=\"1170\">\u201e&quot;research partner&quot; status<\/p>\n<\/li>\n<\/ul>\n<p><strong>\u00a0<\/strong><\/p>\n<p>ZenPeak wave genetic modulator with all original Garjaev wave genetic matrices!<\/p>\n<p>21 health problems!<\/p>\n<p class=\" translation-block\">\u201cThe disease, and its cure, has become detached from the patient over the centuries and has become increasingly impersonal, in addition to a strong shift towards the use of chemicals. Thus, man became more and more lonely and hopeless in the midst of his illnesses and pains\nFrom the beginning of the culture, the patient has always been observed and healed along with his disease and environment.<\/p>\n<p>Paul Claudel, a French writer, poet, academic, calls patients \u201cinvited\u201d.<\/p>\n<p>Many of the scientists working to make human life more beautiful and better have made discoveries the application of which, with the help of healers, has brought relief to the suffering person. Among the first inventors was Nikola Tesla, whose inventions Pyotr Garjajev created the science of wave genetics by combining several disciplines and using quantum physics. In parallel, Alexander Misin created a device designed to optimize physical, chemical shifts in the human body. After Professor Garjaev became acquainted with the operation of the device, he combined it with his own knowledge, perfecting it, making it more effective, thus creating a revolutionary new device that puts healing on a different footing from previous methods.<\/p>\n<p>We can finally open a new era with this tool, as the whole world has to go through a dark era of medicine and disease.<\/p>\n<p>A XXI. century man has arrived at a crossroads and is facing a dilemma. As a blind consumer, he makes his future existence dependent on the relentless development of new technologies and the further use of material goods, or finds a path to spiritual responsibility and a health-conscious behavior that can overcome his illnesses and consolidate his individual well-being and existence.<\/p>\n<p>Being healthy doesn\u2019t just mean we\u2019re not sick. As a healthy person, we feel wonderful.<\/p>\n<p>Health is like when we remember the happy moments of our childhood and believe that many more such experiences await us&quot;<\/p>\n<p class=\" translation-block\"><em> <strong> L\u00e1szl\u00f3 Lehoczki <\/strong> <\/em> <br>\ntelevision editor-director <br>\nFounding Editor-in-Chief of the Religious Editorial Board of Danube Television <br>\nknight of Hungarian culture<\/p>\n<p>(with the matrices shown in the list)<\/p>\n<p>Not. 1 &quot;Correction of the immune system&quot;. 21 m. 2s.<br \/>\nNot. 2 &quot;Correction of the skeletal system&quot;. 1 hour. 36 m.<br \/>\nNot. 3 &quot;Correction of the cardiovascular system&quot;. 1 hour. 59 m.<br \/>\nNot. 4 &quot;Correction of nervous system disorders&quot; 2h. 22 m.<br \/>\nNot. 5 &quot;Anti-cancer program&quot;. 1 hour. 9 m<br \/>\nNot. 6 &quot;Correction of general metabolism and digestive system.&quot; 1 hour. 55 m.<br \/>\nNot. 7 &quot;Anti-aging&quot;. 2 hours. 2 m<br \/>\nNot. 8 &quot;Male Line&quot;. 1 hour. 38 m.<br \/>\nNot. 9 &quot;Women&#039;s Line&quot;. 1 hour. 18 m.<br \/>\nNot. 10 &quot;Future support&quot;. 1 hour. 16 m.<br \/>\nNot. 11 &quot;Recovery of the organization after 40-50 years&quot;. 1 hour. 0 m<br \/>\nNot. 12 &quot;Anti-parasite program&quot;. 1 hour. 50 m.<br \/>\nNot. 13 &quot;Slim figure&quot;. 34 m. 2s.<br \/>\nNot. 14 &quot;Against allergies.&quot; 29 m. 2s.<br \/>\nNot. 15 &quot;Youth and skin health&quot;. 1 hour. 45 m.<br \/>\nNot. 16 \u201cAntiviral Wave Immunity\u201d. 58 m. 54s.<br \/>\nNot. 17 &quot;Against smoking&quot;. 21 m. 0s.<br \/>\nNot. 18 &quot;Normalization of the urinary system&quot; 1 hour. 56 m.<br \/>\nNot. 19 &quot;Restoration of the body after 70 years&quot; 1 hour. 38 m.<br \/>\nNot. 20 &quot;Against alcohol addiction&quot; 1h. 5 m<br \/>\nNot. 21 &quot;Cleansing the body&quot; 30m. 2s.<\/p>\n<p>User manual ENG<\/p>\n<div class=\"ast-oembed-container\" style=\"height: 100%;\"><iframe title=\"ZenPeak Wavegenetics modulator, user guide with negentropy healing effect!\" width=\"500\" height=\"281\" src=\"https:\/\/www.youtube.com\/embed\/ccemXKrgNBc?feature=oembed\" frameborder=\"0\" allow=\"accelerometer; autoplay; clipboard-write; encrypted-media; gyroscope; picture-in-picture; web-share\" referrerpolicy=\"strict-origin-when-cross-origin\" allowfullscreen><\/iframe><\/div>\n<p>User Manual \u2013 ENGLISH<\/p>\n<div class=\"ast-oembed-container\" style=\"height: 100%;\"><iframe title=\"ZenPeak Wave Genetic Modulator - Complete Guide @lifacademy\" width=\"500\" height=\"281\" src=\"https:\/\/www.youtube.com\/embed\/p8MpDbPm7UY?feature=oembed\" frameborder=\"0\" allow=\"accelerometer; autoplay; clipboard-write; encrypted-media; gyroscope; picture-in-picture; web-share\" referrerpolicy=\"strict-origin-when-cross-origin\" allowfullscreen><\/iframe><\/div>","protected":false},"excerpt":{"rendered":"<p>Post\u00e1z\u00e1si id\u00f5 2 h\u00f3nap! 60 perces szem\u00e9lyes rendszer-be\u00e1ll\u00edt\u00e1s 30 napos follow-up check-in struktur\u00e1lt protokoll \u201eresearch partner\u201d st\u00e1tusz \u00a0 ZenPeak hull\u00e1mgenetikai modul\u00e1tor az \u00f6sszes eredeti Garjajev hull\u00e1mgenetikai m\u00e1trixxal! 21 eg\u00e9szs\u00e9g\u00fcgyi probl\u00e9m\u00e1ra! \u201cA betegs\u00e9g, \u00e9s annak gy\u00f3gy\u00edt\u00e1sa az elm\u00falt sz\u00e1zadok sor\u00e1n elszakadt a p\u00e1cienst\u0151l \u00e9s egyre szem\u00e9lytelenebb\u00e9 v\u00e1lt, r\u00e1ad\u00e1sul er\u0151sen eltol\u00f3dott a k\u00e9miai anyagok alkalmaz\u00e1sa fel\u00e9. \u00cdgy [&hellip;]<\/p>\n","protected":false},"featured_media":6825,"comment_status":"closed","ping_status":"closed","template":"","meta":{"_angie_page":false,"site-sidebar-layout":"default","site-content-layout":"","ast-site-content-layout":"default","site-content-style":"default","site-sidebar-style":"default","ast-global-header-display":"","ast-banner-title-visibility":"","ast-main-header-display":"","ast-hfb-above-header-display":"","ast-hfb-below-header-display":"","ast-hfb-mobile-header-display":"","site-post-title":"","ast-breadcrumbs-content":"","ast-featured-img":"","footer-sml-layout":"","ast-disable-related-posts":"","theme-transparent-header-meta":"default","adv-header-id-meta":"","stick-header-meta":"","header-above-stick-meta":"","header-main-stick-meta":"","header-below-stick-meta":"","astra-migrate-meta-layouts":"set","ast-page-background-enabled":"default","ast-page-background-meta":{"desktop":{"background-color":"","background-image":"","background-repeat":"repeat","background-position":"center center","background-size":"auto","background-attachment":"scroll","background-type":"","background-media":"","overlay-type":"","overlay-color":"","overlay-opacity":"","overlay-gradient":""},"tablet":{"background-color":"","background-image":"","background-repeat":"repeat","background-position":"center center","background-size":"auto","background-attachment":"scroll","background-type":"","background-media":"","overlay-type":"","overlay-color":"","overlay-opacity":"","overlay-gradient":""},"mobile":{"background-color":"","background-image":"","background-repeat":"repeat","background-position":"center center","background-size":"auto","background-attachment":"scroll","background-type":"","background-media":"","overlay-type":"","overlay-color":"","overlay-opacity":"","overlay-gradient":""}},"ast-content-background-meta":{"desktop":{"background-color":"var(--ast-global-color-5)","background-image":"","background-repeat":"repeat","background-position":"center center","background-size":"auto","background-attachment":"scroll","background-type":"","background-media":"","overlay-type":"","overlay-color":"","overlay-opacity":"","overlay-gradient":""},"tablet":{"background-color":"var(--ast-global-color-5)","background-image":"","background-repeat":"repeat","background-position":"center center","background-size":"auto","background-attachment":"scroll","background-type":"","background-media":"","overlay-type":"","overlay-color":"","overlay-opacity":"","overlay-gradient":""},"mobile":{"background-color":"var(--ast-global-color-5)","background-image":"","background-repeat":"repeat","background-position":"center center","background-size":"auto","background-attachment":"scroll","background-type":"","background-media":"","overlay-type":"","overlay-color":"","overlay-opacity":"","overlay-gradient":""}}},"product_brand":[],"product_cat":[22],"product_tag":[71],"class_list":{"0":"post-6263","1":"product","2":"type-product","3":"status-publish","4":"has-post-thumbnail","6":"product_cat-hullamgenetikai-megoldasok","7":"product_tag-zenpeak","8":"product_shipping_class-free","9":"desktop-align-left","10":"tablet-align-left","11":"mobile-align-left","13":"first","14":"instock","15":"sale","16":"taxable","17":"shipping-taxable","18":"purchasable","19":"product-type-simple"},"_links":{"self":[{"href":"https:\/\/ai-xtech.eu\/en\/wp-json\/wp\/v2\/product\/6263","targetHints":{"allow":["GET"]}}],"collection":[{"href":"https:\/\/ai-xtech.eu\/en\/wp-json\/wp\/v2\/product"}],"about":[{"href":"https:\/\/ai-xtech.eu\/en\/wp-json\/wp\/v2\/types\/product"}],"replies":[{"embeddable":true,"href":"https:\/\/ai-xtech.eu\/en\/wp-json\/wp\/v2\/comments?post=6263"}],"version-history":[{"count":17,"href":"https:\/\/ai-xtech.eu\/en\/wp-json\/wp\/v2\/product\/6263\/revisions"}],"predecessor-version":[{"id":8097,"href":"https:\/\/ai-xtech.eu\/en\/wp-json\/wp\/v2\/product\/6263\/revisions\/8097"}],"wp:featuredmedia":[{"embeddable":true,"href":"https:\/\/ai-xtech.eu\/en\/wp-json\/wp\/v2\/media\/6825"}],"wp:attachment":[{"href":"https:\/\/ai-xtech.eu\/en\/wp-json\/wp\/v2\/media?parent=6263"}],"wp:term":[{"taxonomy":"product_brand","embeddable":true,"href":"https:\/\/ai-xtech.eu\/en\/wp-json\/wp\/v2\/product_brand?post=6263"},{"taxonomy":"product_cat","embeddable":true,"href":"https:\/\/ai-xtech.eu\/en\/wp-json\/wp\/v2\/product_cat?post=6263"},{"taxonomy":"product_tag","embeddable":true,"href":"https:\/\/ai-xtech.eu\/en\/wp-json\/wp\/v2\/product_tag?post=6263"}],"curies":[{"name":"wp","href":"https:\/\/api.w.org\/{rel}","templated":true}]}}