{"id":899,"date":"2021-07-31T20:33:25","date_gmt":"2021-07-31T20:33:25","guid":{"rendered":"https:\/\/ai-xtech.eu\/?post_type=product&#038;p=899"},"modified":"2026-04-08T11:55:39","modified_gmt":"2026-04-08T10:55:39","slug":"garyaev-hullamgenetikai-matrixai","status":"publish","type":"product","link":"https:\/\/ai-xtech.eu\/de\/produkt\/garyaev-hullamgenetikai-matrixai\/","title":{"rendered":"Audiodateien mit Tertyshny-Garyaev-Technologie (wellengenetische Matrizen)"},"content":{"rendered":"<p>Wir erstellen 21 Arten wellengenetischer Matrizen basierend auf der Arbeit von Dr. Pyotr Garyaev Petrovich und Prof. Luc Montaigner.<br \/>\n<strong>Es ist auch m\u00f6glich, eine einzigartige Matrix anzufordern!<\/strong><br \/>\nDas H\u00f6ren auf die Matrizen ist ebenfalls effektiv, aber mit dem wellengenetischen Ger\u00e4t ist dies die Effektivit\u00e4t<br \/>\nkann verdreifacht werden. Dies sind allgemeine Wellengenetik-Dateien (Sounds), die auch perfekt f\u00fcr die Wasseraufbereitung geeignet sind!<br \/>\nWenn Sie kein Wellengenetik-Ger\u00e4t haben, stellen Sie einen mit sauberem Wasser gef\u00fcllten Beh\u00e4lter vor den Lautsprecher \/ Lautsprecher.<br \/>\nNachdem Sie das Wellengenetik-Programm gespielt haben, trinken Sie das Wasser!<br \/>\nWenn Sie ein Wellengenetik-Ger\u00e4t haben, stellen Sie eine mit sauberem Wasser gef\u00fcllte 2-Liter-Flasche auf die gr\u00f6\u00dfere Spule.<br \/>\nund trink das Wasser, nachdem die Allomanen fertig sind!<br \/>\nW\u00e4hlen Sie einen Wellengenetik-Untertyp aus der Dropdown-Liste!<\/p>","protected":false},"excerpt":{"rendered":"<h2>Wellengenetik<\/h2>\n<p>Die moderne Medizin steht an einem Scheideweg. W\u00e4hrend Fortschritte in der Technologie beispiellose M\u00f6glichkeiten er\u00f6ffnet haben, verliert die Aufmerksamkeit f\u00fcr die menschliche Gesundheit zunehmend ihren pers\u00f6nlichen Charakter und Patienten f\u00fchlen sich oft einsam und verletzlich. Der ganzheitliche Ansatz der traditionellen Heilung, der den Menschen als k\u00f6rperlich-seelische Einheit behandelte, verschwindet langsam im Nebel der Vergangenheit und wird durch chemische Behandlungen und massenhaft angewandte Therapien ersetzt.<\/p>\n<figure id=\"attachment_6568\" aria-describedby=\"caption-attachment-6568\" style=\"width: 300px\" class=\"wp-caption alignnone\"><img fetchpriority=\"high\" decoding=\"async\" class=\"size-medium wp-image-6568\" src=\"https:\/\/ai-xtech.eu\/oordufup\/2024\/02\/aixtech._Implicit_functions_of_the_genetic_apparatus_b6a2dc44-26af-4c4c-a3a9-590733c167d1-1-300x168.jpg\" alt=\"hull\u00e1mgenetika\" width=\"300\" height=\"168\" srcset=\"https:\/\/ai-xtech.eu\/oordufup\/2024\/02\/aixtech._Implicit_functions_of_the_genetic_apparatus_b6a2dc44-26af-4c4c-a3a9-590733c167d1-1-300x168.jpg 300w, https:\/\/ai-xtech.eu\/oordufup\/2024\/02\/aixtech._Implicit_functions_of_the_genetic_apparatus_b6a2dc44-26af-4c4c-a3a9-590733c167d1-1-768x430.jpg 768w, https:\/\/ai-xtech.eu\/oordufup\/2024\/02\/aixtech._Implicit_functions_of_the_genetic_apparatus_b6a2dc44-26af-4c4c-a3a9-590733c167d1-1-18x10.jpg 18w, https:\/\/ai-xtech.eu\/oordufup\/2024\/02\/aixtech._Implicit_functions_of_the_genetic_apparatus_b6a2dc44-26af-4c4c-a3a9-590733c167d1-1-600x336.jpg 600w, https:\/\/ai-xtech.eu\/oordufup\/2024\/02\/aixtech._Implicit_functions_of_the_genetic_apparatus_b6a2dc44-26af-4c4c-a3a9-590733c167d1-1.jpg 800w\" sizes=\"(max-width: 300px) 100vw, 300px\" \/><figcaption id=\"caption-attachment-6568\" class=\"wp-caption-text\">Wellengenetik<\/figcaption><\/figure>\n<p>Link\u00a0<a href=\"https:\/\/wavegenetics.org\/en\/\">https:\/\/wavegenetics.org\/en\/<\/a><br \/>\nIn einer Welt, in der die Behandlung von Krankheiten von mechanischen und unpers\u00f6nlichen Prozessen dominiert wird, verdienen Wissenschaftler, die neue, ganzheitlichere Ans\u00e4tze als Reaktion auf grundlegende menschliche Bed\u00fcrfnisse entwickelt haben, besondere Aufmerksamkeit. Die Wissenschaft der Wellengenetik, die Pjotr Garjajew zugeschrieben wird, ist eine solch revolution\u00e4re Entdeckung. Diese Methode bewegt sich an der Grenze zwischen Quantenphysik und Humanbiologie und schl\u00e4gt eine Br\u00fccke zwischen der materiellen Welt und h\u00f6heren Dimensionen, um ein neues Licht auf die M\u00f6glichkeiten der Heilung zu werfen.<\/p>\n<p>Heutzutage geht es nicht mehr nur um die Frage, wie eine Krankheit beseitigt werden kann. Die eigentliche Herausforderung besteht darin, zu verstehen, wie das innere Gleichgewicht eines Menschen wiederhergestellt werden kann und wie Innovationen zur Wiederherstellung der k\u00f6rperlichen und geistigen Harmonie eingesetzt werden k\u00f6nnen. Wellengenetik und andere bahnbrechende Entdeckungen versprechen, dass die Menschheit endlich aus dem dunklen Zeitalter der Medizin ausbrechen und in eine bessere, hoffnungsvollere Zukunft vordringen kann.<\/p>\n<p>Alle Matrizen in einem Paket:<br \/>\n<a href=\"https:\/\/ai-xtech.eu\/termek\/garjajev-osszes-hullamgenetikai-matrixa-egy-csomagban\/\">https:\/\/ai-xtech.eu\/termek\/garjajev-osszes-hullamgenetikai-matrixa-egy-csomagban\/<\/a><\/p>\n<p>In der Geschichte der Menschheit spielt Heilung seit jeher eine zentrale Rolle, denn unsere Gesundheit ist die Grundlage f\u00fcr Gl\u00fcck und Langlebigkeit. Allerdings hat sich die Medizin in den letzten Jahrhunderten zunehmend auf Technologie und chemische Behandlungen konzentriert, was den Patienten oft von einem personalisierten, ganzheitlichen Ansatz entfernt hat. Gleichzeitig haben neue wissenschaftliche Erkenntnisse und innovative Werkzeuge die T\u00fcr zu einer neuen Art von Medizin ge\u00f6ffnet, die den menschlichen K\u00f6rper und die Seele als Einheit behandelt.<\/p>\n<p class=\" translation-block\">\u201eDie Krankheit und ihre Heilung haben sich im Laufe der Jahrhunderte vom Patienten gel\u00f6st und sind zunehmend unpers\u00f6nlich geworden, zus\u00e4tzlich zu einer starken Verschiebung hin zum Einsatz von Chemikalien. So wurde der Mensch inmitten seiner Krankheiten und Schmerzen immer einsamer und hoffnungsloser\nVon Beginn der Kultur an wurde der Patient immer mit seiner Krankheit und Umgebung beobachtet und geheilt.<\/p>\n<p>Paul Claudel, ein franz\u00f6sischer Schriftsteller, Dichter, Akademiker, nennt Patienten \u201eeingeladen\u201c.<\/p>\n<p>Viele der Wissenschaftler, die daran arbeiten, das menschliche Leben sch\u00f6ner und besser zu machen, haben Entdeckungen gemacht, deren Anwendung mit Hilfe von Heilern dem leidenden Menschen Linderung gebracht hat. Einer der ersten Erfinder war Nikola Tesla, dessen Erfindungen Pyotr Garjajev die Wissenschaft der Wellengenetik schuf, indem er mehrere Disziplinen kombinierte und die Quantenphysik einsetzte. Parallel dazu schuf Alexander Misin ein Ger\u00e4t zur Optimierung physikalischer, chemischer Verschiebungen im menschlichen K\u00f6rper. Nachdem Professor Garjaev die Funktionsweise des Ger\u00e4tes kennengelernt hatte, kombinierte er es mit seinem eigenen Wissen, perfektionierte es, machte es effektiver und schuf so ein revolution\u00e4res neues Ger\u00e4t, das die Heilung auf eine andere Grundlage als bisherige Methoden stellt.<\/p>\n<p>Wir k\u00f6nnen mit diesem Tool endlich eine neue \u00c4ra einleiten, da die ganze Welt eine dunkle \u00c4ra der Medizin und Krankheit durchmachen muss.<\/p>\n<p>Ein XXI. Jahrhundert steht der Mensch an einem Scheideweg und steht vor einem Dilemma. Als blinder Konsument macht er sein zuk\u00fcnftiges Dasein abh\u00e4ngig von der unnachgiebigen Entwicklung neuer Technologien und der Weiterverwendung materieller G\u00fcter oder findet einen Weg zu geistiger Verantwortung und einem gesundheitsbewussten Verhalten, das seine Krankheiten \u00fcberwinden und sein individuelles Wohlergehen festigen kann. Sein und Sein.<\/p>\n<p>Gesund zu sein bedeutet nicht nur, dass wir nicht krank sind. Als gesunder Mensch f\u00fchlen wir uns wunderbar.<\/p>\n<p>Gesundheit ist wie wenn wir uns an die gl\u00fccklichen Momente unserer Kindheit erinnern und glauben, dass noch viele weitere solcher Erlebnisse auf uns warten.<\/p>\n<p class=\" translation-block\"><em> <strong> L\u00e1szl\u00f3 Lehoczki <\/strong> <\/em> <br>\nFernsehredakteur-Regisseur <br>\nGr\u00fcndungs-Chefredakteurin der Religionsredaktion von Danube Television <br>\nRitter der ungarischen Kultur<\/p>\n<p data-wtdl-uid=\"10\" data-wtdl-original=\"true\" data-wtdl-translated=\"true\">Universelle Programme sind (spintronische) Wellenkartierungen, spezielle Spektren, von nat\u00fcrlichen, nat\u00fcrlich gewonnenen, biologisch aktiven Substanzen. Zum Beispiel Gel\u00e9e Royale, Honig, Sibirischer Ginseng, Weizenkeime usw. Im Gegensatz zu einzelnen Matrizen, f\u00fcr deren Kompilierung Fotos erforderlich sind, ist dies bei diesem Programm nicht erforderlich. Dies sind die fertigen Programme. Wir aktualisieren sie st\u00e4ndig entsprechend der Verarbeitung neuer Materialeigenschaften.<\/p>\n<p data-wtdl-uid=\"11\" data-wtdl-original=\"true\" data-wtdl-translated=\"true\">Ein Teil des universellen Programms wurde gemeinsam mit Raisa Akhmetovna Mansurova entwickelt. In meinen Seminaren setzt er die Matrix aktiv f\u00fcr Gesundheitszwecke ein.<\/p>\n<p data-wtdl-uid=\"12\" data-wtdl-original=\"true\" data-wtdl-translated=\"true\">Bitte beachten Sie, dass im Internet f\u00fcr Universalmatrizen geworben wird. Sie kennen sich mit der Technik nicht aus, sie verkaufen nur gef\u00e4lschte Kopien von skandal\u00f6ser Qualit\u00e4t, \u00fcbernehmen keine Verantwortung f\u00fcr deren Verwendung und stellen keine Rechnung aus.<\/p>","protected":false},"featured_media":6568,"comment_status":"closed","ping_status":"closed","template":"","meta":{"_angie_page":false,"site-sidebar-layout":"no-sidebar","site-content-layout":"plain-container","ast-site-content-layout":"full-width-container","site-content-style":"unboxed","site-sidebar-style":"unboxed","ast-global-header-display":"","ast-banner-title-visibility":"","ast-main-header-display":"","ast-hfb-above-header-display":"","ast-hfb-below-header-display":"","ast-hfb-mobile-header-display":"","site-post-title":"","ast-breadcrumbs-content":"","ast-featured-img":"","footer-sml-layout":"","ast-disable-related-posts":"","theme-transparent-header-meta":"default","adv-header-id-meta":"","stick-header-meta":"","header-above-stick-meta":"","header-main-stick-meta":"","header-below-stick-meta":"","astra-migrate-meta-layouts":"set","ast-page-background-enabled":"default","ast-page-background-meta":{"desktop":{"background-color":"","background-image":"","background-repeat":"repeat","background-position":"center center","background-size":"auto","background-attachment":"scroll","background-type":"","background-media":"","overlay-type":"","overlay-color":"","overlay-opacity":"","overlay-gradient":""},"tablet":{"background-color":"","background-image":"","background-repeat":"repeat","background-position":"center center","background-size":"auto","background-attachment":"scroll","background-type":"","background-media":"","overlay-type":"","overlay-color":"","overlay-opacity":"","overlay-gradient":""},"mobile":{"background-color":"","background-image":"","background-repeat":"repeat","background-position":"center center","background-size":"auto","background-attachment":"scroll","background-type":"","background-media":"","overlay-type":"","overlay-color":"","overlay-opacity":"","overlay-gradient":""}},"ast-content-background-meta":{"desktop":{"background-color":"var(--ast-global-color-5)","background-image":"","background-repeat":"repeat","background-position":"center center","background-size":"auto","background-attachment":"scroll","background-type":"","background-media":"","overlay-type":"","overlay-color":"","overlay-opacity":"","overlay-gradient":""},"tablet":{"background-color":"var(--ast-global-color-5)","background-image":"","background-repeat":"repeat","background-position":"center center","background-size":"auto","background-attachment":"scroll","background-type":"","background-media":"","overlay-type":"","overlay-color":"","overlay-opacity":"","overlay-gradient":""},"mobile":{"background-color":"var(--ast-global-color-5)","background-image":"","background-repeat":"repeat","background-position":"center center","background-size":"auto","background-attachment":"scroll","background-type":"","background-media":"","overlay-type":"","overlay-color":"","overlay-opacity":"","overlay-gradient":""}}},"product_brand":[],"product_cat":[22],"product_tag":[74],"class_list":{"0":"post-899","1":"product","2":"type-product","3":"status-publish","4":"has-post-thumbnail","6":"product_cat-hullamgenetikai-megoldasok","7":"product_tag-matrix","8":"product_shipping_class-matrices","9":"desktop-align-left","10":"tablet-align-left","11":"mobile-align-left","13":"first","14":"instock","15":"taxable","16":"shipping-taxable","17":"purchasable","18":"product-type-variable"},"_links":{"self":[{"href":"https:\/\/ai-xtech.eu\/de\/wp-json\/wp\/v2\/product\/899","targetHints":{"allow":["GET"]}}],"collection":[{"href":"https:\/\/ai-xtech.eu\/de\/wp-json\/wp\/v2\/product"}],"about":[{"href":"https:\/\/ai-xtech.eu\/de\/wp-json\/wp\/v2\/types\/product"}],"replies":[{"embeddable":true,"href":"https:\/\/ai-xtech.eu\/de\/wp-json\/wp\/v2\/comments?post=899"}],"version-history":[{"count":10,"href":"https:\/\/ai-xtech.eu\/de\/wp-json\/wp\/v2\/product\/899\/revisions"}],"predecessor-version":[{"id":7396,"href":"https:\/\/ai-xtech.eu\/de\/wp-json\/wp\/v2\/product\/899\/revisions\/7396"}],"wp:featuredmedia":[{"embeddable":true,"href":"https:\/\/ai-xtech.eu\/de\/wp-json\/wp\/v2\/media\/6568"}],"wp:attachment":[{"href":"https:\/\/ai-xtech.eu\/de\/wp-json\/wp\/v2\/media?parent=899"}],"wp:term":[{"taxonomy":"product_brand","embeddable":true,"href":"https:\/\/ai-xtech.eu\/de\/wp-json\/wp\/v2\/product_brand?post=899"},{"taxonomy":"product_cat","embeddable":true,"href":"https:\/\/ai-xtech.eu\/de\/wp-json\/wp\/v2\/product_cat?post=899"},{"taxonomy":"product_tag","embeddable":true,"href":"https:\/\/ai-xtech.eu\/de\/wp-json\/wp\/v2\/product_tag?post=899"}],"curies":[{"name":"wp","href":"https:\/\/api.w.org\/{rel}","templated":true}]}}