{"id":7488,"date":"2025-03-11T18:22:44","date_gmt":"2025-03-11T17:22:44","guid":{"rendered":"https:\/\/ai-xtech.eu\/?post_type=product&#038;p=7488"},"modified":"2026-04-08T11:57:35","modified_gmt":"2026-04-08T10:57:35","slug":"zenpeak-melleny","status":"publish","type":"product","link":"https:\/\/ai-xtech.eu\/de\/produkt\/zenpeak-melleny\/","title":{"rendered":"ZenPeak Weste"},"content":{"rendered":"<h1><b>Die ZenPeak Weste<\/b><\/h1>\n<p>Menge:<strong> Lieferzeit 4-8 Wochen<\/strong><\/p>\n<p><span dir=\"auto\">Unabh\u00e4ngige Weste mit elektromagnetischen Feldinduktionsspulen und der M\u00f6glichkeit, in den statischen Feldmodus zu wechseln. Komfortabel, f\u00fcr den t\u00e4glichen Gebrauch konzipiert, ohne Anschluss an eine Steckdose. Der Generator kann direkt an der Weste befestigt werden und erm\u00f6glicht so freie Bewegung im Raum oder beim Gehen. Er hat die gleichen Eigenschaften wie herk\u00f6mmliche Spulen.<\/span><\/p>\n<p><span dir=\"auto\">Ein wesentliches Merkmal der Behandlung ist, dass ein gr\u00f6\u00dferer K\u00f6rperbereich gleichzeitig von beiden Seiten behandelt werden kann. Dies erh\u00f6ht die Effizienz und verk\u00fcrzt die Behandlungszeit. Dies wird durch die Umschaltung in den statischen Modus \u00fcber einen Aufw\u00e4rtstransformator erreicht. Es wird eine andere Betriebsmethode der Weste verwendet. Diese Methode der Beeinflussung des Patienten mit einem elektrostatischen Feld basiert auf der Wechselwirkung des K\u00f6rpers mit einem alternierenden niederfrequenten, hochintensiven elektrostatischen Feld.<\/span><\/p>\n<p><span dir=\"auto\">Das elektrostatische Feld verursacht Gewebeschwingungen unterschiedlichen Ausma\u00dfes, die sich bis in betr\u00e4chtliche Tiefen ausbreiten. Diese Gewebeschwingungen (Verschiebungen) k\u00f6nnen je nach Frequenz, Intensit\u00e4t und Dauer der Anwendung das Neurorezeptorsystem, das lokalisierte Blut- und Lymphsystem beeinflussen, den Muskeltonus regulieren und den Funktionszustand der inneren Organe beeintr\u00e4chtigen.<\/span><\/p>\n<p><span dir=\"auto\">Die vorgestellte Methode der elektrostatischen Therapie ist wirksam bei der Behandlung von Erkrankungen des Bewegungsapparates, Erkrankungen des zentralen und peripheren Nervensystems, lymphatischer und ven\u00f6ser Insuffizienz sowie Erkrankungen des Bronchopulmonalsystems und der Verdauungsorgane.<\/span><\/p>\n<p><span dir=\"auto\">Einzelheiten:<\/span><\/p>\n<p><span dir=\"auto\">Das Westen-Kit besteht aus zwei integrierten MGTF-Drahtspulen in der Weste selbst, einem mobilen 300-kHz-Sinusgenerator, einer Ladeeinheit und einem Aufw\u00e4rtstransformator.<\/span><\/p>","protected":false},"excerpt":{"rendered":"<p>A ZenPeak mell\u00e9ny Mennyis\u00e9g: 4-8 h\u00e9t rend\u00e9lesi ido \u00d6n\u00e1ll\u00f3 mell\u00e9ny elektrom\u00e1gneses mez\u0151 indukci\u00f3s tekercsekkel \u00e9s statikus mez\u0151 \u00fczemm\u00f3dba kapcsolhat\u00f3s\u00e1g\u00e1val. K\u00e9nyelmes, mindennapi haszn\u00e1latra tervezve, an\u00e9lk\u00fcl, hogy konnektorhoz kellene k\u00f6tni. A gener\u00e1tor k\u00f6zvetlen\u00fcl a mell\u00e9nyhez r\u00f6gz\u00edthet\u0151, \u00edgy szabad mozg\u00e1st biztos\u00edt a szob\u00e1ban vagy j\u00e1r\u00e1s k\u00f6zben. Ugyanazokkal a tulajdons\u00e1gokkal rendelkezik, mint a hagyom\u00e1nyos tekercsek. A kezel\u00e9s egyik kulcsfontoss\u00e1g\u00fa [&hellip;]<\/p>\n","protected":false},"featured_media":7489,"comment_status":"closed","ping_status":"closed","template":"","meta":{"_angie_page":false,"site-sidebar-layout":"default","site-content-layout":"","ast-site-content-layout":"default","site-content-style":"default","site-sidebar-style":"default","ast-global-header-display":"","ast-banner-title-visibility":"","ast-main-header-display":"","ast-hfb-above-header-display":"","ast-hfb-below-header-display":"","ast-hfb-mobile-header-display":"","site-post-title":"","ast-breadcrumbs-content":"","ast-featured-img":"","footer-sml-layout":"","ast-disable-related-posts":"","theme-transparent-header-meta":"default","adv-header-id-meta":"","stick-header-meta":"","header-above-stick-meta":"","header-main-stick-meta":"","header-below-stick-meta":"","astra-migrate-meta-layouts":"set","ast-page-background-enabled":"default","ast-page-background-meta":{"desktop":{"background-color":"","background-image":"","background-repeat":"repeat","background-position":"center center","background-size":"auto","background-attachment":"scroll","background-type":"","background-media":"","overlay-type":"","overlay-color":"","overlay-opacity":"","overlay-gradient":""},"tablet":{"background-color":"","background-image":"","background-repeat":"repeat","background-position":"center center","background-size":"auto","background-attachment":"scroll","background-type":"","background-media":"","overlay-type":"","overlay-color":"","overlay-opacity":"","overlay-gradient":""},"mobile":{"background-color":"","background-image":"","background-repeat":"repeat","background-position":"center center","background-size":"auto","background-attachment":"scroll","background-type":"","background-media":"","overlay-type":"","overlay-color":"","overlay-opacity":"","overlay-gradient":""}},"ast-content-background-meta":{"desktop":{"background-color":"var(--ast-global-color-5)","background-image":"","background-repeat":"repeat","background-position":"center center","background-size":"auto","background-attachment":"scroll","background-type":"","background-media":"","overlay-type":"","overlay-color":"","overlay-opacity":"","overlay-gradient":""},"tablet":{"background-color":"var(--ast-global-color-5)","background-image":"","background-repeat":"repeat","background-position":"center center","background-size":"auto","background-attachment":"scroll","background-type":"","background-media":"","overlay-type":"","overlay-color":"","overlay-opacity":"","overlay-gradient":""},"mobile":{"background-color":"var(--ast-global-color-5)","background-image":"","background-repeat":"repeat","background-position":"center center","background-size":"auto","background-attachment":"scroll","background-type":"","background-media":"","overlay-type":"","overlay-color":"","overlay-opacity":"","overlay-gradient":""}}},"product_brand":[],"product_cat":[22],"product_tag":[],"class_list":{"0":"post-7488","1":"product","2":"type-product","3":"status-publish","4":"has-post-thumbnail","6":"product_cat-hullamgenetikai-megoldasok","7":"product_shipping_class-free","8":"desktop-align-left","9":"tablet-align-left","10":"mobile-align-left","12":"first","13":"instock","14":"taxable","15":"shipping-taxable","16":"purchasable","17":"product-type-simple"},"_links":{"self":[{"href":"https:\/\/ai-xtech.eu\/de\/wp-json\/wp\/v2\/product\/7488","targetHints":{"allow":["GET"]}}],"collection":[{"href":"https:\/\/ai-xtech.eu\/de\/wp-json\/wp\/v2\/product"}],"about":[{"href":"https:\/\/ai-xtech.eu\/de\/wp-json\/wp\/v2\/types\/product"}],"replies":[{"embeddable":true,"href":"https:\/\/ai-xtech.eu\/de\/wp-json\/wp\/v2\/comments?post=7488"}],"version-history":[{"count":7,"href":"https:\/\/ai-xtech.eu\/de\/wp-json\/wp\/v2\/product\/7488\/revisions"}],"predecessor-version":[{"id":8098,"href":"https:\/\/ai-xtech.eu\/de\/wp-json\/wp\/v2\/product\/7488\/revisions\/8098"}],"wp:featuredmedia":[{"embeddable":true,"href":"https:\/\/ai-xtech.eu\/de\/wp-json\/wp\/v2\/media\/7489"}],"wp:attachment":[{"href":"https:\/\/ai-xtech.eu\/de\/wp-json\/wp\/v2\/media?parent=7488"}],"wp:term":[{"taxonomy":"product_brand","embeddable":true,"href":"https:\/\/ai-xtech.eu\/de\/wp-json\/wp\/v2\/product_brand?post=7488"},{"taxonomy":"product_cat","embeddable":true,"href":"https:\/\/ai-xtech.eu\/de\/wp-json\/wp\/v2\/product_cat?post=7488"},{"taxonomy":"product_tag","embeddable":true,"href":"https:\/\/ai-xtech.eu\/de\/wp-json\/wp\/v2\/product_tag?post=7488"}],"curies":[{"name":"wp","href":"https:\/\/api.w.org\/{rel}","templated":true}]}}