{"id":7175,"date":"2024-08-07T15:43:32","date_gmt":"2024-08-07T14:43:32","guid":{"rendered":"https:\/\/ai-xtech.eu\/?post_type=product&#038;p=7175"},"modified":"2026-04-08T11:58:16","modified_gmt":"2026-04-08T10:58:16","slug":"zenpeak-aura-torzos-technologia","status":"publish","type":"product","link":"https:\/\/ai-xtech.eu\/de\/produkt\/zenpeak-aura-torzos-technologia\/","title":{"rendered":"Fernwiederherstellung der Gesundheit \u2013 (ZenPeakAura)"},"content":{"rendered":"<p>ZenPeak-Aura<br \/>\nDurch diese energetische Behandlung soll ein gesunder Zustand wiederhergestellt werden.<br \/>\nDie energetische Behandlung mit dem Torsionsstrahl dauert 1 Woche.<\/p>\n<p>4 Wochen lang aktivieren wir einmal w\u00f6chentlich am Freitag mit Ihrem Foto ein Torsionssignalgeberger\u00e4t.<br \/>\nkombiniert mit Wavelet-Genmatrizen unter Ber\u00fccksichtigung Ihres Problems.<br \/>\nSie m\u00fcssen ein Datenblatt ausf\u00fcllen, das wir Ihnen nach dem Kauf zusenden.<\/p>\n<p>Wir haben die nichtlokale Quantentechnologie erweitert, sodass sie w\u00e4hrend der energetischen Behandlung nicht vorhanden sein muss.<br \/>\nSie k\u00f6nnen \u00fcberall auf der Welt bleiben und die M\u00f6glichkeiten und Freuden des Lebens genie\u00dfen!<\/p>\n<p>Um die Wirksamkeit sicherzustellen, k\u00f6nnen Sie zus\u00e4tzlich 3 allgemeine wellengenetische Matrizen verwenden. Dies m\u00fcssen Sie vorab mit uns absprechen. Wir senden Ihnen die Download-Links zu und Sie erhalten eine ausf\u00fchrliche Video-Gebrauchsanweisung, falls Ihnen die wellengenetische Technologie unbekannt ist.<\/p>\n<p>Diese Klangdateien sollen das energetische Gleichgewicht Ihres K\u00f6rpers wiederherstellen.<\/p>\n<p>Bisher hat niemand eine M\u00f6glichkeit f\u00fcr eine solche kombinierte Energiemethode bereitgestellt, die erwarteten \u00c4nderungen k\u00f6nnen innerhalb einer Woche eintreten, normalerweise dauert der gesamte Prozess jedoch 6 Monate.<\/p>\n<p>Die Technologie wurde vom franz\u00f6sischen Biophysiker Prof. Dr. Luc Montaigner (entwickelte Prinzipien zur Speicherung von Wasserinformationen, schallbasierte DNA-Wiedergewinnung, Entdeckung des HIV-Virus \u2013 Nobelpreis), Prof. Dr. Anatoliy Pavlenko Akimov (Entwickler und Anwendung von) gegr\u00fcndet Torsions-Raum-Zeit-Theorie) erkannte, dass das energetische Modell hinter dem Prozess von Prof. Dr. Pjotr Petrowitsch Garjajew (einem russischen Professor f\u00fcr Biowissenschaften) die ersten Prototypen wellengenetischer Dateien aus biologischen Proben erstellt und auf Zellen angewendet hat Proben, Tiere und dann Menschen.<br \/>\nDie Kombination von Technologien wurde erstmals in gr\u00f6\u00dferem Ma\u00dfstab von G\u00e1bor Roland T\u00f3th (Forscher) (Ai-Xtech GmbH) angewendet.<\/p>\n<p><strong>Im Paket enthalten: 4-w\u00f6chige Torsionsenergiebehandlung (Fernbehandlung)<\/strong><\/p>\n<p><strong>3 genetische Matrizen der allgemeinen Welle, die Sie oder Ihre Familienmitglieder jederzeit verwenden k\u00f6nnen!<\/strong><\/p>\n<p><strong>Eine halbst\u00fcndige MedBed-Behandlung (Garjaev-Kapsel) in Miskolc. Bioinformatik-Klinik Miskolc, J\u00e0nos \u00f9t 1<\/strong><\/p>\n<p>(ZenPeak-Aura)<\/p>","protected":false},"excerpt":{"rendered":"<p>ZenPeak Aura Ezen energetikai kezel\u00e9s, az eg\u00e9szs\u00e9ges \u00e1llapotot hivatott vissza\u00e1ll\u00edtani. Az energetikai kezel\u00e9s a torzi\u00f3s jelsug\u00e1rz\u00f3val, 1 h\u00e9tig tart. 4 h\u00e9tig, hetente 1 alkalommal, p\u00e9nteken aktiv\u00e1lunk egy torzi\u00f3s jel emitter eszk\u00f6zt, az \u00d6n fot\u00f3j\u00e1val kombin\u00e1lva a hull\u00e1mgenetikai m\u00e1trixokkal az \u00d6n probl\u00e9m\u00e1j\u00e1t figyelembe v\u00e9ve. Ki kell t\u00f6ltenie egy adatlapot, melyet a v\u00e1s\u00e1rl\u00e1s ut\u00e1n elk\u00fcld\u00fcnk. A kvantum [&hellip;]<\/p>\n","protected":false},"featured_media":7176,"comment_status":"closed","ping_status":"closed","template":"","meta":{"_angie_page":false,"site-sidebar-layout":"default","site-content-layout":"","ast-site-content-layout":"default","site-content-style":"default","site-sidebar-style":"default","ast-global-header-display":"","ast-banner-title-visibility":"","ast-main-header-display":"","ast-hfb-above-header-display":"","ast-hfb-below-header-display":"","ast-hfb-mobile-header-display":"","site-post-title":"","ast-breadcrumbs-content":"","ast-featured-img":"","footer-sml-layout":"","ast-disable-related-posts":"","theme-transparent-header-meta":"default","adv-header-id-meta":"","stick-header-meta":"","header-above-stick-meta":"","header-main-stick-meta":"","header-below-stick-meta":"","astra-migrate-meta-layouts":"set","ast-page-background-enabled":"default","ast-page-background-meta":{"desktop":{"background-color":"","background-image":"","background-repeat":"repeat","background-position":"center center","background-size":"auto","background-attachment":"scroll","background-type":"","background-media":"","overlay-type":"","overlay-color":"","overlay-opacity":"","overlay-gradient":""},"tablet":{"background-color":"","background-image":"","background-repeat":"repeat","background-position":"center center","background-size":"auto","background-attachment":"scroll","background-type":"","background-media":"","overlay-type":"","overlay-color":"","overlay-opacity":"","overlay-gradient":""},"mobile":{"background-color":"","background-image":"","background-repeat":"repeat","background-position":"center center","background-size":"auto","background-attachment":"scroll","background-type":"","background-media":"","overlay-type":"","overlay-color":"","overlay-opacity":"","overlay-gradient":""}},"ast-content-background-meta":{"desktop":{"background-color":"var(--ast-global-color-5)","background-image":"","background-repeat":"repeat","background-position":"center center","background-size":"auto","background-attachment":"scroll","background-type":"","background-media":"","overlay-type":"","overlay-color":"","overlay-opacity":"","overlay-gradient":""},"tablet":{"background-color":"var(--ast-global-color-5)","background-image":"","background-repeat":"repeat","background-position":"center center","background-size":"auto","background-attachment":"scroll","background-type":"","background-media":"","overlay-type":"","overlay-color":"","overlay-opacity":"","overlay-gradient":""},"mobile":{"background-color":"var(--ast-global-color-5)","background-image":"","background-repeat":"repeat","background-position":"center center","background-size":"auto","background-attachment":"scroll","background-type":"","background-media":"","overlay-type":"","overlay-color":"","overlay-opacity":"","overlay-gradient":""}}},"product_brand":[],"product_cat":[22],"product_tag":[],"class_list":{"0":"post-7175","1":"product","2":"type-product","3":"status-publish","4":"has-post-thumbnail","6":"product_cat-hullamgenetikai-megoldasok","7":"product_shipping_class-free","8":"desktop-align-left","9":"tablet-align-left","10":"mobile-align-left","12":"first","13":"instock","14":"taxable","15":"shipping-taxable","16":"purchasable","17":"product-type-simple"},"_links":{"self":[{"href":"https:\/\/ai-xtech.eu\/de\/wp-json\/wp\/v2\/product\/7175","targetHints":{"allow":["GET"]}}],"collection":[{"href":"https:\/\/ai-xtech.eu\/de\/wp-json\/wp\/v2\/product"}],"about":[{"href":"https:\/\/ai-xtech.eu\/de\/wp-json\/wp\/v2\/types\/product"}],"replies":[{"embeddable":true,"href":"https:\/\/ai-xtech.eu\/de\/wp-json\/wp\/v2\/comments?post=7175"}],"version-history":[{"count":8,"href":"https:\/\/ai-xtech.eu\/de\/wp-json\/wp\/v2\/product\/7175\/revisions"}],"predecessor-version":[{"id":7309,"href":"https:\/\/ai-xtech.eu\/de\/wp-json\/wp\/v2\/product\/7175\/revisions\/7309"}],"wp:featuredmedia":[{"embeddable":true,"href":"https:\/\/ai-xtech.eu\/de\/wp-json\/wp\/v2\/media\/7176"}],"wp:attachment":[{"href":"https:\/\/ai-xtech.eu\/de\/wp-json\/wp\/v2\/media?parent=7175"}],"wp:term":[{"taxonomy":"product_brand","embeddable":true,"href":"https:\/\/ai-xtech.eu\/de\/wp-json\/wp\/v2\/product_brand?post=7175"},{"taxonomy":"product_cat","embeddable":true,"href":"https:\/\/ai-xtech.eu\/de\/wp-json\/wp\/v2\/product_cat?post=7175"},{"taxonomy":"product_tag","embeddable":true,"href":"https:\/\/ai-xtech.eu\/de\/wp-json\/wp\/v2\/product_tag?post=7175"}],"curies":[{"name":"wp","href":"https:\/\/api.w.org\/{rel}","templated":true}]}}