{"id":6693,"date":"2024-02-14T15:04:12","date_gmt":"2024-02-14T14:04:12","guid":{"rendered":"https:\/\/ai-xtech.eu\/?post_type=product&#038;p=6693"},"modified":"2026-04-08T11:59:02","modified_gmt":"2026-04-08T10:59:02","slug":"zenpeak-light-villanofenyes-uv-keszulek","status":"publish","type":"product","link":"https:\/\/ai-xtech.eu\/de\/produkt\/zenpeak-light-villanofenyes-uv-keszulek\/","title":{"rendered":"ZenPeak Light (Blitz-UV-Ger\u00e4t)"},"content":{"rendered":"<p><strong><b>4 Wochen Lieferzeit!<\/b><br \/>\n(Ecosvet)<\/strong><\/p>\n<p>&nbsp;<\/p>","protected":false},"excerpt":{"rendered":"<p data-dl-uid=\"28\" data-dl-original=\"true\" data-dl-translated=\"true\">Das \u201cZenPeak Light\u201d \u2013<\/p>\n<p><span dir=\"auto\">Es wurde jahrelang klinisch getestet und ist von Roszdravnadzor, der Russischen Akademie der Medizinischen Wissenschaften und der Russischen Gesellschaft f\u00fcr Rehabilitationsmedizin zugelassen und empfohlen. ZenPeak Light hilft, das Immunsystem zu Hause zu st\u00e4rken, den Stoffwechsel zu verbessern, den Alterungsprozess zu verlangsamen, den Blutdruck und die Herz-Kreislauf-Funktion zu normalisieren, die Blutviskosit\u00e4t zu senken, den Blutzuckerspiegel zu senken und eine Reihe weiterer Krankheiten zu behandeln. Interessieren Sie sich f\u00fcr Ihre eigene Gesundheit und die Ihrer Familie?<\/span><\/p>\n<h5 class=\"fw-500\"><span dir=\"auto\">Biomolekulare Wirkmechanismen der ultravioletten Bestrahlung des Blutes (UVIB)<\/span><\/h5>\n<p><span dir=\"auto\">Ultraviolette Bestrahlung (UVBI) ist eine Methode, bei der Blut ultravioletten Lichtquanten ausgesetzt wird. Diese Methode wird in der Medizin seit \u00fcber 80 Jahren angewendet. 1928 f\u00fchrten V. Hancock und E. Knott die ersten extrakorporalen UVBI-Behandlungen an einer Frau durch, die w\u00e4hrend der Geburt an Sepsis starb. Das bestrahlte Blutvolumen betrug 100\u2013120 ml. Die Patientin erholte sich. In der UdSSR wurde diese Methode erstmals 1937 in Leningrad von den Transfusiologen A. N. Filatov und G. I. Kasumov angewendet. 1979 entwickelte und testete Yu. V. Popov am Leningrader Staatlichen Optischen Institut S. I. Vavilov in Zusammenarbeit mit L. M. Kukui das Ger\u00e4t Izolda MD-73, das noch heute von \u00c4rzten verwendet wird.<\/span><\/p>\n<p><span dir=\"auto\">Die biologischen Wirkungen der ultravioletten Strahlung (UVR) beruhen auf der F\u00e4higkeit von Molek\u00fclen in den Zellen lebender Organismen, Strahlungsquanten zu absorbieren und infolgedessen verschiedene photochemische Reaktionen einzugehen, die ihre Struktur und Funktion ver\u00e4ndern. Der Wirkungsmechanismus von bestrahltem Blut auf den Menschen ist komplex und vielschichtig. Obwohl es noch keine einheitliche Theorie \u00fcber die Auswirkungen von UVR auf den menschlichen K\u00f6rper gibt, haben Wissenschaftler bewiesen, dass UVR die bakterizide Aktivit\u00e4t des Blutes drastisch erh\u00f6ht und toxische Substanzen und Enzyme durch Oxidation inaktiviert. In der zweiten Phase wird die Funktion der Blutzellen im bestrahlten Blut aktiviert, eine Reihe unspezifischer Immunfaktoren werden freigesetzt. Unter dem Einfluss von Quantenenergie bilden sich auf der Oberfl\u00e4che der roten Blutk\u00f6rperchen neue Tenside, die die elektrische Ladung der Membran ver\u00e4ndern, wodurch die Blutviskosit\u00e4t verringert und seine Sauerstofftransportf\u00e4higkeit erh\u00f6ht wird.<\/span><\/p>\n<p><span dir=\"auto\">Die therapeutische Wirkung der UVB-Therapie spielt eine bedeutende Rolle bei der Reorganisation des k\u00f6rpereigenen Immunsystems. Die positiven klinischen Effekte der UVB-Therapie sind mit einer verbesserten Mikrozirkulation aufgrund einer Verringerung der Blutviskosit\u00e4t und der Entfernung von Fibrinablagerungen aus den Blutgef\u00e4\u00dfen verbunden, was den peripheren Blutfluss erh\u00f6ht und die Sauerstoffversorgung des Gewebes verbessert.<\/span><\/p>\n<p><span dir=\"auto\">Eine der wichtigsten Wirkungen der UVB-Strahlung ist ihre bakterizide Wirkung. Durch die Einwirkung auf bestimmte Substanzen in Bakterienzellen haben ultraviolette Strahlen eine bakterizide Wirkung auf das Blut des Patienten. Es wurde festgestellt, dass die bakterizide Wirkung von photomodifiziertem Blut der von Antibiotika sehr \u00e4hnlich ist.<\/span><\/p>\n<p><span dir=\"auto\">Somit bietet UFO die folgenden therapeutischen Wirkungen:<\/span><\/p>\n<ul>\n<li><span dir=\"auto\">bakterizid;<\/span><\/li>\n<li><span dir=\"auto\">entz\u00fcndungshemmend;<\/span><\/li>\n<li><span dir=\"auto\">Verbesserung der Mikrozirkulation;<\/span><\/li>\n<li><span dir=\"auto\">Erh\u00f6hung der Sauerstoffkapazit\u00e4t des Blutes und Verbesserung der Sauerstoffversorgung von Organen und Geweben;<\/span><\/li>\n<li><span dir=\"auto\">Normalisierung und Stimulierung regenerativer und metabolischer Prozesse;<\/span><\/li>\n<li><span dir=\"auto\">immunkorrigierend;<\/span><\/li>\n<li><span dir=\"auto\">Stimulation der Regeneration, Verbesserung der funktionellen Eigenschaften von Erythrozyten.<\/span><\/li>\n<\/ul>\n<p><span dir=\"auto\">Trotz der Fortschritte bei der Erforschung der Wirkungsmechanismen der UVB-Strahlung wird weiterhin an der Entwicklung optimaler Behandlungsprogramme f\u00fcr verschiedene Krankheiten geforscht.<\/span><\/p>\n<p><span dir=\"auto\">Die pr\u00e4sentierten Daten belegen deutlich die Notwendigkeit einer breiten Anwendung einer wirksamen und sicheren UVB-Therapie im klinischen Alltag, sowohl als Teil eines umfassenden Therapieansatzes f\u00fcr ein breites Spektrum von Krankheiten und klinischen Zust\u00e4nden als auch als eigenst\u00e4ndige Behandlung, insbesondere bei Arzneimittelunvertr\u00e4glichkeit, Nichtverf\u00fcgbarkeit oder hohen Kosten bestimmter Medikamente. Dabei sollten folgende Grunds\u00e4tze beachtet werden: Nichtinvasivit\u00e4t, ausreichende Wirksamkeit, Sicherheit, breitbandige therapeutische Wirkung, einfache Handhabung und kompakte Gr\u00f6\u00dfe. Das einzigartige UVB-Ger\u00e4t \u201cZenPeak Light\u201d f\u00fcr den Heimgebrauch erf\u00fcllt diese Anforderungen voll und ganz.<\/span><\/p>\n<h4 class=\"text-center color-blue fw-500\"><span dir=\"auto\">Wie wirkt sich das ZenPeak Light-Ger\u00e4t auf die menschliche Gesundheit aus?<\/span><\/h4>\n<div class=\"row d-flex justify-content-center text-center align-middle py-4\">\n<div class=\"col-xl-3 col-lg-3 col-md-3 col-6\">\n<p><img decoding=\"async\" class=\"img-fluid\" title=\"\" src=\"https:\/\/xn----7sbajjre4ayapgs2d8e2b.xn--p1ai\/wp-content\/themes\/biolis\/assets\/img\/ekosvet__ico-1.png\" alt=\"\" \/><\/p>\n<p class=\"text-center\"><span dir=\"auto\">Verlangsamt den Alterungsprozess des K\u00f6rpers<\/span><\/p>\n<\/div>\n<div class=\"col-xl-3 col-lg-3 col-md-3 col-6\">\n<p><img decoding=\"async\" class=\"img-fluid\" title=\"\" src=\"https:\/\/xn----7sbajjre4ayapgs2d8e2b.xn--p1ai\/wp-content\/themes\/biolis\/assets\/img\/ekosvet__ico-2.png\" alt=\"\" \/><\/p>\n<p class=\"text-center\"><span dir=\"auto\">Senkt den Blutzuckerspiegel und den \u201eschlechten\u201d Cholesterinspiegel<\/span><\/p>\n<\/div>\n<div class=\"col-xl-3 col-lg-3 col-md-3 col-6\">\n<p><img decoding=\"async\" class=\"img-fluid\" title=\"\" src=\"https:\/\/xn----7sbajjre4ayapgs2d8e2b.xn--p1ai\/wp-content\/themes\/biolis\/assets\/img\/ekosvet__ico-3.png\" alt=\"\" \/><\/p>\n<p class=\"text-center\"><span dir=\"auto\">Normalisiert die Prozesse des Nervensystems<\/span><\/p>\n<\/div>\n<div class=\"col-xl-3 col-lg-3 col-md-3 col-6\">\n<p><img decoding=\"async\" class=\"img-fluid\" title=\"\" src=\"https:\/\/xn----7sbajjre4ayapgs2d8e2b.xn--p1ai\/wp-content\/themes\/biolis\/assets\/img\/ekosvet__ico-4.png\" alt=\"\" \/><\/p>\n<p class=\"text-center\"><span dir=\"auto\">Reduziert die Blutviskosit\u00e4t und reichert es mit Sauerstoff an<\/span><\/p>\n<\/div>\n<\/div>\n<div class=\"row d-flex justify-content-center text-center align-middle pb-5\">\n<div class=\"col-xl-3 col-lg-3 col-md-3 col-6\">\n<p><img decoding=\"async\" class=\"img-fluid\" title=\"\" src=\"https:\/\/xn----7sbajjre4ayapgs2d8e2b.xn--p1ai\/wp-content\/themes\/biolis\/assets\/img\/ekosvet__ico-5.png\" alt=\"\" \/><\/p>\n<p class=\"text-center\"><span dir=\"auto\">Verbessert den Stoffwechsel<\/span><\/p>\n<\/div>\n<div class=\"col-xl-3 col-lg-3 col-md-3 col-6\">\n<p><img decoding=\"async\" class=\"img-fluid\" title=\"\" src=\"https:\/\/xn----7sbajjre4ayapgs2d8e2b.xn--p1ai\/wp-content\/themes\/biolis\/assets\/img\/ekosvet__ico-6.png\" alt=\"\" \/><\/p>\n<p class=\"text-center\"><span dir=\"auto\">Normalisiert die Prozesse des Nervensystems<\/span><\/p>\n<\/div>\n<div class=\"col-xl-3 col-lg-3 col-md-3 col-6\">\n<p><img decoding=\"async\" class=\"img-fluid\" title=\"\" src=\"https:\/\/xn----7sbajjre4ayapgs2d8e2b.xn--p1ai\/wp-content\/themes\/biolis\/assets\/img\/ekosvet__ico-7.png\" alt=\"\" \/><\/p>\n<p class=\"text-center\"><span dir=\"auto\">Stellt das Immunsystem wieder her und st\u00e4rkt es<\/span><\/p>\n<\/div>\n<div class=\"col-xl-3 col-lg-3 col-md-3 col-6\">\n<p><img decoding=\"async\" class=\"img-fluid\" title=\"\" src=\"https:\/\/xn----7sbajjre4ayapgs2d8e2b.xn--p1ai\/wp-content\/themes\/biolis\/assets\/img\/ekosvet__ico-8.png\" alt=\"\" \/><\/p>\n<p class=\"\"><span dir=\"auto\">Bek\u00e4mpft Infektionen, lindert Entz\u00fcndungen<\/span><\/p>\n<\/div>\n<\/div>\n<h4 class=\"text-center color-blue fw-500\"><span dir=\"auto\">Warum entscheiden sich die Leute f\u00fcr Ecosvet 1?<\/span><\/h4>\n<div class=\"row d-flex justify-content-center text-center align-middle py-4\">\n<div class=\"col-xl-3 col-lg-3 col-md-3 col-6\">\n<p><img decoding=\"async\" class=\"img-fluid\" title=\"\" src=\"https:\/\/xn----7sbajjre4ayapgs2d8e2b.xn--p1ai\/wp-content\/themes\/biolis\/assets\/img\/ekosvet__ico-9.png\" alt=\"\" \/><\/p>\n<p class=\"text-center\"><span class=\"fw-500\"><span dir=\"auto\">Sicherheit:<\/span><\/span><br \/>\n<span dir=\"auto\">Es weist nur minimale Kontraindikationen auf und ist f\u00fcr die Behandlung von Erwachsenen und Kindern ab 4 Jahren geeignet.<\/span><\/p>\n<\/div>\n<div class=\"col-xl-3 col-lg-3 col-md-3 col-6\">\n<p><img decoding=\"async\" class=\"img-fluid\" title=\"\" src=\"https:\/\/xn----7sbajjre4ayapgs2d8e2b.xn--p1ai\/wp-content\/themes\/biolis\/assets\/img\/ekosvet__ico-10.png\" alt=\"\" \/><\/p>\n<p class=\"text-center\"><span class=\"fw-500\"><span dir=\"auto\">Sicherheit:<\/span><\/span><br \/>\n<span dir=\"auto\">Es weist nur minimale Kontraindikationen auf und ist f\u00fcr die Behandlung von Erwachsenen und Kindern ab 4 Jahren geeignet.<\/span><\/p>\n<\/div>\n<div class=\"col-xl-3 col-lg-3 col-md-3 col-6\">\n<p><img decoding=\"async\" class=\"img-fluid\" title=\"\" src=\"https:\/\/xn----7sbajjre4ayapgs2d8e2b.xn--p1ai\/wp-content\/themes\/biolis\/assets\/img\/ekosvet__ico-11.png\" alt=\"\" \/><\/p>\n<p class=\"text-center\"><span dir=\"auto\">Ecosvet 1\u00a0<span class=\"fw-500\">Garantien werden von der Russischen Gesellschaft f\u00fcr Rehabilitations\u00e4rzte empfohlen und vom Wissenschaftlichen Rat der Russischen Akademie der Medizinischen Wissenschaften genehmigt.<\/span><\/span><\/p>\n<\/div>\n<div class=\"col-xl-3 col-lg-3 col-md-3 col-6\">\n<p><img decoding=\"async\" class=\"img-fluid\" title=\"\" src=\"https:\/\/xn----7sbajjre4ayapgs2d8e2b.xn--p1ai\/wp-content\/themes\/biolis\/assets\/img\/ekosvet__ico-12.png\" alt=\"\" \/><\/p>\n<p class=\"text-center\"><span class=\"fw-500\"><span dir=\"auto\">Komfort<\/span><\/span><br \/>\n<span dir=\"auto\">Dies ist ein sicherer und bequemer Vorgang, der in 10 Minuten problemlos zu Hause durchgef\u00fchrt werden kann.<\/span><\/p>\n<\/div>\n<\/div>\n<p><strong>\u00a0\u00a0\u00a0\u00a0\u00a0\u00a0<\/strong><strong><span dir=\"auto\">Allgemeine Kontraindikationen f\u00fcr UFOs\u00a0<\/span><\/strong><strong><span dir=\"auto\">:<\/span><\/strong><\/p>\n<ul>\n<li><span dir=\"auto\">\u00dcberempfindlichkeit gegen\u00fcber UV-Strahlung<\/span><\/li>\n<li><span dir=\"auto\">Hypokoagulation<\/span><\/li>\n<li><span dir=\"auto\">III. Stadium Hypertonie<\/span><\/li>\n<li><span dir=\"auto\">schwere Formen der Arteriosklerose<\/span><\/li>\n<li><span dir=\"auto\">akute zerebrovaskul\u00e4re Unf\u00e4lle<\/span><\/li>\n<\/ul>\n<p><strong><span dir=\"auto\">\u00a0\u00a0\u00a0\u00a0\u00a0\u00a0 Kontraindikationen f\u00fcr die lokale UFO-Anwendung:<\/span><\/strong><\/p>\n<ul>\n<li><span dir=\"auto\">b\u00f6sartige Tumore<\/span><\/li>\n<li><span dir=\"auto\">aktive Tuberkulose<\/span><\/li>\n<li><span dir=\"auto\">Leber- und Nierenerkrankungen mit schweren Funktionseinschr\u00e4nkungen<\/span><\/li>\n<li><span dir=\"auto\">Thyreotoxikose<\/span><\/li>\n<li><span dir=\"auto\">systemischer Lupus erythematodes<\/span><\/li>\n<\/ul>","protected":false},"featured_media":5598,"comment_status":"closed","ping_status":"closed","template":"","meta":{"_angie_page":false,"site-sidebar-layout":"default","site-content-layout":"","ast-site-content-layout":"default","site-content-style":"default","site-sidebar-style":"default","ast-global-header-display":"","ast-banner-title-visibility":"","ast-main-header-display":"","ast-hfb-above-header-display":"","ast-hfb-below-header-display":"","ast-hfb-mobile-header-display":"","site-post-title":"","ast-breadcrumbs-content":"","ast-featured-img":"","footer-sml-layout":"","ast-disable-related-posts":"","theme-transparent-header-meta":"default","adv-header-id-meta":"","stick-header-meta":"","header-above-stick-meta":"","header-main-stick-meta":"","header-below-stick-meta":"","astra-migrate-meta-layouts":"set","ast-page-background-enabled":"default","ast-page-background-meta":{"desktop":{"background-color":"","background-image":"","background-repeat":"repeat","background-position":"center center","background-size":"auto","background-attachment":"scroll","background-type":"","background-media":"","overlay-type":"","overlay-color":"","overlay-opacity":"","overlay-gradient":""},"tablet":{"background-color":"","background-image":"","background-repeat":"repeat","background-position":"center center","background-size":"auto","background-attachment":"scroll","background-type":"","background-media":"","overlay-type":"","overlay-color":"","overlay-opacity":"","overlay-gradient":""},"mobile":{"background-color":"","background-image":"","background-repeat":"repeat","background-position":"center center","background-size":"auto","background-attachment":"scroll","background-type":"","background-media":"","overlay-type":"","overlay-color":"","overlay-opacity":"","overlay-gradient":""}},"ast-content-background-meta":{"desktop":{"background-color":"var(--ast-global-color-5)","background-image":"","background-repeat":"repeat","background-position":"center center","background-size":"auto","background-attachment":"scroll","background-type":"","background-media":"","overlay-type":"","overlay-color":"","overlay-opacity":"","overlay-gradient":""},"tablet":{"background-color":"var(--ast-global-color-5)","background-image":"","background-repeat":"repeat","background-position":"center center","background-size":"auto","background-attachment":"scroll","background-type":"","background-media":"","overlay-type":"","overlay-color":"","overlay-opacity":"","overlay-gradient":""},"mobile":{"background-color":"var(--ast-global-color-5)","background-image":"","background-repeat":"repeat","background-position":"center center","background-size":"auto","background-attachment":"scroll","background-type":"","background-media":"","overlay-type":"","overlay-color":"","overlay-opacity":"","overlay-gradient":""}}},"product_brand":[],"product_cat":[22],"product_tag":[],"class_list":{"0":"post-6693","1":"product","2":"type-product","3":"status-publish","4":"has-post-thumbnail","6":"product_cat-hullamgenetikai-megoldasok","7":"product_shipping_class-free","8":"desktop-align-left","9":"tablet-align-left","10":"mobile-align-left","12":"first","13":"instock","14":"taxable","15":"shipping-taxable","16":"purchasable","17":"product-type-simple"},"_links":{"self":[{"href":"https:\/\/ai-xtech.eu\/de\/wp-json\/wp\/v2\/product\/6693","targetHints":{"allow":["GET"]}}],"collection":[{"href":"https:\/\/ai-xtech.eu\/de\/wp-json\/wp\/v2\/product"}],"about":[{"href":"https:\/\/ai-xtech.eu\/de\/wp-json\/wp\/v2\/types\/product"}],"replies":[{"embeddable":true,"href":"https:\/\/ai-xtech.eu\/de\/wp-json\/wp\/v2\/comments?post=6693"}],"version-history":[{"count":6,"href":"https:\/\/ai-xtech.eu\/de\/wp-json\/wp\/v2\/product\/6693\/revisions"}],"predecessor-version":[{"id":7840,"href":"https:\/\/ai-xtech.eu\/de\/wp-json\/wp\/v2\/product\/6693\/revisions\/7840"}],"wp:featuredmedia":[{"embeddable":true,"href":"https:\/\/ai-xtech.eu\/de\/wp-json\/wp\/v2\/media\/5598"}],"wp:attachment":[{"href":"https:\/\/ai-xtech.eu\/de\/wp-json\/wp\/v2\/media?parent=6693"}],"wp:term":[{"taxonomy":"product_brand","embeddable":true,"href":"https:\/\/ai-xtech.eu\/de\/wp-json\/wp\/v2\/product_brand?post=6693"},{"taxonomy":"product_cat","embeddable":true,"href":"https:\/\/ai-xtech.eu\/de\/wp-json\/wp\/v2\/product_cat?post=6693"},{"taxonomy":"product_tag","embeddable":true,"href":"https:\/\/ai-xtech.eu\/de\/wp-json\/wp\/v2\/product_tag?post=6693"}],"curies":[{"name":"wp","href":"https:\/\/api.w.org\/{rel}","templated":true}]}}