{"id":6263,"date":"2023-12-02T16:40:11","date_gmt":"2023-12-02T16:40:11","guid":{"rendered":"https:\/\/ai-xtech.eu\/?post_type=product&#038;p=6263"},"modified":"2026-04-08T11:59:50","modified_gmt":"2026-04-08T10:59:50","slug":"zenpeak-modulator-egyeni-matrixxal","status":"publish","type":"product","link":"https:\/\/ai-xtech.eu\/de\/produkt\/zenpeak-modulator-egyeni-matrixxal\/","title":{"rendered":"Genetischer ZenPeak-Wellenmodulator (mit allen Garjayev-Matrizen)"},"content":{"rendered":"<p><strong>Lieferzeit 2 Monate!<br \/>\n<\/strong><\/p>\n<ul>\n<li data-start=\"1044\" data-end=\"1085\">\n<p data-start=\"1046\" data-end=\"1085\">60-min\u00fctige Einrichtung des pers\u00f6nlichen Systems<\/p>\n<\/li>\n<li data-start=\"1086\" data-end=\"1115\">\n<p data-start=\"1088\" data-end=\"1115\">30-Tage-Nachuntersuchung<\/p>\n<\/li>\n<li data-start=\"1116\" data-end=\"1140\">\n<p data-start=\"1118\" data-end=\"1140\">strukturiertes Protokoll<\/p>\n<\/li>\n<li data-start=\"1141\" data-end=\"1170\">\n<p data-start=\"1143\" data-end=\"1170\">\u201eStatus &quot;Forschungspartner&quot;<\/p>\n<\/li>\n<\/ul>\n<p><strong>\u00a0<\/strong><\/p>\n<p>ZenPeak-Wellen-Genmodulator mit allen originalen Garjaev-Wellen-Genmatrizen!<\/p>\n<p>21 gesundheitliche Probleme!<\/p>\n<p class=\" translation-block\">\u201eDie Krankheit und ihre Heilung haben sich im Laufe der Jahrhunderte vom Patienten gel\u00f6st und sind zunehmend unpers\u00f6nlich geworden, zus\u00e4tzlich zu einer starken Verschiebung hin zum Einsatz von Chemikalien. So wurde der Mensch inmitten seiner Krankheiten und Schmerzen immer einsamer und hoffnungsloser\nVon Beginn der Kultur an wurde der Patient immer mit seiner Krankheit und Umgebung beobachtet und geheilt.<\/p>\n<p>Paul Claudel, ein franz\u00f6sischer Schriftsteller, Dichter, Akademiker, nennt Patienten \u201eeingeladen\u201c.<\/p>\n<p>Viele der Wissenschaftler, die daran arbeiten, das menschliche Leben sch\u00f6ner und besser zu machen, haben Entdeckungen gemacht, deren Anwendung mit Hilfe von Heilern dem leidenden Menschen Linderung gebracht hat. Einer der ersten Erfinder war Nikola Tesla, dessen Erfindungen Pyotr Garjajev die Wissenschaft der Wellengenetik schuf, indem er mehrere Disziplinen kombinierte und die Quantenphysik einsetzte. Parallel dazu schuf Alexander Misin ein Ger\u00e4t zur Optimierung physikalischer, chemischer Verschiebungen im menschlichen K\u00f6rper. Nachdem Professor Garjaev die Funktionsweise des Ger\u00e4tes kennengelernt hatte, kombinierte er es mit seinem eigenen Wissen, perfektionierte es, machte es effektiver und schuf so ein revolution\u00e4res neues Ger\u00e4t, das die Heilung auf eine andere Grundlage als bisherige Methoden stellt.<\/p>\n<p>Wir k\u00f6nnen mit diesem Tool endlich eine neue \u00c4ra einleiten, da die ganze Welt eine dunkle \u00c4ra der Medizin und Krankheit durchmachen muss.<\/p>\n<p>Ein XXI. Jahrhundert steht der Mensch an einem Scheideweg und steht vor einem Dilemma. Als blinder Konsument macht er sein zuk\u00fcnftiges Dasein abh\u00e4ngig von der unnachgiebigen Entwicklung neuer Technologien und der Weiterverwendung materieller G\u00fcter oder findet einen Weg zu geistiger Verantwortung und einem gesundheitsbewussten Verhalten, das seine Krankheiten \u00fcberwinden und sein individuelles Wohlergehen festigen kann. Sein und Sein.<\/p>\n<p>Gesund zu sein bedeutet nicht nur, dass wir nicht krank sind. Als gesunder Mensch f\u00fchlen wir uns wunderbar.<\/p>\n<p>Gesundheit ist wie wenn wir uns an die gl\u00fccklichen Momente unserer Kindheit erinnern und glauben, dass noch viele weitere solcher Erlebnisse auf uns warten.<\/p>\n<p class=\" translation-block\"><em> <strong> L\u00e1szl\u00f3 Lehoczki <\/strong> <\/em> <br>\nFernsehredakteur-Regisseur <br>\nGr\u00fcndungs-Chefredakteurin der Religionsredaktion von Danube Television <br>\nRitter der ungarischen Kultur<\/p>\n<p>(mit den in der Liste angezeigten Matrizen)<\/p>\n<p>Nicht. 1 \u201eKorrektur des Immunsystems\u201c. 21 m. 2s.<br \/>\nNicht. 2 \u201eKorrektur des Skelettsystems\u201c. 1 Stunde. 36 m.<br \/>\nNicht. 3 \u201eKorrektur des Herz-Kreislauf-Systems\u201c. 1 Stunde. 59 m.<br \/>\nNicht. 4 \u201eKorrektur von St\u00f6rungen des Nervensystems\u201c 2h. 22 m.<br \/>\nNicht. 5 \u201eAnti-Krebs-Programm\u201c. 1 Stunde. 9 m<br \/>\nNicht. 6 \u201eKorrektur des allgemeinen Stoffwechsels und des Verdauungssystems.\u201c 1 Stunde. 55 m.<br \/>\nNicht. 7 \u201eAnti-Aging\u201c. 2 Stunden. 2 m<br \/>\nNicht. 8 \u201eM\u00e4nnliche Linie\u201c. 1 Stunde. 38 m.<br \/>\nNicht. 9 \u201eDamenlinie\u201c. 1 Stunde. 18 m.<br \/>\nNicht. 10 \u201eZuk\u00fcnftige Unterst\u00fctzung\u201c. 1 Stunde. 16 m.<br \/>\nNicht. 11 \u201eErholung der Organisation nach 40-50 Jahren\u201c. 1 Stunde. 0 m<br \/>\nNicht. 12 \u201eAnti-Parasiten-Programm\u201c. 1 Stunde. 50 m.<br \/>\nNicht. 13 \u201eSchlanke Figur\u201c. 34 m. 2s.<br \/>\nNicht. 14 \u201eGegen Allergien.\u201c 29 m. 2s.<br \/>\nNicht. 15 \u201eJugend und Hautgesundheit\u201c. 1 Stunde. 45 m.<br \/>\nNicht. 16 \u201eAntivirale Wellenimmunit\u00e4t\u201c. 58 m. 54s.<br \/>\nNicht. 17 \u201eGegen das Rauchen\u201c. 21 m. 0er.<br \/>\nNicht. 18 \u201eNormalisierung des Harnsystems\u201c 1 Stunde. 56 m.<br \/>\nNicht. 19 \u201eWiederherstellung des K\u00f6rpers nach 70 Jahren\u201c 1 Stunde. 38 m.<br \/>\nNicht. 20 \u201eGegen Alkoholsucht\u201c 1h. 5 m<br \/>\nNicht. 21 \u201eReinigung des K\u00f6rpers\u201c 30m. 2s.<\/p>\n<p>Benutzerhandbuch ENG<\/p>\n<div class=\"ast-oembed-container\" style=\"height: 100%;\"><iframe title=\"ZenPeak Wavegenetics-Modulator, Benutzerhandbuch mit negentropischer Heilwirkung!\" width=\"500\" height=\"281\" src=\"https:\/\/www.youtube.com\/embed\/ccemXKrgNBc?feature=oembed\" frameborder=\"0\" allow=\"accelerometer; autoplay; clipboard-write; encrypted-media; gyroscope; picture-in-picture; web-share\" referrerpolicy=\"strict-origin-when-cross-origin\" allowfullscreen><\/iframe><\/div>\n<p>Benutzerhandbuch \u2013 ENGLISCH<\/p>\n<div class=\"ast-oembed-container\" style=\"height: 100%;\"><iframe title=\"ZenPeak hull\u00e1mgenetikai modul\u00e1tor - Teljes \u00datmutat\u00f3 @lifacademy\" width=\"500\" height=\"281\" src=\"https:\/\/www.youtube.com\/embed\/p8MpDbPm7UY?feature=oembed\" frameborder=\"0\" allow=\"accelerometer; autoplay; clipboard-write; encrypted-media; gyroscope; picture-in-picture; web-share\" referrerpolicy=\"strict-origin-when-cross-origin\" allowfullscreen><\/iframe><\/div>","protected":false},"excerpt":{"rendered":"<p>Post\u00e1z\u00e1si id\u00f5 2 h\u00f3nap! 60 perces szem\u00e9lyes rendszer-be\u00e1ll\u00edt\u00e1s 30 napos follow-up check-in struktur\u00e1lt protokoll \u201eresearch partner\u201d st\u00e1tusz \u00a0 ZenPeak hull\u00e1mgenetikai modul\u00e1tor az \u00f6sszes eredeti Garjajev hull\u00e1mgenetikai m\u00e1trixxal! 21 eg\u00e9szs\u00e9g\u00fcgyi probl\u00e9m\u00e1ra! \u201cA betegs\u00e9g, \u00e9s annak gy\u00f3gy\u00edt\u00e1sa az elm\u00falt sz\u00e1zadok sor\u00e1n elszakadt a p\u00e1cienst\u0151l \u00e9s egyre szem\u00e9lytelenebb\u00e9 v\u00e1lt, r\u00e1ad\u00e1sul er\u0151sen eltol\u00f3dott a k\u00e9miai anyagok alkalmaz\u00e1sa fel\u00e9. \u00cdgy [&hellip;]<\/p>\n","protected":false},"featured_media":6825,"comment_status":"closed","ping_status":"closed","template":"","meta":{"_angie_page":false,"site-sidebar-layout":"default","site-content-layout":"","ast-site-content-layout":"default","site-content-style":"default","site-sidebar-style":"default","ast-global-header-display":"","ast-banner-title-visibility":"","ast-main-header-display":"","ast-hfb-above-header-display":"","ast-hfb-below-header-display":"","ast-hfb-mobile-header-display":"","site-post-title":"","ast-breadcrumbs-content":"","ast-featured-img":"","footer-sml-layout":"","ast-disable-related-posts":"","theme-transparent-header-meta":"default","adv-header-id-meta":"","stick-header-meta":"","header-above-stick-meta":"","header-main-stick-meta":"","header-below-stick-meta":"","astra-migrate-meta-layouts":"set","ast-page-background-enabled":"default","ast-page-background-meta":{"desktop":{"background-color":"","background-image":"","background-repeat":"repeat","background-position":"center center","background-size":"auto","background-attachment":"scroll","background-type":"","background-media":"","overlay-type":"","overlay-color":"","overlay-opacity":"","overlay-gradient":""},"tablet":{"background-color":"","background-image":"","background-repeat":"repeat","background-position":"center center","background-size":"auto","background-attachment":"scroll","background-type":"","background-media":"","overlay-type":"","overlay-color":"","overlay-opacity":"","overlay-gradient":""},"mobile":{"background-color":"","background-image":"","background-repeat":"repeat","background-position":"center center","background-size":"auto","background-attachment":"scroll","background-type":"","background-media":"","overlay-type":"","overlay-color":"","overlay-opacity":"","overlay-gradient":""}},"ast-content-background-meta":{"desktop":{"background-color":"var(--ast-global-color-5)","background-image":"","background-repeat":"repeat","background-position":"center center","background-size":"auto","background-attachment":"scroll","background-type":"","background-media":"","overlay-type":"","overlay-color":"","overlay-opacity":"","overlay-gradient":""},"tablet":{"background-color":"var(--ast-global-color-5)","background-image":"","background-repeat":"repeat","background-position":"center center","background-size":"auto","background-attachment":"scroll","background-type":"","background-media":"","overlay-type":"","overlay-color":"","overlay-opacity":"","overlay-gradient":""},"mobile":{"background-color":"var(--ast-global-color-5)","background-image":"","background-repeat":"repeat","background-position":"center center","background-size":"auto","background-attachment":"scroll","background-type":"","background-media":"","overlay-type":"","overlay-color":"","overlay-opacity":"","overlay-gradient":""}}},"product_brand":[],"product_cat":[22],"product_tag":[71],"class_list":{"0":"post-6263","1":"product","2":"type-product","3":"status-publish","4":"has-post-thumbnail","6":"product_cat-hullamgenetikai-megoldasok","7":"product_tag-zenpeak","8":"product_shipping_class-free","9":"desktop-align-left","10":"tablet-align-left","11":"mobile-align-left","13":"first","14":"instock","15":"sale","16":"taxable","17":"shipping-taxable","18":"purchasable","19":"product-type-simple"},"_links":{"self":[{"href":"https:\/\/ai-xtech.eu\/de\/wp-json\/wp\/v2\/product\/6263","targetHints":{"allow":["GET"]}}],"collection":[{"href":"https:\/\/ai-xtech.eu\/de\/wp-json\/wp\/v2\/product"}],"about":[{"href":"https:\/\/ai-xtech.eu\/de\/wp-json\/wp\/v2\/types\/product"}],"replies":[{"embeddable":true,"href":"https:\/\/ai-xtech.eu\/de\/wp-json\/wp\/v2\/comments?post=6263"}],"version-history":[{"count":17,"href":"https:\/\/ai-xtech.eu\/de\/wp-json\/wp\/v2\/product\/6263\/revisions"}],"predecessor-version":[{"id":8097,"href":"https:\/\/ai-xtech.eu\/de\/wp-json\/wp\/v2\/product\/6263\/revisions\/8097"}],"wp:featuredmedia":[{"embeddable":true,"href":"https:\/\/ai-xtech.eu\/de\/wp-json\/wp\/v2\/media\/6825"}],"wp:attachment":[{"href":"https:\/\/ai-xtech.eu\/de\/wp-json\/wp\/v2\/media?parent=6263"}],"wp:term":[{"taxonomy":"product_brand","embeddable":true,"href":"https:\/\/ai-xtech.eu\/de\/wp-json\/wp\/v2\/product_brand?post=6263"},{"taxonomy":"product_cat","embeddable":true,"href":"https:\/\/ai-xtech.eu\/de\/wp-json\/wp\/v2\/product_cat?post=6263"},{"taxonomy":"product_tag","embeddable":true,"href":"https:\/\/ai-xtech.eu\/de\/wp-json\/wp\/v2\/product_tag?post=6263"}],"curies":[{"name":"wp","href":"https:\/\/api.w.org\/{rel}","templated":true}]}}