{"id":6099,"date":"2023-08-10T13:38:06","date_gmt":"2023-08-10T13:38:06","guid":{"rendered":"https:\/\/ai-xtech.eu\/?post_type=product&#038;p=6099"},"modified":"2026-04-15T06:55:46","modified_gmt":"2026-04-15T05:55:46","slug":"vernada-geo","status":"publish","type":"product","link":"https:\/\/ai-xtech.eu\/de\/produkt\/vernada-geo\/","title":{"rendered":"Vernada Geo 2"},"content":{"rendered":"<h1><strong>Lieferzeit 5 Werktage!<\/strong><\/h1>\n<h1><strong>Auf Lager!<\/strong><\/h1>\n<h2>Vernada Geo 2<\/h2>\n<p>VERNADA GEO \u2013 ein Ger\u00e4t, das zuverl\u00e4ssigen und benutzerfreundlichen Schutz vor den negativen Auswirkungen der Torsionskomponente (Informationskomponente) der elektromagnetischen Strahlung von WLAN-Routern, Fernsehern und anderen elektronischen Ger\u00e4ten sowie geopathogenen Zonen (der Erde) bietet ). ) oder technopathogene Zonen (entstehen beispielsweise durch den Betrieb von Mobilfunk-Basisstationen) in Innenr\u00e4umen.<br \/>\nGEFAHR! Vernada Geo st\u00f6rt kein elektronisches Ger\u00e4t.<\/p>\n<p>ANWENDUNG VON VERNADA GEO<\/p>\n<p>1) Das Ger\u00e4t muss zu Hause, im B\u00fcro oder in einem anderen Raum, in dem Sie arbeiten usw., mit dem Netzwerk verbunden sein.<\/p>\n<p>Es ist wichtig, dass die Netzversorgung aus derselben Phase stammen muss.<br \/>\n2) Nach dem Anschlie\u00dfen an das Stromnetz (gr\u00fcnes Licht leuchtet) neutralisiert das Vernada Geo-Ger\u00e4t die negativen Auswirkungen der Strahlung von WLAN-Routern sowie die negativen Auswirkungen geopathogener oder technopathogener Zonen im gesamten Raum Harmonisieren Sie den Raum in Ihrer Wohnung, Ihrem Zuhause oder Ihrem B\u00fcro.<\/p>\n<p>&nbsp;<\/p>\n<p>WIE ES FUNKTIONIERT<\/p>\n<p>Das Ger\u00e4t besteht aus einer Kunststoffbox, die den Wechselrichter und die Anzeige des Netzwerks enth\u00e4lt. Das Ger\u00e4t bewirkt die Umkehrung des linken Torsionsfeldes vom phasenleitenden Netzwerk zum rechten Torsionsfeld.<\/p>\n<p>&nbsp;<\/p>\n<p>WARUM IST ES WICHTIG, VERNADA GEO ZU VERWENDEN?<\/p>\n<p>Eine l\u00e4ngere Exposition gegen\u00fcber der Torsionskomponente (Informationskomponente) der WLAN-Router-Strahlung sowie ein l\u00e4ngerer Aufenthalt in der pathogenen Zone der Erde k\u00f6nnen das Immunsystem schw\u00e4chen, Kopfschmerzen, \u00fcberm\u00e4\u00dfige M\u00fcdigkeit und die Verschlimmerung chronischer Krankheiten verursachen. Vernada Geo neutralisiert diese sch\u00e4dlichen Auswirkungen wirksam.<\/p>\n<p>Durch die kontinuierliche Nutzung von Vernada Geo k\u00f6nnen Sie:<\/p>\n<p>verbessert die Konzentration;<br \/>\nreduziert h\u00e4ufige Kopfschmerzen;<br \/>\nverbessert den Schlaf;<br \/>\nVerbesserung der Gehirnaktivit\u00e4t;<br \/>\ndie Gesundheit verbessern.<\/p>\n<p>VORTEILE<\/p>\n<p>1) Das Ger\u00e4t neutralisiert wirksam die sch\u00e4dlichen Strahlungseffekte von:<\/p>\n<p>elektromagnetische Felder (EMF);<br \/>\ngeopathogene Zonen;<br \/>\nWlan Router;<br \/>\ndrahtlose Netzwerke;<br \/>\n4G\/5G-Netzwerke;<br \/>\nLaptops, PCs, Tablets, Fernseher, Mobiltelefone usw.;<br \/>\nandere elektronische Ger\u00e4te.<br \/>\n2) Vernada Geo sch\u00fctzt das ganze Haus, nicht nur einen Raum oder eine Zone.<\/p>\n<p>3) F\u00fcr das Ger\u00e4t gilt eine Garantie von 3 Jahren ab Kaufdatum.<\/p>\n<p>\u00dcBER DAS UNTERNEHMEN<br \/>\nSpinor International, LLC besch\u00e4ftigt sich mit der Erforschung der Auswirkungen von Torsionsfeldern auf die menschliche Gesundheit. Seit 1991 entwickeln wir Methoden, um Menschen vor den negativen Auswirkungen von Torsionsfeldern zu sch\u00fctzen<\/p>","protected":false},"excerpt":{"rendered":"<p>Vernada GEO ist ein spezielles Ger\u00e4t, dessen Ziel die Harmonisierung der biologischen Systeme des K\u00f6rpers ist. Es wurde speziell entwickelt, um die Beziehung zwischen der geografischen Umgebung und dem menschlichen K\u00f6rper zu optimieren. Diese Technologie basiert auf dem Ausgleich nat\u00fcrlicher Frequenzen und Erdstrahlungen und hilft dem menschlichen K\u00f6rper, sich besser an sch\u00e4dliche Faktoren in seiner Umgebung anzupassen.<br \/>\nSpinor-Mathematik:\u00a0<a href=\"https:\/\/en.wikipedia.org\/wiki\/Spinor\">https:\/\/en.wikipedia.org\/wiki\/Spinor<\/a><\/p>\n<p>Die dem Ger\u00e4t zugrunde liegenden Prinzipien stammen aus der Quantenphysik, Biophysik und Wellenmechanik. Der Vernada GEO ist so konzipiert, dass er die energetischen Muster der Umgebung erkennt und sie dann mithilfe harmonischer Frequenzen ausgleicht. Dies kann insbesondere dann n\u00fctzlich sein, wenn der Benutzer \u00fcber l\u00e4ngere Zeit k\u00fcnstlicher Strahlung ausgesetzt ist \u2013 etwa Wellen, die von WLAN-Netzwerken, elektromagnetischen Feldern oder anderen technischen Ger\u00e4ten erzeugt werden.<\/p>\n<p>Das Ger\u00e4t ist benutzerfreundlich, tragbar und kann in zahlreichen Umgebungen eingesetzt werden, sei es zum Schutz zu Hause, bei der Arbeit oder auf Reisen. Es kann nicht nur helfen, Stress abzubauen, sondern auch die Schlafqualit\u00e4t verbessern und das allgemeine Wohlbefinden wiederherstellen. Vernada GEO bietet verschiedene Programme an, die ma\u00dfgeschneiderte L\u00f6sungen f\u00fcr individuelle Bed\u00fcrfnisse bieten und so wirklich die pers\u00f6nliche Harmonie und Gesundheit unterst\u00fctzen.<\/p>\n<p>Insgesamt ist Vernada GEO ein innovatives Ger\u00e4t, das die Harmonie zwischen nat\u00fcrlichen Energien und der menschlichen Biologie wiederherstellt und so zur Linderung von Stress und sch\u00e4dlichen Auswirkungen der modernen Welt beitr\u00e4gt. Diese Technologie ist eines der vielversprechendsten Instrumente der Medizin der Zukunft und unterst\u00fctzt ein ges\u00fcnderes und ausgeglicheneres Leben.<\/p>\n<p>Unsere wellengenetischen Matrizen:\u00a0<a href=\"https:\/\/ai-xtech.eu\/termek\/garyaev-hullamgenetikai-matrixai\/\">https:\/\/ai-xtech.eu\/termek\/garyaev-hullamgenetikai-matrixai\/<\/a><\/p>\n<p>&nbsp;<\/p>\n<p>Der einzigartige Ansatz von Vernada GEO liegt darin, dass der Schwerpunkt nicht auf der Behandlung von Symptomen liegt, sondern auf der Wiederherstellung des nat\u00fcrlichen Gleichgewichts zwischen K\u00f6rper und Umwelt. Diese Technologie bietet nicht nur eine L\u00f6sung f\u00fcr die Probleme des modernen Lebens \u2013 wie etwa Elektrosmog \u2013, sondern beeinflusst auch die biologischen Systeme des K\u00f6rpers auf einer tieferen Ebene. Das Ger\u00e4t tr\u00e4gt dazu bei, die Auswirkungen von Umweltstressoren zu minimieren, sodass die Selbstregenerationsprozesse des K\u00f6rpers effizienter werden k\u00f6nnen.<\/p>\n<p>Zu den besonderen Funktionen von Vernada GEO geh\u00f6rt die Harmonisierung der Energiebahnen, die zu einer besseren Energieverteilung im K\u00f6rper beitragen kann. Dies kann nicht nur das k\u00f6rperliche, sondern auch das geistige Wohlbefinden f\u00f6rdern, da harmonische Frequenzen zu einer ausgeglicheneren Funktion des Nervensystems f\u00fchren.<\/p>\n<p>Das Design des Ger\u00e4ts ist kompakt und benutzerfreundlich, sodass es in jeder Lebenssituation bequem zu verwenden ist. Es eignet sich f\u00fcr den Einsatz zu Hause, auf Reisen oder im B\u00fcro. Sein gro\u00dfer Vorteil liegt neben der einfachen Handhabung darin, dass er keine komplizierten Einstellungen erfordert und durch seine intuitive Bedienung f\u00fcr alle Altersklassen gut zug\u00e4nglich ist.<\/p>\n<p>Dar\u00fcber hinaus wird Vernada GEO kontinuierlich weiterentwickelt, um die neuesten wissenschaftlichen Erkenntnisse in die Technologie einflie\u00dfen zu lassen. Bei der Forschung wird besonderes Augenmerk darauf gelegt, dass das Ger\u00e4t eine universelle L\u00f6sung f\u00fcr die gr\u00f6\u00dften Herausforderungen der modernen Welt bietet, darunter die Bew\u00e4ltigung von physischem und psychischem Stress und die Unterst\u00fctzung der nat\u00fcrlichen Abwehrmechanismen des K\u00f6rpers.<\/p>\n<p>Vernada GEO bietet eine L\u00f6sung f\u00fcr alle, die K\u00f6rper und Geist im Gleichgewicht halten und gleichzeitig die negativen Auswirkungen von Umweltsch\u00e4den reduzieren m\u00f6chten. Dieses Ger\u00e4t ist nicht nur eine technologische Errungenschaft, sondern ein Schritt hin zu ganzheitlicher Gesundheitserhaltung und einem harmonischen Leben.<\/p>\n<p><a href=\"https:\/\/ai-xtech.eu\/termek\/garyaev-hullamgenetikai-matrixai\/\">\u00a0<\/a><\/p>","protected":false},"featured_media":7233,"comment_status":"closed","ping_status":"closed","template":"","meta":{"_angie_page":false,"site-sidebar-layout":"default","site-content-layout":"default","ast-site-content-layout":"default","site-content-style":"default","site-sidebar-style":"default","ast-global-header-display":"","ast-banner-title-visibility":"","ast-main-header-display":"","ast-hfb-above-header-display":"","ast-hfb-below-header-display":"","ast-hfb-mobile-header-display":"","site-post-title":"","ast-breadcrumbs-content":"","ast-featured-img":"","footer-sml-layout":"","ast-disable-related-posts":"","theme-transparent-header-meta":"default","adv-header-id-meta":"","stick-header-meta":"","header-above-stick-meta":"","header-main-stick-meta":"","header-below-stick-meta":"","astra-migrate-meta-layouts":"set","ast-page-background-enabled":"default","ast-page-background-meta":{"desktop":{"background-color":"","background-image":"","background-repeat":"repeat","background-position":"center center","background-size":"auto","background-attachment":"scroll","background-type":"","background-media":"","overlay-type":"","overlay-color":"","overlay-opacity":"","overlay-gradient":""},"tablet":{"background-color":"","background-image":"","background-repeat":"repeat","background-position":"center center","background-size":"auto","background-attachment":"scroll","background-type":"","background-media":"","overlay-type":"","overlay-color":"","overlay-opacity":"","overlay-gradient":""},"mobile":{"background-color":"","background-image":"","background-repeat":"repeat","background-position":"center center","background-size":"auto","background-attachment":"scroll","background-type":"","background-media":"","overlay-type":"","overlay-color":"","overlay-opacity":"","overlay-gradient":""}},"ast-content-background-meta":{"desktop":{"background-color":"var(--ast-global-color-5)","background-image":"","background-repeat":"repeat","background-position":"center center","background-size":"auto","background-attachment":"scroll","background-type":"","background-media":"","overlay-type":"","overlay-color":"","overlay-opacity":"","overlay-gradient":""},"tablet":{"background-color":"var(--ast-global-color-5)","background-image":"","background-repeat":"repeat","background-position":"center center","background-size":"auto","background-attachment":"scroll","background-type":"","background-media":"","overlay-type":"","overlay-color":"","overlay-opacity":"","overlay-gradient":""},"mobile":{"background-color":"var(--ast-global-color-5)","background-image":"","background-repeat":"repeat","background-position":"center center","background-size":"auto","background-attachment":"scroll","background-type":"","background-media":"","overlay-type":"","overlay-color":"","overlay-opacity":"","overlay-gradient":""}}},"product_brand":[],"product_cat":[22],"product_tag":[],"class_list":{"0":"post-6099","1":"product","2":"type-product","3":"status-publish","4":"has-post-thumbnail","6":"product_cat-hullamgenetikai-megoldasok","7":"product_shipping_class-free","8":"desktop-align-left","9":"tablet-align-left","10":"mobile-align-left","12":"first","13":"instock","14":"sale","15":"taxable","16":"shipping-taxable","17":"purchasable","18":"product-type-simple"},"_links":{"self":[{"href":"https:\/\/ai-xtech.eu\/de\/wp-json\/wp\/v2\/product\/6099","targetHints":{"allow":["GET"]}}],"collection":[{"href":"https:\/\/ai-xtech.eu\/de\/wp-json\/wp\/v2\/product"}],"about":[{"href":"https:\/\/ai-xtech.eu\/de\/wp-json\/wp\/v2\/types\/product"}],"replies":[{"embeddable":true,"href":"https:\/\/ai-xtech.eu\/de\/wp-json\/wp\/v2\/comments?post=6099"}],"version-history":[{"count":11,"href":"https:\/\/ai-xtech.eu\/de\/wp-json\/wp\/v2\/product\/6099\/revisions"}],"predecessor-version":[{"id":7991,"href":"https:\/\/ai-xtech.eu\/de\/wp-json\/wp\/v2\/product\/6099\/revisions\/7991"}],"wp:featuredmedia":[{"embeddable":true,"href":"https:\/\/ai-xtech.eu\/de\/wp-json\/wp\/v2\/media\/7233"}],"wp:attachment":[{"href":"https:\/\/ai-xtech.eu\/de\/wp-json\/wp\/v2\/media?parent=6099"}],"wp:term":[{"taxonomy":"product_brand","embeddable":true,"href":"https:\/\/ai-xtech.eu\/de\/wp-json\/wp\/v2\/product_brand?post=6099"},{"taxonomy":"product_cat","embeddable":true,"href":"https:\/\/ai-xtech.eu\/de\/wp-json\/wp\/v2\/product_cat?post=6099"},{"taxonomy":"product_tag","embeddable":true,"href":"https:\/\/ai-xtech.eu\/de\/wp-json\/wp\/v2\/product_tag?post=6099"}],"curies":[{"name":"wp","href":"https:\/\/api.w.org\/{rel}","templated":true}]}}