{"id":6469,"date":"2024-02-05T13:45:03","date_gmt":"2024-02-05T13:45:03","guid":{"rendered":"https:\/\/ai-xtech.eu\/?page_id=6469"},"modified":"2024-02-05T14:43:54","modified_gmt":"2024-02-05T14:43:54","slug":"p-p-garjajev","status":"publish","type":"page","link":"https:\/\/ai-xtech.eu\/de\/p-p-garjajev\/","title":{"rendered":"PP Garjaev"},"content":{"rendered":"<h2 class=\"wp-block-heading has-ast-global-color-5-background-color has-background\">Dr. Peter P. Garyaev, Doktor der Biowissenschaften, rans und RAMTN<\/h2>\n\n\n\n<figure class=\"wp-block-image size-full\"><img fetchpriority=\"high\" decoding=\"async\" width=\"250\" height=\"226\" src=\"https:\/\/ai-xtech.eu\/oordufup\/2024\/02\/garyaev.png\" alt=\"\" class=\"wp-image-6453\" srcset=\"https:\/\/ai-xtech.eu\/oordufup\/2024\/02\/garyaev.png 250w, https:\/\/ai-xtech.eu\/oordufup\/2024\/02\/garyaev-13x12.png 13w\" sizes=\"(max-width: 250px) 100vw, 250px\" \/><\/figure>\n\n\n\n<p class=\"has-ast-global-color-5-background-color has-background\">seit 1984,\u00a0<strong>Peter P. Garjaev<\/strong>\u00a0begann mit der Erforschung neuer Bereiche auf dem Gebiet der genetischen Kodierung und schuf 1994 einen neuen Trend in der Genetik \u2013 Genetics Wave, dann Lingvistiko \u2013 A Wave Genetics. In diesem Punkt\u00a0<strong>Peter P. Garyaev<\/strong>\u00a0in 1997. verteidigte seine Doktorarbeit Fryazino. Bauman am HIAC. Er wurde zum Akademiker von RANS und RAMTN und zum Mitglied der New York Academy of Sciences gew\u00e4hlt. In den Jahren 2001-2002\u00a0<strong>Peter P. Garyaev<\/strong>\u00a0, Kanada (Toronto), wo er experimentell die Richtigkeit der Grundideen von Lingvistiko \u2013 der Wellengenetik \u2013 best\u00e4tigte. 2013 gr\u00fcndete er das Unternehmen \u201eInstitute Of Quantum Genetics\u201c.<\/p>\n\n\n\n<p class=\"has-ast-global-color-5-background-color has-background\">T\u00e4tigkeit als leitender wissenschaftlicher Mitarbeiter und Gruppenleiter am Institut f\u00fcr physikalische und technische Probleme der Akademie der Wissenschaften der Sowjetunion (1984-1998)&nbsp;<strong>Peter P. Garjaev<\/strong>&nbsp;fanden zwei bisher unbekannte, ungew\u00f6hnliche Arten des DNA-Ged\u00e4chtnisses. Dies wurde mittels Laserkorrelationsspektroskopie aufgezeichnet.<\/p>\n\n\n\n<p class=\"has-ast-global-color-5-background-color has-background\">Der erste Typ ist die nichtlineare Dynamik (Akustik) der DNA mit R\u00fcckkehr von Prim\u00e4rmoden-Anregungen. Dies ist ein grundlegendes Ph\u00e4nomen (nicht DNA usw. Strukturen sind Organismen). Es ist in der Physik seit langem als \u201edas Ph\u00e4nomen von Fermi-Pasta-Ulam\u201c (siehe FPU) und die Anregung nichtlinearer Ged\u00e4chtnissysteme bekannt. Der genetische Apparat nutzt dieses Ph\u00e4nomen, um die Aufforderung zum Aufruf der holographischen Programme in seinen eigenen Chromosomen zu verarbeiten. Solche Anforderungen werden in den biologischen Systemen der Prozesse bei der Regeneration von Organen und Geweben verwirklicht, wenn wir die \u201eR\u00fcckkehr\u201c der Informationsstruktur der menschlichen Leber regenerieren, Klauen von Krebs, Schwanz einer Eidechse usw. nennen wollen. Diese \u201echecken\u201c nach unserer Forschung nicht nur DNA ein, sondern auch meine Nukleoproteine (Ribosomen), Proteine und Biostrukturen (Kollagen, extrazellul\u00e4re Matrix).<\/p>\n\n\n\n<p class=\"has-ast-global-color-5-background-color has-background\">Die zweite Art von Ged\u00e4chtnis ist der DNA-Phantomeffekt, also eine Ged\u00e4chtnisumgebung, die auf der dynamischen Wellenrolle von DNA-Molek\u00fclen mit dynamischem Wellencharakter basiert. Die Umgebung ist beispielsweise der Raum des K\u00fcvettenraums des Spektrometers oder Raum, lebende Zellen und Gewebe. Es wird auch von Organismen verwendet, um einen der Quantenzust\u00e4nde zu bringen.... Molek\u00fcle in Form von DNA-Phantomen. In der Praxis kann dies durch die k\u00fcnstliche Erstellung k\u00f6rpereigener Quantenmatrizen aus DNA-Fragmenten erreicht werden, die beim Menschen verloren gegangene DNA-Fragmente auff\u00fcllen und ersetzen und nicht zu genetischen Sch\u00e4den f\u00fchren. Zum Beispiel Mutation Nummer 508 bei Mukoviszidose.<\/p>\n\n\n\n<p class=\"has-ast-global-color-5-background-color has-background\">Ein weiterer wesentlicher Teil unserer Arbeit ist die Anpassung des aktuellen Kodierungsmodells im genetischen Apparat von Triplett-Proteinen. Die Essenz unserer Modifikationen besteht darin, dass das System der kontextuellen Orientierung von Ribosomen auf RNA im Prozess der Proteinbiosynthese realisiert wird. Das bedeutet, dass wir die starke Position realer (nicht metaphorischer) tekstovosti-Gene und quasi-denkender K\u00f6pfe in den Arsch des Genoms einf\u00fchren, wie ein Quantenbiocomputer. Verwendung des Konzepts fraktaler Dimensionen in Bezug auf die Bewusstseins- und Denkebenen biologischer Systeme. Und der letzte wichtige Punkt ist die Nutzung des \u201eBoma\u201c-Berkovica-Modells des Universums \u2013 f\u00fcr die praktische Anwendung unserer Technologien.<\/p>\n\n\n\n<p class=\"has-ast-global-color-5-background-color has-background\">Diese Phasen unserer Arbeit bildeten die Grundlage f\u00fcr die \u00dcberpr\u00fcfung und Erg\u00e4nzung der bereits herausragenden Funktionen der DNA bei der genetischen Kodierung. Lingvistiko \u2013 Wellengenomtheorie. Wir haben Dutzende wissenschaftlicher Artikel in Zusammenarbeit mit f\u00fchrenden Physikern der Moskauer Staatlichen Universit\u00e4t, FIANa, ISP RAS und ausl\u00e4ndischen Forschern ver\u00f6ffentlicht. Es wurden drei Monographien ver\u00f6ffentlicht (Autor\u00a0<strong>Peter P. Garyaev<\/strong>). Patente und Priorit\u00e4ten. Auf dieser Grundlage wurde eine grundlegend neue Korrekturtechnologie entwickelt, um ihre Gesundheit und ihr aktives Leben zu verl\u00e4ngern. Einer der wichtigsten Punkte der neuen Technologien ist die Quantenprogrammierung von Stammzellen durch nat\u00fcrliche Programme, die vom menschlichen K\u00f6rper genutzt werden.<\/p>\n\n\n\n<p class=\"has-ast-global-color-5-background-color has-background\"><strong>Peter P. Garjaev<\/strong>&nbsp;wurde f\u00fcr den Nobelpreis f\u00fcr Medizin nominiert, der 2021 verliehen wird.<\/p>\n\n\n\n<figure class=\"wp-block-image size-full\"><img decoding=\"async\" width=\"513\" height=\"695\" src=\"https:\/\/ai-xtech.eu\/oordufup\/2024\/02\/the-nobel-committee.jpg\" alt=\"\" class=\"wp-image-6509\" srcset=\"https:\/\/ai-xtech.eu\/oordufup\/2024\/02\/the-nobel-committee.jpg 513w, https:\/\/ai-xtech.eu\/oordufup\/2024\/02\/the-nobel-committee-221x300.jpg 221w, https:\/\/ai-xtech.eu\/oordufup\/2024\/02\/the-nobel-committee-9x12.jpg 9w\" sizes=\"(max-width: 513px) 100vw, 513px\" \/><\/figure>","protected":false},"excerpt":{"rendered":"<p>Dr. Peter P. Garyaev, a biol\u00f3giai tudom\u00e1nyok doktora, rans \u00e9s RAMTN 1984 \u00f3ta,\u00a0Peter P. Garjajev\u00a0kutatni kezdett \u00faj ter\u00fcleteken a genetikai k\u00f3dol\u00e1s teruleten \u00e9s 1994-ben l\u00e9trehozott egy \u00faj ir\u00e1nyzatot a genetika &#8211; Genetics Wave, majd Lingvistiko &#8211; A Wave Genetics. Ebben a t\u00e9m\u00e1ban\u00a0Peter P. Garyaev\u00a01997-ben. megv\u00e9dte doktori disszert\u00e1ci\u00f3j\u00e1t fryazino. Bauman a HIAC-ban. A RANS \u00e9s a [&hellip;]<\/p>\n","protected":false},"author":1,"featured_media":0,"parent":0,"menu_order":0,"comment_status":"closed","ping_status":"closed","template":"","meta":{"_angie_page":false,"site-sidebar-layout":"no-sidebar","site-content-layout":"page-builder","ast-site-content-layout":"full-width-container","site-content-style":"default","site-sidebar-style":"default","ast-global-header-display":"","ast-banner-title-visibility":"","ast-main-header-display":"","ast-hfb-above-header-display":"","ast-hfb-below-header-display":"","ast-hfb-mobile-header-display":"","site-post-title":"disabled","ast-breadcrumbs-content":"","ast-featured-img":"disabled","footer-sml-layout":"","ast-disable-related-posts":"","theme-transparent-header-meta":"","adv-header-id-meta":"","stick-header-meta":"","header-above-stick-meta":"","header-main-stick-meta":"","header-below-stick-meta":"","astra-migrate-meta-layouts":"set","ast-page-background-enabled":"default","ast-page-background-meta":{"desktop":{"background-color":"","background-image":"","background-repeat":"repeat","background-position":"center center","background-size":"auto","background-attachment":"scroll","background-type":"","background-media":"","overlay-type":"","overlay-color":"","overlay-opacity":"","overlay-gradient":""},"tablet":{"background-color":"","background-image":"","background-repeat":"repeat","background-position":"center center","background-size":"auto","background-attachment":"scroll","background-type":"","background-media":"","overlay-type":"","overlay-color":"","overlay-opacity":"","overlay-gradient":""},"mobile":{"background-color":"","background-image":"","background-repeat":"repeat","background-position":"center center","background-size":"auto","background-attachment":"scroll","background-type":"","background-media":"","overlay-type":"","overlay-color":"","overlay-opacity":"","overlay-gradient":""}},"ast-content-background-meta":{"desktop":{"background-color":"var(--ast-global-color-5)","background-image":"","background-repeat":"repeat","background-position":"center center","background-size":"auto","background-attachment":"scroll","background-type":"","background-media":"","overlay-type":"","overlay-color":"","overlay-opacity":"","overlay-gradient":""},"tablet":{"background-color":"var(--ast-global-color-5)","background-image":"","background-repeat":"repeat","background-position":"center center","background-size":"auto","background-attachment":"scroll","background-type":"","background-media":"","overlay-type":"","overlay-color":"","overlay-opacity":"","overlay-gradient":""},"mobile":{"background-color":"var(--ast-global-color-5)","background-image":"","background-repeat":"repeat","background-position":"center center","background-size":"auto","background-attachment":"scroll","background-type":"","background-media":"","overlay-type":"","overlay-color":"","overlay-opacity":"","overlay-gradient":""}},"footnotes":"[]"},"class_list":["post-6469","page","type-page","status-publish","hentry"],"_links":{"self":[{"href":"https:\/\/ai-xtech.eu\/de\/wp-json\/wp\/v2\/pages\/6469","targetHints":{"allow":["GET"]}}],"collection":[{"href":"https:\/\/ai-xtech.eu\/de\/wp-json\/wp\/v2\/pages"}],"about":[{"href":"https:\/\/ai-xtech.eu\/de\/wp-json\/wp\/v2\/types\/page"}],"author":[{"embeddable":true,"href":"https:\/\/ai-xtech.eu\/de\/wp-json\/wp\/v2\/users\/1"}],"replies":[{"embeddable":true,"href":"https:\/\/ai-xtech.eu\/de\/wp-json\/wp\/v2\/comments?post=6469"}],"version-history":[{"count":5,"href":"https:\/\/ai-xtech.eu\/de\/wp-json\/wp\/v2\/pages\/6469\/revisions"}],"predecessor-version":[{"id":6512,"href":"https:\/\/ai-xtech.eu\/de\/wp-json\/wp\/v2\/pages\/6469\/revisions\/6512"}],"wp:attachment":[{"href":"https:\/\/ai-xtech.eu\/de\/wp-json\/wp\/v2\/media?parent=6469"}],"curies":[{"name":"wp","href":"https:\/\/api.w.org\/{rel}","templated":true}]}}