{"id":1252,"date":"2021-08-02T17:41:44","date_gmt":"2021-08-02T17:41:44","guid":{"rendered":"https:\/\/ai-xtech.eu\/?page_id=1252"},"modified":"2023-07-24T08:13:06","modified_gmt":"2023-07-24T08:13:06","slug":"data-protection-guidelines","status":"publish","type":"page","link":"https:\/\/ai-xtech.eu\/de\/data-protection-guidelines\/","title":{"rendered":"Datenschutzrichtlinien Privacypolicy"},"content":{"rendered":"<h2 class=\"wp-block-heading\">Wer sind wir<\/h2>\n\n\n\n<p><strong class=\"privacy-policy-tutorial\"> <\/strong>Unsere Website-Adresse lautet: https:\/\/ai-xtech.eu.<\/p>\n\n\n\n<h2 class=\"wp-block-heading\">Kommentare<\/h2>\n\n\n\n<p>Bei der Abgabe eines Kommentars werden zus\u00e4tzlich zu den im Kommentarformular angegebenen Daten die IP-Adresse und die Browserkennung des Kommentierenden erfasst, um unerw\u00fcnschte Inhalte herauszufiltern.<\/p>\n\n\n\n<p>Eine aus der E-Mail-Adresse generierte anonymisierte Zeichenfolge (meist Hash genannt) wird bei der Nutzung auf der Seite an den Dienst Gravatar \u00fcbermittelt. Die Bedingungen des Gravatar-Dienstes k\u00f6nnen unter folgender Adresse eingesehen werden: https:\/\/automattic.com\/privacy\/. Nachdem der Kommentar akzeptiert wurde, werden der Inhalt unseres Kommentars und unser Profilbild \u00f6ffentlich angezeigt.<\/p>\n\n\n\n<h2 class=\"wp-block-heading\">Medien<\/h2>\n\n\n\n<p>Wenn ein Bild von einem registrierten Benutzer auf die Website hochgeladen wird, sollten EXIFs vermieden werden, die GPS-Positionsdaten enthalten. Website-Besucher k\u00f6nnen diese herunterladen und Standortdaten aus den Bildern auf der Website extrahieren.<\/p>\n\n\n\n<h2 class=\"wp-block-heading\">Kekse<\/h2>\n\n\n\n<p>Wenn Sie einen Kommentar auf der Website schreiben, werden der angegebene Name, die E-Mail-Adresse und die Website-Adresse in Cookies gespeichert. Die Speicherung dient der Bequemlichkeit, sodass Sie diese Felder beim n\u00e4chsten Posten nicht mehr ausf\u00fcllen m\u00fcssen. Das Ablaufdatum von Cookies betr\u00e4gt ein Jahr.<\/p>\n\n\n\n<p>Wenn Sie die Anmeldeseite besuchen, setzen wir tempor\u00e4re Cookies, um festzustellen, ob Ihr Browser Cookies akzeptiert. Diese Cookies enthalten keine personenbezogenen Daten und werden gel\u00f6scht, wenn Sie Ihren Browser schlie\u00dfen.<\/p>\n\n\n\n<p>Wenn Sie sich auf der Website anmelden, erstellen wir mehrere Cookies, die die Anmeldeinformationen und die Anzeigeoptionen der Bearbeitungsoberfl\u00e4che speichern. Login-Cookies sind zwei Tage g\u00fcltig, und Cookies, die die Anzeigeoptionen der Bearbeitungsoberfl\u00e4che speichern, sind ein Jahr g\u00fcltig. Wenn die Option \u201eMich merken\u201c ausgew\u00e4hlt wird, l\u00e4uft die Registrierung zwei Wochen lang weiter. Login-Cookies werden entfernt, wenn Sie sich abmelden.<\/p>\n\n\n\n<p>Wenn wir einen Beitrag oder eine Seite bearbeiten, speichert unser Browser ein weiteres Cookie. Dieses Cookie enth\u00e4lt keine personenbezogenen Daten, es speichert lediglich die ID-Nummer des von uns bearbeiteten Beitrags. Es l\u00e4uft an einem Tag ab.<\/p>\n\n\n\n<h2 class=\"wp-block-heading\">Eingebettete Inhalte von anderen Websites<\/h2>\n\n\n\n<p>Auf der Website verf\u00fcgbare Beitr\u00e4ge k\u00f6nnen eingebettete Inhalte aus externen Quellen verwenden (z. B. Videos, Bilder, Artikel usw.). Eingebettete Inhalte aus einer externen Quelle verhalten sich genau so, als ob Sie eine andere Website besucht h\u00e4tten.<\/p>\n\n\n\n<p>Diese Websites k\u00f6nnen Informationen \u00fcber Besucher sammeln, Cookies oder Tracking-Code von Drittanbietern verwenden, das Benutzerverhalten in Bezug auf eingebettete Inhalte \u00fcberwachen, wenn Sie ein Benutzerkonto haben und auf der Website angemeldet sind.<\/p>\n\n\n\n<h2 class=\"wp-block-heading\">Mit wem wir Benutzerdaten teilen<\/h2>\n\n\n\n<p>Wenn Sie ein Zur\u00fccksetzen des Passworts anfordern, wird die IP-Adresse in der E-Mail zum Zur\u00fccksetzen enthalten sein.<\/p>\n\n\n\n<h2 class=\"wp-block-heading\">Wie lange speichern wir personenbezogene Daten?<\/h2>\n\n\n\n<p>Wenn wir kommentieren, bleiben der Kommentar und seine Metadaten f\u00fcr einen unbestimmten Zeitraum im System. Dies hat den Zweck, dass alle nachfolgenden Kommentare bekannt werden und von uns freigegeben werden, d.h. sie erscheinen nicht auf der Liste der zu moderierenden Kommentare.<\/p>\n\n\n\n<p>Die personenbezogenen Daten der auf der Website registrierten Benutzer (falls vorhanden) werden auch in deren eigenen Benutzerprofilen gespeichert. Alle Benutzer k\u00f6nnen ihre pers\u00f6nlichen Daten jederzeit einsehen, bearbeiten oder l\u00f6schen (au\u00dfer dass sie ihren eigenen Benutzernamen nicht \u00e4ndern k\u00f6nnen). Website-Administratoren k\u00f6nnen diese Informationen auch anzeigen und bearbeiten.<\/p>\n\n\n\n<h2 class=\"wp-block-heading\">Welche Rechte hat der Nutzer in Bezug auf seine eigenen Daten<\/h2>\n\n\n\n<p>Im Falle eines registrierten Kontos oder des Schreibens eines Kommentars auf der Website ist es m\u00f6glich, die Zusendung personenbezogener Daten in einer Exportdatei anzufordern, die alle zuvor vom Benutzer bereitgestellten Daten enth\u00e4lt. Sie k\u00f6nnen auch verlangen, dass wir zuvor bereitgestellte personenbezogene Daten l\u00f6schen. Dies gilt nicht f\u00fcr Daten, die wir aus administrativen, rechtlichen oder Sicherheitsgr\u00fcnden aufbewahren m\u00fcssen.<\/p>\n\n\n\n<h2 class=\"wp-block-heading\">Wohin wir die Daten \u00fcbermitteln<\/h2>\n\n\n\n<p>Von Besuchern eingereichte Kommentare k\u00f6nnen von einem automatischen Spam-Filterdienst \u00fcberpr\u00fcft werden.<\/p>","protected":false},"excerpt":{"rendered":"<p>Kik vagyunk A weboldalunk c\u00edme: https:\/\/ai-xtech.eu. Hozz\u00e1sz\u00f3l\u00e1sok Hozz\u00e1sz\u00f3l\u00e1s bek\u00fcld\u00e9sekor a hozz\u00e1sz\u00f3l\u00e1si \u0171rlapban megadottakon k\u00edv\u00fcl begy\u0171jt\u00e9sre ker\u00fcl a hozz\u00e1sz\u00f3l\u00f3 IP c\u00edme \u00e9s a b\u00f6ng\u00e9sz\u0151azonos\u00edt\u00f3 karakterl\u00e1nc a k\u00e9retlen tartalmak kisz\u0171r\u00e9se c\u00e9lj\u00e1b\u00f3l. Egy szem\u00e9lytelen\u00edtett, az e-mail c\u00edmb\u0151l el\u0151\u00e1ll\u00edtott karakterl\u00e1nc (hashnek szok\u00e1s nevezni) ker\u00fcl tov\u00e1bb\u00edt\u00e1sra a Gravatar szolg\u00e1ltat\u00e1s fel\u00e9, ha ez az oldalon haszn\u00e1latban van. A Gravatar szolg\u00e1ltat\u00e1s felt\u00e9telei [&hellip;]<\/p>\n","protected":false},"author":1,"featured_media":0,"parent":0,"menu_order":0,"comment_status":"closed","ping_status":"closed","template":"","meta":{"_angie_page":false,"site-sidebar-layout":"default","site-content-layout":"default","ast-site-content-layout":"default","site-content-style":"default","site-sidebar-style":"default","ast-global-header-display":"","ast-banner-title-visibility":"","ast-main-header-display":"","ast-hfb-above-header-display":"","ast-hfb-below-header-display":"","ast-hfb-mobile-header-display":"","site-post-title":"","ast-breadcrumbs-content":"","ast-featured-img":"","footer-sml-layout":"","ast-disable-related-posts":"","theme-transparent-header-meta":"default","adv-header-id-meta":"","stick-header-meta":"","header-above-stick-meta":"","header-main-stick-meta":"","header-below-stick-meta":"","astra-migrate-meta-layouts":"default","ast-page-background-enabled":"default","ast-page-background-meta":{"desktop":{"background-color":"","background-image":"","background-repeat":"repeat","background-position":"center center","background-size":"auto","background-attachment":"scroll","background-type":"","background-media":"","overlay-type":"","overlay-color":"","overlay-opacity":"","overlay-gradient":""},"tablet":{"background-color":"","background-image":"","background-repeat":"repeat","background-position":"center center","background-size":"auto","background-attachment":"scroll","background-type":"","background-media":"","overlay-type":"","overlay-color":"","overlay-opacity":"","overlay-gradient":""},"mobile":{"background-color":"","background-image":"","background-repeat":"repeat","background-position":"center center","background-size":"auto","background-attachment":"scroll","background-type":"","background-media":"","overlay-type":"","overlay-color":"","overlay-opacity":"","overlay-gradient":""}},"ast-content-background-meta":{"desktop":{"background-color":"var(--ast-global-color-5)","background-image":"","background-repeat":"repeat","background-position":"center center","background-size":"auto","background-attachment":"scroll","background-type":"","background-media":"","overlay-type":"","overlay-color":"","overlay-opacity":"","overlay-gradient":""},"tablet":{"background-color":"var(--ast-global-color-5)","background-image":"","background-repeat":"repeat","background-position":"center center","background-size":"auto","background-attachment":"scroll","background-type":"","background-media":"","overlay-type":"","overlay-color":"","overlay-opacity":"","overlay-gradient":""},"mobile":{"background-color":"var(--ast-global-color-5)","background-image":"","background-repeat":"repeat","background-position":"center center","background-size":"auto","background-attachment":"scroll","background-type":"","background-media":"","overlay-type":"","overlay-color":"","overlay-opacity":"","overlay-gradient":""}},"footnotes":""},"class_list":["post-1252","page","type-page","status-publish","hentry"],"_links":{"self":[{"href":"https:\/\/ai-xtech.eu\/de\/wp-json\/wp\/v2\/pages\/1252","targetHints":{"allow":["GET"]}}],"collection":[{"href":"https:\/\/ai-xtech.eu\/de\/wp-json\/wp\/v2\/pages"}],"about":[{"href":"https:\/\/ai-xtech.eu\/de\/wp-json\/wp\/v2\/types\/page"}],"author":[{"embeddable":true,"href":"https:\/\/ai-xtech.eu\/de\/wp-json\/wp\/v2\/users\/1"}],"replies":[{"embeddable":true,"href":"https:\/\/ai-xtech.eu\/de\/wp-json\/wp\/v2\/comments?post=1252"}],"version-history":[{"count":4,"href":"https:\/\/ai-xtech.eu\/de\/wp-json\/wp\/v2\/pages\/1252\/revisions"}],"predecessor-version":[{"id":5377,"href":"https:\/\/ai-xtech.eu\/de\/wp-json\/wp\/v2\/pages\/1252\/revisions\/5377"}],"wp:attachment":[{"href":"https:\/\/ai-xtech.eu\/de\/wp-json\/wp\/v2\/media?parent=1252"}],"curies":[{"name":"wp","href":"https:\/\/api.w.org\/{rel}","templated":true}]}}