{"id":1250,"date":"2022-09-19T09:28:50","date_gmt":"2022-09-19T09:28:50","guid":{"rendered":"https:\/\/ai-xtech.eu\/?page_id=1250"},"modified":"2022-09-19T09:28:59","modified_gmt":"2022-09-19T09:28:59","slug":"cookie-policy","status":"publish","type":"page","link":"https:\/\/ai-xtech.eu\/de\/cookie-policy\/","title":{"rendered":"Cookie-Richtlinie"},"content":{"rendered":"<div class=\"cli_pg_page_contaner\">\n<h3>Cookie-Richtlinie<\/h3>\n<div>In dieser Cookie-Richtlinie wird erkl\u00e4rt, was Cookies sind und wie wir sie verwenden, welche Arten von Cookies wir verwenden, d. h. welche Informationen wir mithilfe von Cookies sammeln und wie diese Informationen verwendet werden, und wie wir die Cookie-Einstellungen steuern. Weitere Informationen dar\u00fcber, wie wir Ihre personenbezogenen Daten verwenden, speichern und sch\u00fctzen, finden Sie in unserer Datenschutzrichtlinie.<\/p>\n<p>Sie k\u00f6nnen Ihre Einwilligung jederzeit in der Cookie-Erkl\u00e4rung auf unserer Website \u00e4ndern oder widerrufen<br \/>\nErfahren Sie in unserer Datenschutzerkl\u00e4rung mehr dar\u00fcber, wer wir sind, wie Sie mit uns Kontakt aufnehmen k\u00f6nnen und wie wir personenbezogene Daten verarbeiten.<br \/>\nIhre Einwilligung gilt f\u00fcr folgende Domains: ai-xtech.eu<br \/>\n<div class=\"cli_user_consent_state\">Ihr aktueller Status: Keine Einwilligung erteilt. <a class=\"cli_manage_current_consent\" style=\"cursor:pointer;text-decoration:underline;\">Verwalten Sie Ihre Einwilligung<\/a> <\/div><\/p>\n<\/div>\n<h3>Was sind Cookies?<\/h3>\n<div>Cookies sind kleine Textdateien, die dazu dienen, kleine Informationen zu speichern. Sie werden beim Laden der Website im Browser auf dem Ger\u00e4t gespeichert. Diese Cookies tragen dazu bei, dass die Website ordnungsgem\u00e4\u00df funktioniert, machen sie sicherer, bieten ein besseres Benutzererlebnis und helfen uns, die Leistung der Website zu verstehen und zu analysieren, was funktioniert und wo Verbesserungen erforderlich sind.<\/div>\n<h3>Wie sollen Cookies verwendet werden?<\/h3>\n<div>Wie die meisten Online-Dienste verwendet unsere Website f\u00fcr verschiedene Zwecke Erst- und Drittanbieter-Cookies. Prim\u00e4re Cookies sind in den meisten F\u00e4llen erforderlich, damit die Website ordnungsgem\u00e4\u00df funktioniert, und sammeln keine personenbezogenen Daten. Auf unserer Website verwendete Cookies von Drittanbietern werden haupts\u00e4chlich verwendet, um zu verstehen, wie die Website funktioniert, wie Sie mit unserer Website interagieren, unsere Dienste sicher zu halten und Ihre Daten zu speichern stellt Ihnen relevante Anzeigen zur Verf\u00fcgung und sorgt f\u00fcr ein insgesamt immer besseres Benutzererlebnis und tr\u00e4gt dazu bei, zuk\u00fcnftige Interaktionen mit unserer Website zu beschleunigen.<\/div>\n<h3>Welche Art von Cookies verwenden wir?<\/h3>\n<div>Unverzichtbar: Einige Cookies sind unerl\u00e4sslich, damit Sie die volle Funktionalit\u00e4t unserer Website nutzen k\u00f6nnen. Sie erm\u00f6glichen es uns, Benutzersitzungen aufrechtzuerhalten und Sicherheitsbedrohungen zu verhindern. Sie erheben oder speichern keine personenbezogenen Daten. Mit diesen Cookies k\u00f6nnen Sie sich beispielsweise bei Ihrem Konto anmelden, Produkte in Ihren Warenkorb legen und sicher bezahlen. Statistiken: Diese Cookies speichern Informationen wie die Anzahl der Besucher der Website, die Anzahl der einzelnen Besucher und welche Seiten der Website wurden besucht, die Quelle des Besuchs usw. Diese Daten helfen Ihnen, die Leistung Ihrer Website zu verstehen und zu analysieren. und wo Verbesserungen n\u00f6tig sind.Marketing: Auf unserer Website werden Werbeanzeigen geschaltet. Wir verwenden diese Cookies, um die Ihnen angezeigten Anzeigen so zu personalisieren, dass sie f\u00fcr Sie von Bedeutung sind. Diese Cookies helfen auch dabei, die Wirksamkeit dieser Werbekampagnen zu verfolgen. Die in diesen Cookies gespeicherten Informationen k\u00f6nnen auch von externen Werbeanbietern verwendet werden, um Anzeigen auf anderen Websites des Browsers anzuzeigen. Funktional: Dies sind Cookies, die bestimmte nicht wesentliche Funktionen unterst\u00fctzen unsere Internetseite. Zu diesen Funktionen geh\u00f6rt das Einbetten von Inhalten wie Videos oder das Teilen von Inhalten der Website auf Social-Media-Plattformen. Pr\u00e4ferenzen: Diese Cookies helfen uns, Ihre Einstellungen und Browserpr\u00e4ferenzen wie Sprachpr\u00e4ferenzen zu speichern, damit Sie bei zuk\u00fcnftigen Besuchen der Website ein besseres und effizienteres Erlebnis haben.<p>In der folgenden Liste sind die auf unserer Website verwendeten Cookies aufgef\u00fchrt.<\/p><table class=\"cookielawinfo-row-cat-table cookielawinfo-classic\"><thead><tr><th class=\"cookielawinfo-column-1\">Cookie-Hinweis<\/th><th class=\"cookielawinfo-column-4\">Beschreibung<\/th><\/tr><\/thead><tbody><tr class=\"cookielawinfo-row\"><td class=\"cookielawinfo-column-1\">cookielawinfo-checkbox-analytics<\/td><td class=\"cookielawinfo-column-4\">Dieses Cookie wird vom DSGVO-Cookie-Zustimmungs-Plugin gesetzt. Das Cookie dient zur Speicherung der Nutzereinwilligung f\u00fcr die Cookies der Kategorie \u201eAnalytics\u201c.<\/td><\/tr><tr class=\"cookielawinfo-row\"><td class=\"cookielawinfo-column-1\">cookielawinfo-checkbox-funktional<\/td><td class=\"cookielawinfo-column-4\">Das Cookie wird durch die DSGVO-Cookie-Zustimmung gesetzt, um die Zustimmung des Benutzers f\u00fcr die Cookies in der Kategorie \u201eFunktional\u201c aufzuzeichnen.<\/td><\/tr><tr class=\"cookielawinfo-row\"><td class=\"cookielawinfo-column-1\">cookielawinfo-checkbox-notwendig<\/td><td class=\"cookielawinfo-column-4\">Dieses Cookie wird vom DSGVO-Cookie-Zustimmungs-Plugin gesetzt. Die Cookies dienen dazu, die Einwilligung des Nutzers f\u00fcr die Cookies der Kategorie \u201eNotwendig\u201c zu speichern.<\/td><\/tr><tr class=\"cookielawinfo-row\"><td class=\"cookielawinfo-column-1\">cookielawinfo-checkbox-others<\/td><td class=\"cookielawinfo-column-4\">Dieses Cookie wird vom DSGVO-Cookie-Zustimmungs-Plugin gesetzt. Das Cookie wird verwendet, um die Einwilligung des Nutzers f\u00fcr die Cookies in der Kategorie \u201eSonstige\u201c zu speichern.<\/td><\/tr><tr class=\"cookielawinfo-row\"><td class=\"cookielawinfo-column-1\">cookielawinfo-checkbox-performance<\/td><td class=\"cookielawinfo-column-4\">Dieses Cookie wird vom DSGVO-Cookie-Zustimmungs-Plugin gesetzt. Das Cookie dient zur Speicherung der Nutzereinwilligung f\u00fcr die Cookies der Kategorie \u201eLeistung\u201c.<\/td><\/tr><tr class=\"cookielawinfo-row\"><td class=\"cookielawinfo-column-1\">angesehene_cookie_policy<\/td><td class=\"cookielawinfo-column-4\">Das Cookie wird vom DSGVO-Cookie-Consent-Plugin gesetzt und dient dazu, zu speichern, ob der Benutzer der Verwendung von Cookies zugestimmt hat oder nicht. Es werden keine personenbezogenen Daten gespeichert.<\/td><\/tr><\/tbody><\/table><\/div>\n<h3>Wie kann ich die Cookie-Einstellungen steuern?<\/h3>\n<div>Wenn Sie Ihre Einstellungen sp\u00e4ter w\u00e4hrend Ihrer Browsersitzung \u00e4ndern m\u00f6chten, klicken Sie auf dem Bildschirm auf die Registerkarte \u201eDatenschutz- und Cookie-Richtlinie\u201c. Daraufhin wird erneut die Einwilligungserkl\u00e4rung angezeigt, sodass Sie Ihre Einstellungen \u00e4ndern oder Ihre Einwilligung vollst\u00e4ndig widerrufen k\u00f6nnen. Dar\u00fcber hinaus bieten verschiedene Browser unterschiedliche M\u00f6glichkeiten, von Websites verwendete Cookies zu blockieren und zu l\u00f6schen. Sie k\u00f6nnen Ihre Browsereinstellungen \u00e4ndern, um Cookies zu blockieren\/l\u00f6schen. Um mehr \u00fcber das Verwalten und L\u00f6schen von Cookies zu erfahren, besuchen Sie wikipedia.org, www.allaboutcookies.org.<\/div>\n<\/div>","protected":false},"excerpt":{"rendered":"<p>Cookie policy This Cookie Policy explains what cookies are and how we use them, the types of cookies we use i.e, the information we collect using cookies and how that information is used, and how to control the cookie preferences. For further information on how we use, store, and keep your personal data secure, see [&hellip;]<\/p>\n","protected":false},"author":1,"featured_media":0,"parent":0,"menu_order":0,"comment_status":"closed","ping_status":"closed","template":"","meta":{"_angie_page":false,"site-sidebar-layout":"default","site-content-layout":"","ast-site-content-layout":"default","site-content-style":"default","site-sidebar-style":"default","ast-global-header-display":"","ast-banner-title-visibility":"","ast-main-header-display":"","ast-hfb-above-header-display":"","ast-hfb-below-header-display":"","ast-hfb-mobile-header-display":"","site-post-title":"","ast-breadcrumbs-content":"","ast-featured-img":"","footer-sml-layout":"","ast-disable-related-posts":"","theme-transparent-header-meta":"","adv-header-id-meta":"","stick-header-meta":"","header-above-stick-meta":"","header-main-stick-meta":"","header-below-stick-meta":"","astra-migrate-meta-layouts":"default","ast-page-background-enabled":"default","ast-page-background-meta":{"desktop":{"background-color":"","background-image":"","background-repeat":"repeat","background-position":"center center","background-size":"auto","background-attachment":"scroll","background-type":"","background-media":"","overlay-type":"","overlay-color":"","overlay-opacity":"","overlay-gradient":""},"tablet":{"background-color":"","background-image":"","background-repeat":"repeat","background-position":"center center","background-size":"auto","background-attachment":"scroll","background-type":"","background-media":"","overlay-type":"","overlay-color":"","overlay-opacity":"","overlay-gradient":""},"mobile":{"background-color":"","background-image":"","background-repeat":"repeat","background-position":"center center","background-size":"auto","background-attachment":"scroll","background-type":"","background-media":"","overlay-type":"","overlay-color":"","overlay-opacity":"","overlay-gradient":""}},"ast-content-background-meta":{"desktop":{"background-color":"var(--ast-global-color-5)","background-image":"","background-repeat":"repeat","background-position":"center center","background-size":"auto","background-attachment":"scroll","background-type":"","background-media":"","overlay-type":"","overlay-color":"","overlay-opacity":"","overlay-gradient":""},"tablet":{"background-color":"var(--ast-global-color-5)","background-image":"","background-repeat":"repeat","background-position":"center center","background-size":"auto","background-attachment":"scroll","background-type":"","background-media":"","overlay-type":"","overlay-color":"","overlay-opacity":"","overlay-gradient":""},"mobile":{"background-color":"var(--ast-global-color-5)","background-image":"","background-repeat":"repeat","background-position":"center center","background-size":"auto","background-attachment":"scroll","background-type":"","background-media":"","overlay-type":"","overlay-color":"","overlay-opacity":"","overlay-gradient":""}},"footnotes":""},"class_list":["post-1250","page","type-page","status-publish","hentry"],"_links":{"self":[{"href":"https:\/\/ai-xtech.eu\/de\/wp-json\/wp\/v2\/pages\/1250","targetHints":{"allow":["GET"]}}],"collection":[{"href":"https:\/\/ai-xtech.eu\/de\/wp-json\/wp\/v2\/pages"}],"about":[{"href":"https:\/\/ai-xtech.eu\/de\/wp-json\/wp\/v2\/types\/page"}],"author":[{"embeddable":true,"href":"https:\/\/ai-xtech.eu\/de\/wp-json\/wp\/v2\/users\/1"}],"replies":[{"embeddable":true,"href":"https:\/\/ai-xtech.eu\/de\/wp-json\/wp\/v2\/comments?post=1250"}],"version-history":[{"count":2,"href":"https:\/\/ai-xtech.eu\/de\/wp-json\/wp\/v2\/pages\/1250\/revisions"}],"predecessor-version":[{"id":2676,"href":"https:\/\/ai-xtech.eu\/de\/wp-json\/wp\/v2\/pages\/1250\/revisions\/2676"}],"wp:attachment":[{"href":"https:\/\/ai-xtech.eu\/de\/wp-json\/wp\/v2\/media?parent=1250"}],"curies":[{"name":"wp","href":"https:\/\/api.w.org\/{rel}","templated":true}]}}